{"id":9024,"date":"2022-05-23T13:56:55","date_gmt":"2022-05-23T13:56:55","guid":{"rendered":"https:\/\/almacentecno.com.ar\/?post_type=product&#038;p=9024"},"modified":"2025-05-26T21:17:54","modified_gmt":"2025-05-26T21:17:54","slug":"adaptador-wifi-usb-nano-antena-5dbi-wifi-300mbps","status":"publish","type":"product","link":"https:\/\/almacentecno.com.ar\/index.php\/product\/adaptador-wifi-usb-nano-antena-5dbi-wifi-300mbps\/","title":{"rendered":"Adaptador Wifi Usb Nano Antena 5dbi Wifi 300mbps"},"content":{"rendered":"<p>Velocidad inal\u00e1mbrica de hasta 300 Mbps, ideal para navegar por internet y juegos en l\u00ednea<br \/>\nCumple con los est\u00e1ndares IEEE 802.11n (borrador 2,0), IEEE 802,11g, IEEE 802.11b.<br \/>\nCompatible con WEP de 64\/128 bits, as\u00ed como encriptaciones WPA\/WPA2 y WPA-PSK\/WPA2-PSK<br \/>\nCompatible con sistema operativo WIN2000, XP, VISTA, WIN7, WIN8, WIN10<br \/>\nPerfectamente compatible con dispositivos 802.11b\/gn<\/p>\n<p>Especificacion<br \/>\nNombre del art\u00edculo: adaptador WiFi<br \/>\nVelocidad de transmisi\u00f3n: 300 Mbps<br \/>\nGanancia de antena: 5dBi<br \/>\nInterfaz: USB 2,0\/1,1 de alta velocidad<br \/>\nEst\u00e1ndares inal\u00e1mbricos: IEEE 802.b\/ g\/n<br \/>\nRango de frecuencia: 2,4 ~ 2,4835 GHz<br \/>\nPotencia RF: 20 DBM (m\u00e1x.)<br \/>\nColor: Negro<br \/>\nSistema operativo compatible con Windows 7\/8\/10\/XP\/Vista, etc.<\/p>\n","protected":false},"excerpt":{"rendered":"<p>Velocidad inal\u00e1mbrica de hasta 300 Mbps, ideal para navegar por internet y juegos en l\u00ednea Cumple con los est\u00e1ndares IEEE<\/p>\n","protected":false},"featured_media":9027,"comment_status":"open","ping_status":"closed","template":"","meta":{"_joinchat":[]},"product_cat":[73,75],"product_tag":[],"class_list":{"0":"post-9024","1":"product","2":"type-product","3":"status-publish","4":"has-post-thumbnail","6":"product_cat-cables-y-adaptadores","7":"product_cat-computacion","9":"first","10":"instock","11":"shipping-taxable","12":"purchasable","13":"product-type-simple"},"jetpack_sharing_enabled":true,"_links":{"self":[{"href":"https:\/\/almacentecno.com.ar\/index.php\/wp-json\/wp\/v2\/product\/9024"}],"collection":[{"href":"https:\/\/almacentecno.com.ar\/index.php\/wp-json\/wp\/v2\/product"}],"about":[{"href":"https:\/\/almacentecno.com.ar\/index.php\/wp-json\/wp\/v2\/types\/product"}],"replies":[{"embeddable":true,"href":"https:\/\/almacentecno.com.ar\/index.php\/wp-json\/wp\/v2\/comments?post=9024"}],"version-history":[{"count":1,"href":"https:\/\/almacentecno.com.ar\/index.php\/wp-json\/wp\/v2\/product\/9024\/revisions"}],"predecessor-version":[{"id":9028,"href":"https:\/\/almacentecno.com.ar\/index.php\/wp-json\/wp\/v2\/product\/9024\/revisions\/9028"}],"wp:featuredmedia":[{"embeddable":true,"href":"https:\/\/almacentecno.com.ar\/index.php\/wp-json\/wp\/v2\/media\/9027"}],"wp:attachment":[{"href":"https:\/\/almacentecno.com.ar\/index.php\/wp-json\/wp\/v2\/media?parent=9024"}],"wp:term":[{"taxonomy":"product_cat","embeddable":true,"href":"https:\/\/almacentecno.com.ar\/index.php\/wp-json\/wp\/v2\/product_cat?post=9024"},{"taxonomy":"product_tag","embeddable":true,"href":"https:\/\/almacentecno.com.ar\/index.php\/wp-json\/wp\/v2\/product_tag?post=9024"}],"curies":[{"name":"wp","href":"https:\/\/api.w.org\/{rel}","templated":true}]}}