{"id":9011,"date":"2022-05-22T18:30:38","date_gmt":"2022-05-22T18:30:38","guid":{"rendered":"https:\/\/almacentecno.com.ar\/?post_type=product&#038;p=9011"},"modified":"2024-10-10T21:22:43","modified_gmt":"2024-10-10T21:22:43","slug":"balanza-de-cocina-digital-pesa-hasta-10kg-blanca","status":"publish","type":"product","link":"https:\/\/almacentecno.com.ar\/index.php\/product\/balanza-de-cocina-digital-pesa-hasta-10kg-blanca\/","title":{"rendered":"Balanza de cocina digital pesa hasta 10kg blanca"},"content":{"rendered":"<p>La balanza de cocina tiene funci\u00f3n TARA, que te permite calcular el peso del recipiente que est\u00e1s utilizando, para luego volver a 0 y que puedas pesar los ingredientes de tu receta sin errores.<br \/>\nTambi\u00e9n cuenta con indicador de bater\u00eda baja y apagado autom\u00e1tico.<\/p>\n<p>Ideal para vos<br \/>\nSu sistema digital se destaca por su precisi\u00f3n, ya que brinda valores de gran exactitud con un m\u00ednimo margen de error.<\/p>\n<p>Precisi\u00f3n y confiabilidad<br \/>\nSi cocin\u00e1s en grandes cantidades, esta balanza es lo que necesit\u00e1s. Con una capacidad m\u00e1xima de 10 kg, es ideal tanto para uso dom\u00e9stico como profesional, permiti\u00e9ndote pesar cada uno de los alimentos sin necesidad de dividirlos en partes.<br \/>\nPor otro lado, su sensibilidad de 1 g es capaz de detectar valores muy reducidos, pudiendo medir hasta la m\u00ednima cantidad del condimento estrella que le dar\u00e1 la marca personal a tus comidas.<\/p>\n","protected":false},"excerpt":{"rendered":"<p>La balanza de cocina tiene funci\u00f3n TARA, que te permite calcular el peso del recipiente que est\u00e1s utilizando, para luego<\/p>\n","protected":false},"featured_media":9012,"comment_status":"open","ping_status":"closed","template":"","meta":{"_joinchat":[]},"product_cat":[79],"product_tag":[],"class_list":{"0":"post-9011","1":"product","2":"type-product","3":"status-publish","4":"has-post-thumbnail","6":"product_cat-electrodomesticos","8":"first","9":"instock","10":"shipping-taxable","11":"purchasable","12":"product-type-simple"},"jetpack_sharing_enabled":true,"_links":{"self":[{"href":"https:\/\/almacentecno.com.ar\/index.php\/wp-json\/wp\/v2\/product\/9011"}],"collection":[{"href":"https:\/\/almacentecno.com.ar\/index.php\/wp-json\/wp\/v2\/product"}],"about":[{"href":"https:\/\/almacentecno.com.ar\/index.php\/wp-json\/wp\/v2\/types\/product"}],"replies":[{"embeddable":true,"href":"https:\/\/almacentecno.com.ar\/index.php\/wp-json\/wp\/v2\/comments?post=9011"}],"version-history":[{"count":1,"href":"https:\/\/almacentecno.com.ar\/index.php\/wp-json\/wp\/v2\/product\/9011\/revisions"}],"predecessor-version":[{"id":9014,"href":"https:\/\/almacentecno.com.ar\/index.php\/wp-json\/wp\/v2\/product\/9011\/revisions\/9014"}],"wp:featuredmedia":[{"embeddable":true,"href":"https:\/\/almacentecno.com.ar\/index.php\/wp-json\/wp\/v2\/media\/9012"}],"wp:attachment":[{"href":"https:\/\/almacentecno.com.ar\/index.php\/wp-json\/wp\/v2\/media?parent=9011"}],"wp:term":[{"taxonomy":"product_cat","embeddable":true,"href":"https:\/\/almacentecno.com.ar\/index.php\/wp-json\/wp\/v2\/product_cat?post=9011"},{"taxonomy":"product_tag","embeddable":true,"href":"https:\/\/almacentecno.com.ar\/index.php\/wp-json\/wp\/v2\/product_tag?post=9011"}],"curies":[{"name":"wp","href":"https:\/\/api.w.org\/{rel}","templated":true}]}}