{"id":9007,"date":"2022-05-22T18:22:52","date_gmt":"2022-05-22T18:22:52","guid":{"rendered":"https:\/\/almacentecno.com.ar\/?post_type=product&#038;p=9007"},"modified":"2026-02-20T21:49:07","modified_gmt":"2026-02-20T21:49:07","slug":"lampara-proyector-de-estrellas-para-ninos","status":"publish","type":"product","link":"https:\/\/almacentecno.com.ar\/index.php\/product\/lampara-proyector-de-estrellas-para-ninos\/","title":{"rendered":"L\u00e1mpara Proyector De Estrellas Para Ni\u00f1os"},"content":{"rendered":"<p>LAMPARA VELADOR INFANTIL<br \/>\nProyector de Estrellas<\/p>\n<p>L\u00e1mpara proyectora Magic Diamond. Funciona como luz de noche para que los peque\u00f1os en casa duerman mejor, o como proyector para darle un toque especial a tus fiestas. Recargable, USB, y funci\u00f3n a pilas (4 pilas AAA, no incluidas)<\/p>\n<p>La Caja Incluye:<br \/>\n-Lampara Proyector<br \/>\n-Cable Usb<br \/>\n-Gu\u00eda de Usuario<\/p>\n<p>&#8211; Sistema Giratorio<br \/>\n&#8211; Funciona con 4 pilas AAA \u00f3 con cable USB (cable inclu\u00eddo)<br \/>\n&#8211; Mide 14 cm alto x 14 cm di\u00e1metro<br \/>\n&#8211; Ideal para decorar y ambientar el dormitorio de tus hijos<\/p>\n<p>CARACTER\u00cdSTICAS:<br \/>\n* MATERIAL: Pl\u00e1stico<br \/>\n* FUENTE DE LUZ: 4 Bombillas Led<br \/>\n* PESO: 277 gramos<br \/>\n* POTENCIA: 0-5w<\/p>\n","protected":false},"excerpt":{"rendered":"<p>LAMPARA VELADOR INFANTIL Proyector de Estrellas L\u00e1mpara proyectora Magic Diamond. Funciona como luz de noche para que los peque\u00f1os en<\/p>\n","protected":false},"featured_media":9008,"comment_status":"open","ping_status":"closed","template":"","meta":{"_joinchat":[]},"product_cat":[42],"product_tag":[],"class_list":{"0":"post-9007","1":"product","2":"type-product","3":"status-publish","4":"has-post-thumbnail","6":"product_cat-iluminacion","8":"first","9":"instock","10":"shipping-taxable","11":"purchasable","12":"product-type-simple"},"jetpack_sharing_enabled":true,"_links":{"self":[{"href":"https:\/\/almacentecno.com.ar\/index.php\/wp-json\/wp\/v2\/product\/9007"}],"collection":[{"href":"https:\/\/almacentecno.com.ar\/index.php\/wp-json\/wp\/v2\/product"}],"about":[{"href":"https:\/\/almacentecno.com.ar\/index.php\/wp-json\/wp\/v2\/types\/product"}],"replies":[{"embeddable":true,"href":"https:\/\/almacentecno.com.ar\/index.php\/wp-json\/wp\/v2\/comments?post=9007"}],"version-history":[{"count":1,"href":"https:\/\/almacentecno.com.ar\/index.php\/wp-json\/wp\/v2\/product\/9007\/revisions"}],"predecessor-version":[{"id":9010,"href":"https:\/\/almacentecno.com.ar\/index.php\/wp-json\/wp\/v2\/product\/9007\/revisions\/9010"}],"wp:featuredmedia":[{"embeddable":true,"href":"https:\/\/almacentecno.com.ar\/index.php\/wp-json\/wp\/v2\/media\/9008"}],"wp:attachment":[{"href":"https:\/\/almacentecno.com.ar\/index.php\/wp-json\/wp\/v2\/media?parent=9007"}],"wp:term":[{"taxonomy":"product_cat","embeddable":true,"href":"https:\/\/almacentecno.com.ar\/index.php\/wp-json\/wp\/v2\/product_cat?post=9007"},{"taxonomy":"product_tag","embeddable":true,"href":"https:\/\/almacentecno.com.ar\/index.php\/wp-json\/wp\/v2\/product_tag?post=9007"}],"curies":[{"name":"wp","href":"https:\/\/api.w.org\/{rel}","templated":true}]}}