{"id":8995,"date":"2022-05-22T17:51:27","date_gmt":"2022-05-22T17:51:27","guid":{"rendered":"https:\/\/almacentecno.com.ar\/?post_type=product&#038;p=8995"},"modified":"2026-04-15T00:20:49","modified_gmt":"2026-04-15T00:20:49","slug":"radio-portatil-philips-ae1530-00-am-fm-tamano-bolsillo","status":"publish","type":"product","link":"https:\/\/almacentecno.com.ar\/index.php\/product\/radio-portatil-philips-ae1530-00-am-fm-tamano-bolsillo\/","title":{"rendered":"Radio Port\u00e1til Suono Am\/Fm Tama\u00f1o Bolsillo"},"content":{"rendered":"<p>Radio port\u00e1til Suono tama\u00f1o bolsillo<\/p>\n<p>-Sintonizador AM\/FM<\/p>\n<p>-Sonido claro y de gran calidad en cualquier lugar<\/p>\n<p>-F\u00e1cil de usar<\/p>\n<p>-\u00danico control para ajustar el volumen, apagar y encender el dispositivo<\/p>\n<p>-Altavoz integrado<\/p>\n<p>-Toma para auriculares est\u00e9reo para mayor disfrute de la m\u00fasica<br \/>\n.<br \/>\n-Baterias AAA: 2 (No inc)<\/p>\n","protected":false},"excerpt":{"rendered":"<p>Radio port\u00e1til Suono tama\u00f1o bolsillo -Sintonizador AM\/FM -Sonido claro y de gran calidad en cualquier lugar -F\u00e1cil de usar -\u00danico<\/p>\n","protected":false},"featured_media":11220,"comment_status":"open","ping_status":"closed","template":"","meta":{"_joinchat":[]},"product_cat":[78],"product_tag":[],"class_list":{"0":"post-8995","1":"product","2":"type-product","3":"status-publish","4":"has-post-thumbnail","6":"product_cat-equipos-de-sonido","8":"first","9":"outofstock","10":"shipping-taxable","11":"purchasable","12":"product-type-simple"},"jetpack_sharing_enabled":true,"_links":{"self":[{"href":"https:\/\/almacentecno.com.ar\/index.php\/wp-json\/wp\/v2\/product\/8995"}],"collection":[{"href":"https:\/\/almacentecno.com.ar\/index.php\/wp-json\/wp\/v2\/product"}],"about":[{"href":"https:\/\/almacentecno.com.ar\/index.php\/wp-json\/wp\/v2\/types\/product"}],"replies":[{"embeddable":true,"href":"https:\/\/almacentecno.com.ar\/index.php\/wp-json\/wp\/v2\/comments?post=8995"}],"version-history":[{"count":3,"href":"https:\/\/almacentecno.com.ar\/index.php\/wp-json\/wp\/v2\/product\/8995\/revisions"}],"predecessor-version":[{"id":11221,"href":"https:\/\/almacentecno.com.ar\/index.php\/wp-json\/wp\/v2\/product\/8995\/revisions\/11221"}],"wp:featuredmedia":[{"embeddable":true,"href":"https:\/\/almacentecno.com.ar\/index.php\/wp-json\/wp\/v2\/media\/11220"}],"wp:attachment":[{"href":"https:\/\/almacentecno.com.ar\/index.php\/wp-json\/wp\/v2\/media?parent=8995"}],"wp:term":[{"taxonomy":"product_cat","embeddable":true,"href":"https:\/\/almacentecno.com.ar\/index.php\/wp-json\/wp\/v2\/product_cat?post=8995"},{"taxonomy":"product_tag","embeddable":true,"href":"https:\/\/almacentecno.com.ar\/index.php\/wp-json\/wp\/v2\/product_tag?post=8995"}],"curies":[{"name":"wp","href":"https:\/\/api.w.org\/{rel}","templated":true}]}}