{"id":8991,"date":"2022-05-22T17:45:57","date_gmt":"2022-05-22T17:45:57","guid":{"rendered":"https:\/\/almacentecno.com.ar\/?post_type=product&#038;p=8991"},"modified":"2024-06-13T01:58:08","modified_gmt":"2024-06-13T01:58:08","slug":"pendrive-kingston-64-gb-dt-exodia-usb-3-2","status":"publish","type":"product","link":"https:\/\/almacentecno.com.ar\/index.php\/product\/pendrive-kingston-64-gb-dt-exodia-usb-3-2\/","title":{"rendered":"Pendrive Kingston 64 Gb Dt Exodia Usb 3.2"},"content":{"rendered":"<p>Pendrive 64 gb Kingston Originales Exodia USB 3.2<\/p>\n<p>\u2022 Almacenamiento para todos tus contenidos<br \/>\nDesde hace m\u00e1s de 30 a\u00f1os, Kingston fabrica productos con la m\u00e1s alta calidad del mercado. Encontrar\u00e1s en esta marca compatibilidad, practicidad y garant\u00eda de por vida. Las unidades Kingston permiten el almacenamiento de fotos, m\u00fasica, v\u00eddeo y mucho m\u00e1s.<\/p>\n<p>\u2022 Capacidad adaptada a tus requerimientos<br \/>\nEste pendrive te permitir\u00e1 almacenar hasta 64 GB para que puedas guardar gran cantidad de informaci\u00f3n, im\u00e1genes u otros tipos de archivos.<\/p>\n<p>\u2022 Conectividad USB innovadora<br \/>\nSu tecnolog\u00eda 3.2 Gen 1 brinda una velocidad de lectura mayor que las memorias tradicionales.<\/p>\n<p>\u2022 M\u00e1s seguro y pr\u00e1ctico<br \/>\nCon este dispositivo podr\u00e1s mantener tus archivos siempre protegidos. Adem\u00e1s su uso es muy pr\u00e1ctico: solo debes conectarlo al aparato y arrastrar los archivos hasta la unidad.<\/p>\n<p>\u2022 Llevalo siempre con vos<br \/>\nCuenta con un dise\u00f1o super compacto, delgado y resistente para que puedas llevarlo adonde vayas. \u00a1Podr\u00e1s usarlo y transportarlo con facilidad cuando te muevas de un lado al otro!<\/p>\n","protected":false},"excerpt":{"rendered":"<p>Pendrive 64 gb Kingston Originales Exodia USB 3.2 \u2022 Almacenamiento para todos tus contenidos Desde hace m\u00e1s de 30 a\u00f1os,<\/p>\n","protected":false},"featured_media":8993,"comment_status":"open","ping_status":"closed","template":"","meta":{"_joinchat":[]},"product_cat":[74],"product_tag":[],"class_list":{"0":"post-8991","1":"product","2":"type-product","3":"status-publish","4":"has-post-thumbnail","6":"product_cat-almacenamiento","8":"first","9":"instock","10":"shipping-taxable","11":"purchasable","12":"product-type-simple"},"jetpack_sharing_enabled":true,"_links":{"self":[{"href":"https:\/\/almacentecno.com.ar\/index.php\/wp-json\/wp\/v2\/product\/8991"}],"collection":[{"href":"https:\/\/almacentecno.com.ar\/index.php\/wp-json\/wp\/v2\/product"}],"about":[{"href":"https:\/\/almacentecno.com.ar\/index.php\/wp-json\/wp\/v2\/types\/product"}],"replies":[{"embeddable":true,"href":"https:\/\/almacentecno.com.ar\/index.php\/wp-json\/wp\/v2\/comments?post=8991"}],"version-history":[{"count":1,"href":"https:\/\/almacentecno.com.ar\/index.php\/wp-json\/wp\/v2\/product\/8991\/revisions"}],"predecessor-version":[{"id":8994,"href":"https:\/\/almacentecno.com.ar\/index.php\/wp-json\/wp\/v2\/product\/8991\/revisions\/8994"}],"wp:featuredmedia":[{"embeddable":true,"href":"https:\/\/almacentecno.com.ar\/index.php\/wp-json\/wp\/v2\/media\/8993"}],"wp:attachment":[{"href":"https:\/\/almacentecno.com.ar\/index.php\/wp-json\/wp\/v2\/media?parent=8991"}],"wp:term":[{"taxonomy":"product_cat","embeddable":true,"href":"https:\/\/almacentecno.com.ar\/index.php\/wp-json\/wp\/v2\/product_cat?post=8991"},{"taxonomy":"product_tag","embeddable":true,"href":"https:\/\/almacentecno.com.ar\/index.php\/wp-json\/wp\/v2\/product_tag?post=8991"}],"curies":[{"name":"wp","href":"https:\/\/api.w.org\/{rel}","templated":true}]}}