{"id":8979,"date":"2022-05-21T23:42:32","date_gmt":"2022-05-21T23:42:32","guid":{"rendered":"https:\/\/almacentecno.com.ar\/?post_type=product&#038;p=8979"},"modified":"2024-10-11T04:56:35","modified_gmt":"2024-10-11T04:56:35","slug":"pendrive-usb-sandisk-cruzer-blade-32gb","status":"publish","type":"product","link":"https:\/\/almacentecno.com.ar\/index.php\/product\/pendrive-usb-sandisk-cruzer-blade-32gb\/","title":{"rendered":"Pendrive Usb Sandisk Cruzer Blade 32gb"},"content":{"rendered":"<p>Pendrive USB SanDisk Cruzer 32GB<\/p>\n<p>La unidad USB cuenta con m\u00faltiples interfaces para que puedas transferir fotos, m\u00fasica y otros documentos entre computadoras, tel\u00e9fonos, tablets y dispositivos inteligentes.<\/p>\n<p>Capacidad adaptada a tus requerimientos<br \/>\nAsimismo, este pendrive te permitir\u00e1 almacenar hasta 32 B para que puedas guardar gran cantidad de informaci\u00f3n, im\u00e1genes u otros tipos de archivos.<\/p>\n","protected":false},"excerpt":{"rendered":"<p>Pendrive USB SanDisk Cruzer 32GB La unidad USB cuenta con m\u00faltiples interfaces para que puedas transferir fotos, m\u00fasica y otros<\/p>\n","protected":false},"featured_media":8981,"comment_status":"open","ping_status":"closed","template":"","meta":{"_joinchat":[]},"product_cat":[74],"product_tag":[],"class_list":{"0":"post-8979","1":"product","2":"type-product","3":"status-publish","4":"has-post-thumbnail","6":"product_cat-almacenamiento","8":"first","9":"instock","10":"shipping-taxable","11":"purchasable","12":"product-type-simple"},"jetpack_sharing_enabled":true,"_links":{"self":[{"href":"https:\/\/almacentecno.com.ar\/index.php\/wp-json\/wp\/v2\/product\/8979"}],"collection":[{"href":"https:\/\/almacentecno.com.ar\/index.php\/wp-json\/wp\/v2\/product"}],"about":[{"href":"https:\/\/almacentecno.com.ar\/index.php\/wp-json\/wp\/v2\/types\/product"}],"replies":[{"embeddable":true,"href":"https:\/\/almacentecno.com.ar\/index.php\/wp-json\/wp\/v2\/comments?post=8979"}],"version-history":[{"count":1,"href":"https:\/\/almacentecno.com.ar\/index.php\/wp-json\/wp\/v2\/product\/8979\/revisions"}],"predecessor-version":[{"id":8982,"href":"https:\/\/almacentecno.com.ar\/index.php\/wp-json\/wp\/v2\/product\/8979\/revisions\/8982"}],"wp:featuredmedia":[{"embeddable":true,"href":"https:\/\/almacentecno.com.ar\/index.php\/wp-json\/wp\/v2\/media\/8981"}],"wp:attachment":[{"href":"https:\/\/almacentecno.com.ar\/index.php\/wp-json\/wp\/v2\/media?parent=8979"}],"wp:term":[{"taxonomy":"product_cat","embeddable":true,"href":"https:\/\/almacentecno.com.ar\/index.php\/wp-json\/wp\/v2\/product_cat?post=8979"},{"taxonomy":"product_tag","embeddable":true,"href":"https:\/\/almacentecno.com.ar\/index.php\/wp-json\/wp\/v2\/product_tag?post=8979"}],"curies":[{"name":"wp","href":"https:\/\/api.w.org\/{rel}","templated":true}]}}