{"id":8964,"date":"2022-05-20T20:30:29","date_gmt":"2022-05-20T20:30:29","guid":{"rendered":"https:\/\/almacentecno.com.ar\/?post_type=product&#038;p=8964"},"modified":"2025-05-26T21:49:56","modified_gmt":"2025-05-26T21:49:56","slug":"soporte-tv-de-14-a-42-pulgadas-fijo","status":"publish","type":"product","link":"https:\/\/almacentecno.com.ar\/index.php\/product\/soporte-tv-de-14-a-42-pulgadas-fijo\/","title":{"rendered":"Soporte Tv De 14 a 42 Pulgadas Fijo"},"content":{"rendered":"<p>Soporte para Tv y monitor 14&#8243; a 42&#8243; Pulgadas<br \/>\nEstable y fiable<br \/>\nAhorra espacio<br \/>\nEstructura de alta resistencia<br \/>\nF\u00e1cil ajuste e instalaci\u00f3n r\u00e1pida<br \/>\nVesa 75&#215;75 to 200&#215;200 mm<br \/>\nCarga m\u00e1xima: 25 Kg.<br \/>\nFijo de pared<br \/>\nDistancia a la pared: 25 mm.<br \/>\nKit de tornillos y tarugos para instalaci\u00f3n<br \/>\nIdeal para pared o muebles tipo panel<\/p>\n","protected":false},"excerpt":{"rendered":"<p>Soporte para Tv y monitor 14&#8243; a 42&#8243; Pulgadas Estable y fiable Ahorra espacio Estructura de alta resistencia F\u00e1cil ajuste<\/p>\n","protected":false},"featured_media":8965,"comment_status":"open","ping_status":"closed","template":"","meta":{"_joinchat":[]},"product_cat":[77],"product_tag":[],"class_list":{"0":"post-8964","1":"product","2":"type-product","3":"status-publish","4":"has-post-thumbnail","6":"product_cat-accesorios","8":"first","9":"instock","10":"shipping-taxable","11":"purchasable","12":"product-type-simple"},"jetpack_sharing_enabled":true,"_links":{"self":[{"href":"https:\/\/almacentecno.com.ar\/index.php\/wp-json\/wp\/v2\/product\/8964"}],"collection":[{"href":"https:\/\/almacentecno.com.ar\/index.php\/wp-json\/wp\/v2\/product"}],"about":[{"href":"https:\/\/almacentecno.com.ar\/index.php\/wp-json\/wp\/v2\/types\/product"}],"replies":[{"embeddable":true,"href":"https:\/\/almacentecno.com.ar\/index.php\/wp-json\/wp\/v2\/comments?post=8964"}],"version-history":[{"count":1,"href":"https:\/\/almacentecno.com.ar\/index.php\/wp-json\/wp\/v2\/product\/8964\/revisions"}],"predecessor-version":[{"id":8967,"href":"https:\/\/almacentecno.com.ar\/index.php\/wp-json\/wp\/v2\/product\/8964\/revisions\/8967"}],"wp:featuredmedia":[{"embeddable":true,"href":"https:\/\/almacentecno.com.ar\/index.php\/wp-json\/wp\/v2\/media\/8965"}],"wp:attachment":[{"href":"https:\/\/almacentecno.com.ar\/index.php\/wp-json\/wp\/v2\/media?parent=8964"}],"wp:term":[{"taxonomy":"product_cat","embeddable":true,"href":"https:\/\/almacentecno.com.ar\/index.php\/wp-json\/wp\/v2\/product_cat?post=8964"},{"taxonomy":"product_tag","embeddable":true,"href":"https:\/\/almacentecno.com.ar\/index.php\/wp-json\/wp\/v2\/product_tag?post=8964"}],"curies":[{"name":"wp","href":"https:\/\/api.w.org\/{rel}","templated":true}]}}