{"id":8932,"date":"2022-05-19T20:35:50","date_gmt":"2022-05-19T20:35:50","guid":{"rendered":"https:\/\/almacentecno.com.ar\/?post_type=product&#038;p=8932"},"modified":"2024-05-20T21:38:18","modified_gmt":"2024-05-20T21:38:18","slug":"parlante-bluetooth-portatil-soul-riff","status":"publish","type":"product","link":"https:\/\/almacentecno.com.ar\/index.php\/product\/parlante-bluetooth-portatil-soul-riff\/","title":{"rendered":"Parlante Bluetooth PortatiL Soul Riff"},"content":{"rendered":"<p>Relaci\u00f3n se\u00f1al-ruido: &gt;85dB<br \/>\n&#8211; Bater\u00eda: 400 mAh \/ 3,7 V<br \/>\n&#8211; Altavoz: 52mm Plus *1<br \/>\n&#8211; Potencia: 3W *1<br \/>\n&#8211; Frecuencia: 120Hz-20KHz<br \/>\n&#8211; Alimentaci\u00f3n: 5V \/ 500 mAh<br \/>\n&#8211; Bluetooth: versi\u00f3n 4.2 con un alcance de 10 metros.<\/p>\n<p>DIMENSIONES: 9cm x 9cm x 3,5cm<\/p>\n","protected":false},"excerpt":{"rendered":"<p>Relaci\u00f3n se\u00f1al-ruido: &gt;85dB &#8211; Bater\u00eda: 400 mAh \/ 3,7 V &#8211; Altavoz: 52mm Plus *1 &#8211; Potencia: 3W *1 &#8211;<\/p>\n","protected":false},"featured_media":8933,"comment_status":"open","ping_status":"closed","template":"","meta":{"_joinchat":[]},"product_cat":[78],"product_tag":[],"class_list":{"0":"post-8932","1":"product","2":"type-product","3":"status-publish","4":"has-post-thumbnail","6":"product_cat-equipos-de-sonido","8":"first","9":"outofstock","10":"shipping-taxable","11":"purchasable","12":"product-type-simple"},"jetpack_sharing_enabled":true,"_links":{"self":[{"href":"https:\/\/almacentecno.com.ar\/index.php\/wp-json\/wp\/v2\/product\/8932"}],"collection":[{"href":"https:\/\/almacentecno.com.ar\/index.php\/wp-json\/wp\/v2\/product"}],"about":[{"href":"https:\/\/almacentecno.com.ar\/index.php\/wp-json\/wp\/v2\/types\/product"}],"replies":[{"embeddable":true,"href":"https:\/\/almacentecno.com.ar\/index.php\/wp-json\/wp\/v2\/comments?post=8932"}],"version-history":[{"count":1,"href":"https:\/\/almacentecno.com.ar\/index.php\/wp-json\/wp\/v2\/product\/8932\/revisions"}],"predecessor-version":[{"id":8934,"href":"https:\/\/almacentecno.com.ar\/index.php\/wp-json\/wp\/v2\/product\/8932\/revisions\/8934"}],"wp:featuredmedia":[{"embeddable":true,"href":"https:\/\/almacentecno.com.ar\/index.php\/wp-json\/wp\/v2\/media\/8933"}],"wp:attachment":[{"href":"https:\/\/almacentecno.com.ar\/index.php\/wp-json\/wp\/v2\/media?parent=8932"}],"wp:term":[{"taxonomy":"product_cat","embeddable":true,"href":"https:\/\/almacentecno.com.ar\/index.php\/wp-json\/wp\/v2\/product_cat?post=8932"},{"taxonomy":"product_tag","embeddable":true,"href":"https:\/\/almacentecno.com.ar\/index.php\/wp-json\/wp\/v2\/product_tag?post=8932"}],"curies":[{"name":"wp","href":"https:\/\/api.w.org\/{rel}","templated":true}]}}