{"id":8916,"date":"2022-05-19T20:07:28","date_gmt":"2022-05-19T20:07:28","guid":{"rendered":"https:\/\/almacentecno.com.ar\/?post_type=product&#038;p=8916"},"modified":"2026-01-05T18:29:39","modified_gmt":"2026-01-05T18:29:39","slug":"joystick-bt-wireless-android-bluetooth-recargable","status":"publish","type":"product","link":"https:\/\/almacentecno.com.ar\/index.php\/product\/joystick-bt-wireless-android-bluetooth-recargable\/","title":{"rendered":"Joystick Bt Wireless NOGA Android  Bluetooth Recargable"},"content":{"rendered":"<p>Control preciso<br \/>\nEste mando combina funciones revolucionarias mientras conserva precisi\u00f3n, comodidad y exactitud en cada movimiento. Gracias a su ergonom\u00eda especialmente pensada para la posici\u00f3n de tu mano, pod\u00e9s pasar horas jugando con total confort.<\/p>\n<p>Mayor comodidad y realismo<br \/>\nTe permite jugar sin necesidad de que haya cables de por medio. Est\u00e1 pensado no solamente para controlar mejor tus videojuegos, sino tambi\u00e9n para aumentar su realismo y experiencia.<\/p>\n<p>Activ\u00e1 el Bluetooth<br \/>\nCuenta con conexi\u00f3n Bluetooth de alta tecnolog\u00eda para usarlo en cualquier ordenador o dispositivo; ya no necesitar\u00e1s de aplicaciones de terceros ni cable USB. Adem\u00e1s, posee gran capacidad anti interferente, f\u00e1cil manejo y se\u00f1al de conexi\u00f3n estable.<\/p>\n","protected":false},"excerpt":{"rendered":"<p>Control preciso Este mando combina funciones revolucionarias mientras conserva precisi\u00f3n, comodidad y exactitud en cada movimiento. Gracias a su ergonom\u00eda<\/p>\n","protected":false},"featured_media":11223,"comment_status":"open","ping_status":"closed","template":"","meta":{"_joinchat":[]},"product_cat":[75,53,28],"product_tag":[],"class_list":{"0":"post-8916","1":"product","2":"type-product","3":"status-publish","4":"has-post-thumbnail","6":"product_cat-computacion","7":"product_cat-juguetes","8":"product_cat-videojuegos","10":"first","11":"outofstock","12":"shipping-taxable","13":"purchasable","14":"product-type-simple"},"jetpack_sharing_enabled":true,"_links":{"self":[{"href":"https:\/\/almacentecno.com.ar\/index.php\/wp-json\/wp\/v2\/product\/8916"}],"collection":[{"href":"https:\/\/almacentecno.com.ar\/index.php\/wp-json\/wp\/v2\/product"}],"about":[{"href":"https:\/\/almacentecno.com.ar\/index.php\/wp-json\/wp\/v2\/types\/product"}],"replies":[{"embeddable":true,"href":"https:\/\/almacentecno.com.ar\/index.php\/wp-json\/wp\/v2\/comments?post=8916"}],"version-history":[{"count":4,"href":"https:\/\/almacentecno.com.ar\/index.php\/wp-json\/wp\/v2\/product\/8916\/revisions"}],"predecessor-version":[{"id":11224,"href":"https:\/\/almacentecno.com.ar\/index.php\/wp-json\/wp\/v2\/product\/8916\/revisions\/11224"}],"wp:featuredmedia":[{"embeddable":true,"href":"https:\/\/almacentecno.com.ar\/index.php\/wp-json\/wp\/v2\/media\/11223"}],"wp:attachment":[{"href":"https:\/\/almacentecno.com.ar\/index.php\/wp-json\/wp\/v2\/media?parent=8916"}],"wp:term":[{"taxonomy":"product_cat","embeddable":true,"href":"https:\/\/almacentecno.com.ar\/index.php\/wp-json\/wp\/v2\/product_cat?post=8916"},{"taxonomy":"product_tag","embeddable":true,"href":"https:\/\/almacentecno.com.ar\/index.php\/wp-json\/wp\/v2\/product_tag?post=8916"}],"curies":[{"name":"wp","href":"https:\/\/api.w.org\/{rel}","templated":true}]}}