{"id":8909,"date":"2022-05-19T15:20:15","date_gmt":"2022-05-19T15:20:15","guid":{"rendered":"https:\/\/almacentecno.com.ar\/?post_type=product&#038;p=8909"},"modified":"2025-05-27T23:34:49","modified_gmt":"2025-05-27T23:34:49","slug":"auriculares-v1000-rgb-ideales-para-juegos","status":"publish","type":"product","link":"https:\/\/almacentecno.com.ar\/index.php\/product\/auriculares-v1000-rgb-ideales-para-juegos\/","title":{"rendered":"Auriculares V1000 Rgb Ideales Para Juegos"},"content":{"rendered":"<p>Auriculares V1000 RGB Ideales para Juegos<\/p>\n<p>Colores Disponibles: Negro y Roj0<\/p>\n<p>&#8211; Usando material importado, las luces de carreras monocrom\u00e1ticas o RGB brillan en una variedad de estilos. La apariencia es hermosa y generosa.<br \/>\n&#8211; Super c\u00f3modo, orejeras hechas de esponja de retorno lento importadas de japon. Viga de cabeza de cuero adaptable de dise\u00f1o liviano, dise\u00f1o ergon\u00f3mico, c\u00f3modo de llevar.<br \/>\n&#8211; Un micr\u00f3fono unidireccional con cancelaci\u00f3n de ruido elimina el ruido de fondo innecesario y garantiza una transmisi\u00f3n de voz clara. Control de audio, puede controlar el volumen de los auriculares.<br \/>\n&#8211; Alambre saliente unilateral, evite enrollar el alambre; El alambre de PVC con superficie brillante es fuerte y duradero.<br \/>\n&#8211; Interfaz de 3,5 mm, adecuada para computadora de escritorio, rendimiento m\u00e1s estable.<\/p>\n<p>Peso 386g<br \/>\nTipo de art\u00edculo: V1000 RGB Emisi\u00f3n de luz colorida<br \/>\nTipo: Headset<br \/>\nImpedancia: 32 ohmios + \/ &#8211; 15 %<br \/>\nSensibilidad: 95 + \/ &#8211; 3qb<br \/>\nSensibilidad del micr\u00f3fono: -54 + \/ &#8211; 3qb<br \/>\nModo de transmisi\u00f3n: USB<br \/>\nLongitud del cable: Aprox. 2.2m \/ 7.2ft<br \/>\nDi\u00e1metro del altavoz: Aprox.40 mm \/ 1.6 pulgadas<br \/>\nControl de sonido: Ajustable<br \/>\nAuriculares: Micr\u00f3fono combinado<br \/>\nMaterial: pl\u00e1stico<\/p>\n","protected":false},"excerpt":{"rendered":"<p>Auriculares V1000 RGB Ideales para Juegos Colores Disponibles: Negro y Roj0 &#8211; Usando material importado, las luces de carreras monocrom\u00e1ticas<\/p>\n","protected":false},"featured_media":8910,"comment_status":"open","ping_status":"closed","template":"","meta":{"_joinchat":[]},"product_cat":[20],"product_tag":[],"class_list":{"0":"post-8909","1":"product","2":"type-product","3":"status-publish","4":"has-post-thumbnail","6":"product_cat-auriculares","8":"first","9":"outofstock","10":"shipping-taxable","11":"purchasable","12":"product-type-simple"},"jetpack_sharing_enabled":true,"_links":{"self":[{"href":"https:\/\/almacentecno.com.ar\/index.php\/wp-json\/wp\/v2\/product\/8909"}],"collection":[{"href":"https:\/\/almacentecno.com.ar\/index.php\/wp-json\/wp\/v2\/product"}],"about":[{"href":"https:\/\/almacentecno.com.ar\/index.php\/wp-json\/wp\/v2\/types\/product"}],"replies":[{"embeddable":true,"href":"https:\/\/almacentecno.com.ar\/index.php\/wp-json\/wp\/v2\/comments?post=8909"}],"version-history":[{"count":1,"href":"https:\/\/almacentecno.com.ar\/index.php\/wp-json\/wp\/v2\/product\/8909\/revisions"}],"predecessor-version":[{"id":8912,"href":"https:\/\/almacentecno.com.ar\/index.php\/wp-json\/wp\/v2\/product\/8909\/revisions\/8912"}],"wp:featuredmedia":[{"embeddable":true,"href":"https:\/\/almacentecno.com.ar\/index.php\/wp-json\/wp\/v2\/media\/8910"}],"wp:attachment":[{"href":"https:\/\/almacentecno.com.ar\/index.php\/wp-json\/wp\/v2\/media?parent=8909"}],"wp:term":[{"taxonomy":"product_cat","embeddable":true,"href":"https:\/\/almacentecno.com.ar\/index.php\/wp-json\/wp\/v2\/product_cat?post=8909"},{"taxonomy":"product_tag","embeddable":true,"href":"https:\/\/almacentecno.com.ar\/index.php\/wp-json\/wp\/v2\/product_tag?post=8909"}],"curies":[{"name":"wp","href":"https:\/\/api.w.org\/{rel}","templated":true}]}}