{"id":8899,"date":"2022-05-19T00:33:50","date_gmt":"2022-05-19T00:33:50","guid":{"rendered":"https:\/\/almacentecno.com.ar\/?post_type=product&#038;p=8899"},"modified":"2026-02-20T21:51:16","modified_gmt":"2026-02-20T21:51:16","slug":"camara-domo-ip-wifi-full-hd-seguimiento-naxido","status":"publish","type":"product","link":"https:\/\/almacentecno.com.ar\/index.php\/product\/camara-domo-ip-wifi-full-hd-seguimiento-naxido\/","title":{"rendered":"Camara Seguridad Ip Wifi Inalambrica Motorizada Hd Con Luz"},"content":{"rendered":"<div class=\"ui-pdp-container__row ui-pdp-container__row--description\">\n<div class=\"ui-pdp-description\">\n<p>CAMARA IP DOMO 1080P FULL HD MOTORIZADA IR<\/p>\n<p>Resoluci\u00f3n: HD 1080P megap\u00edxeles.<\/p>\n<p>Visi\u00f3n nocturna: distancia de hasta 50 pies con 4 luces infrarrojas.<\/p>\n<p>Admite zoom digital de 5X, admite enfoque completo.<\/p>\n<p>Red inal\u00e1mbrica: WiFi de 2,4 GHz (IEEE802.11b\/g\/n), no soporta 5 GHz.<\/p>\n<p>Formato de compresi\u00f3n: H.264.<\/p>\n<p>Filtro IR-CUT: interruptor autom\u00e1tico.<\/p>\n<p>Iluminaci\u00f3n: 0,1 lux (color), 0,01 lux (d\u00eda\/noche).<\/p>\n<p>Audio bidireccional: Micr\u00f3fono y altavoz antiinterferencias integrados, tecnolog\u00eda de cancelaci\u00f3n de eco y supresi\u00f3n de ruido, puede realizar intercomunicadores de voz bidireccionales.<\/p>\n<p>Pan\/T\u00edtulo: horizontal 320 grados y vertical 90 grados<\/p>\n<p>M\u00faltiples opciones de instalaci\u00f3n: vertical, pared, techo de montaje.<\/p>\n<p>Red: Usando redes Wi-Fi 2.4 Ghz0<\/p>\n<p>Almacenamiento de v\u00eddeo: admite una tarjeta micro SD de 128 GB y se guarda en el disco local del ordenador personal a trav\u00e9s del cliente de software. Aplicaciones: XMeye, compatible con dispositivos iOS y Android.<\/p>\n<p>Protocolo: compatible con RTSP, ONVIF.<br \/>\nPotencia: fuente de alimentaci\u00f3n de 12 V y 2 A Incluida<br \/>\nS\/N Radio 60dB<br \/>\nWhite Balance Auto<br \/>\nElectronic Shutter PAL:1\/25-1\/10000 NTSC:1\/30 &#8211; 1\/12000<br \/>\nHeating Dissipation Out Cruise Dustproof Structure<br \/>\nPower Supply DC12V\/2A<br \/>\nProtection level IP66<br \/>\nPower 15W<br \/>\nWeight 0.6KG<br \/>\nWork Temperature -20\u00b0 +65\u00b0C<\/p>\n<p>C\u00e1mara de Seguridad IP WiFi Inal\u00e1mbrica Motorizada HD con Luz<\/p>\n<p>&#8211; Conectividad WiFi para monitoreo remoto.<br \/>\n&#8211; Movimiento motorizado para un campo de visi\u00f3n amplio.<br \/>\n&#8211; Resoluci\u00f3n HD para im\u00e1genes claras y n\u00edtidas.<br \/>\n&#8211; Incorpora luz para mejorar la visibilidad en condiciones de baja iluminaci\u00f3n.<br \/>\n&#8211; Adecuada para uso en interiores.<br \/>\n&#8211; Compatible con diversas aplicaciones para control y visualizaci\u00f3n desde dispositivos m\u00f3viles.<br \/>\n&#8211; Dise\u00f1o moderno y compacto que se adapta a diferentes espacios.<\/p>\n<\/div>\n<\/div>\n<div class=\"ui-pdp-qadb\"><\/div>\n","protected":false},"excerpt":{"rendered":"<p>CAMARA IP DOMO 1080P FULL HD MOTORIZADA IR Resoluci\u00f3n: HD 1080P megap\u00edxeles. Visi\u00f3n nocturna: distancia de hasta 50 pies con<\/p>\n","protected":false},"featured_media":10431,"comment_status":"open","ping_status":"closed","template":"","meta":{"_joinchat":[]},"product_cat":[80],"product_tag":[],"class_list":{"0":"post-8899","1":"product","2":"type-product","3":"status-publish","4":"has-post-thumbnail","6":"product_cat-camaras","8":"first","9":"instock","10":"shipping-taxable","11":"purchasable","12":"product-type-simple"},"jetpack_sharing_enabled":true,"_links":{"self":[{"href":"https:\/\/almacentecno.com.ar\/index.php\/wp-json\/wp\/v2\/product\/8899"}],"collection":[{"href":"https:\/\/almacentecno.com.ar\/index.php\/wp-json\/wp\/v2\/product"}],"about":[{"href":"https:\/\/almacentecno.com.ar\/index.php\/wp-json\/wp\/v2\/types\/product"}],"replies":[{"embeddable":true,"href":"https:\/\/almacentecno.com.ar\/index.php\/wp-json\/wp\/v2\/comments?post=8899"}],"version-history":[{"count":4,"href":"https:\/\/almacentecno.com.ar\/index.php\/wp-json\/wp\/v2\/product\/8899\/revisions"}],"predecessor-version":[{"id":10426,"href":"https:\/\/almacentecno.com.ar\/index.php\/wp-json\/wp\/v2\/product\/8899\/revisions\/10426"}],"wp:featuredmedia":[{"embeddable":true,"href":"https:\/\/almacentecno.com.ar\/index.php\/wp-json\/wp\/v2\/media\/10431"}],"wp:attachment":[{"href":"https:\/\/almacentecno.com.ar\/index.php\/wp-json\/wp\/v2\/media?parent=8899"}],"wp:term":[{"taxonomy":"product_cat","embeddable":true,"href":"https:\/\/almacentecno.com.ar\/index.php\/wp-json\/wp\/v2\/product_cat?post=8899"},{"taxonomy":"product_tag","embeddable":true,"href":"https:\/\/almacentecno.com.ar\/index.php\/wp-json\/wp\/v2\/product_tag?post=8899"}],"curies":[{"name":"wp","href":"https:\/\/api.w.org\/{rel}","templated":true}]}}