{"id":8882,"date":"2022-05-19T00:05:45","date_gmt":"2022-05-19T00:05:45","guid":{"rendered":"https:\/\/almacentecno.com.ar\/?post_type=product&#038;p=8882"},"modified":"2024-05-16T23:51:22","modified_gmt":"2024-05-16T23:51:22","slug":"cargador-celular-tablet-micro-usb-2-1a-bolsa","status":"publish","type":"product","link":"https:\/\/almacentecno.com.ar\/index.php\/product\/cargador-celular-tablet-micro-usb-2-1a-bolsa\/","title":{"rendered":"Cargador Celular Tablet Micro Usb 2.1a  Bolsa"},"content":{"rendered":"<p>CARACTER\u00cdSTICAS:<\/p>\n<p>&#8211; Cargue la bater\u00eda de forma R\u00e1pida y Segura<br \/>\n&#8211; Sincronizaci\u00f3n de carga<br \/>\n&#8211; Compatibilidad universal con m\u00f3vil o tablet<\/p>\n<p>-salida 5v 2.1A<\/p>\n<p>presentacion en bolsa<\/p>\n","protected":false},"excerpt":{"rendered":"<p>CARACTER\u00cdSTICAS: &#8211; Cargue la bater\u00eda de forma R\u00e1pida y Segura &#8211; Sincronizaci\u00f3n de carga &#8211; Compatibilidad universal con m\u00f3vil o<\/p>\n","protected":false},"featured_media":8883,"comment_status":"open","ping_status":"closed","template":"","meta":{"_joinchat":[]},"product_cat":[76],"product_tag":[],"class_list":{"0":"post-8882","1":"product","2":"type-product","3":"status-publish","4":"has-post-thumbnail","6":"product_cat-cargadores","8":"first","9":"outofstock","10":"shipping-taxable","11":"purchasable","12":"product-type-simple"},"jetpack_sharing_enabled":true,"_links":{"self":[{"href":"https:\/\/almacentecno.com.ar\/index.php\/wp-json\/wp\/v2\/product\/8882"}],"collection":[{"href":"https:\/\/almacentecno.com.ar\/index.php\/wp-json\/wp\/v2\/product"}],"about":[{"href":"https:\/\/almacentecno.com.ar\/index.php\/wp-json\/wp\/v2\/types\/product"}],"replies":[{"embeddable":true,"href":"https:\/\/almacentecno.com.ar\/index.php\/wp-json\/wp\/v2\/comments?post=8882"}],"version-history":[{"count":1,"href":"https:\/\/almacentecno.com.ar\/index.php\/wp-json\/wp\/v2\/product\/8882\/revisions"}],"predecessor-version":[{"id":8885,"href":"https:\/\/almacentecno.com.ar\/index.php\/wp-json\/wp\/v2\/product\/8882\/revisions\/8885"}],"wp:featuredmedia":[{"embeddable":true,"href":"https:\/\/almacentecno.com.ar\/index.php\/wp-json\/wp\/v2\/media\/8883"}],"wp:attachment":[{"href":"https:\/\/almacentecno.com.ar\/index.php\/wp-json\/wp\/v2\/media?parent=8882"}],"wp:term":[{"taxonomy":"product_cat","embeddable":true,"href":"https:\/\/almacentecno.com.ar\/index.php\/wp-json\/wp\/v2\/product_cat?post=8882"},{"taxonomy":"product_tag","embeddable":true,"href":"https:\/\/almacentecno.com.ar\/index.php\/wp-json\/wp\/v2\/product_tag?post=8882"}],"curies":[{"name":"wp","href":"https:\/\/api.w.org\/{rel}","templated":true}]}}