{"id":8840,"date":"2022-05-18T22:36:44","date_gmt":"2022-05-18T22:36:44","guid":{"rendered":"https:\/\/almacentecno.com.ar\/?post_type=product&#038;p=8840"},"modified":"2024-05-20T21:39:35","modified_gmt":"2024-05-20T21:39:35","slug":"soporte-decodificador-consola-o-dvd-de-vidrio-templado","status":"publish","type":"product","link":"https:\/\/almacentecno.com.ar\/index.php\/product\/soporte-decodificador-consola-o-dvd-de-vidrio-templado\/","title":{"rendered":"Soporte Decodificador Consola o Dvd de Vidrio Templado"},"content":{"rendered":"<p>SOPORTE PARA DECODIFICADOR, DVD, BLU-RAY, CONSOLAS.<\/p>\n<p>El mejor soporte para acompa\u00f1ar tu TV. Ideal para decodificadores, DVD, consolas.<\/p>\n<p>Fabricado con VIDRIO TEMPLADO DE GRAN CALIDAD, resiste hasta 10 kg.<\/p>\n<p>DISE\u00d1O FINO Y ELEGANTE, perfecto para colocar junto a tu TV.<\/p>\n<p>F\u00c1CIL INSTALACI\u00d3N, la colocaci\u00f3n es muy simple. Incluye kit de instalaci\u00f3n con tornillos para la pared.<\/p>\n<p>\u00af\u00af\u00af\u00af\u00af\u00af\u00af\u00af\u00af\u00af\u00af\u00af\u00af\u00af\u00af\u00af\u00af\u00af\u00af\u00af\u00af\u00af\u00af\u00af\u00af\u00af\u00af\u00af\u00af\u00af\u00af\u00af\u00af\u00af\u00af\u00af\u00af\u00af\u00af\u00af\u00af\u00af\u00af\u00af\u00af\u00af\u00af\u00af\u00af\u00af\u00af\u00af\u00af<br \/>\nCARACTERISTICAS T\u00c9CNICAS<br \/>\nDimensiones: 300\u00d7250 mm<br \/>\nCapacidad de carga: 10 Kg<br \/>\nMaterial: Vidrio Templado<br \/>\nIncluye kit de instalaci\u00f3n con todo lo necesario para colocarlo.<br \/>\nColor Negro.<\/p>\n","protected":false},"excerpt":{"rendered":"<p>SOPORTE PARA DECODIFICADOR, DVD, BLU-RAY, CONSOLAS. El mejor soporte para acompa\u00f1ar tu TV. Ideal para decodificadores, DVD, consolas. Fabricado con<\/p>\n","protected":false},"featured_media":8841,"comment_status":"open","ping_status":"closed","template":"","meta":{"_joinchat":[]},"product_cat":[77],"product_tag":[],"class_list":{"0":"post-8840","1":"product","2":"type-product","3":"status-publish","4":"has-post-thumbnail","6":"product_cat-accesorios","8":"first","9":"outofstock","10":"shipping-taxable","11":"purchasable","12":"product-type-simple"},"jetpack_sharing_enabled":true,"_links":{"self":[{"href":"https:\/\/almacentecno.com.ar\/index.php\/wp-json\/wp\/v2\/product\/8840"}],"collection":[{"href":"https:\/\/almacentecno.com.ar\/index.php\/wp-json\/wp\/v2\/product"}],"about":[{"href":"https:\/\/almacentecno.com.ar\/index.php\/wp-json\/wp\/v2\/types\/product"}],"replies":[{"embeddable":true,"href":"https:\/\/almacentecno.com.ar\/index.php\/wp-json\/wp\/v2\/comments?post=8840"}],"version-history":[{"count":1,"href":"https:\/\/almacentecno.com.ar\/index.php\/wp-json\/wp\/v2\/product\/8840\/revisions"}],"predecessor-version":[{"id":8842,"href":"https:\/\/almacentecno.com.ar\/index.php\/wp-json\/wp\/v2\/product\/8840\/revisions\/8842"}],"wp:featuredmedia":[{"embeddable":true,"href":"https:\/\/almacentecno.com.ar\/index.php\/wp-json\/wp\/v2\/media\/8841"}],"wp:attachment":[{"href":"https:\/\/almacentecno.com.ar\/index.php\/wp-json\/wp\/v2\/media?parent=8840"}],"wp:term":[{"taxonomy":"product_cat","embeddable":true,"href":"https:\/\/almacentecno.com.ar\/index.php\/wp-json\/wp\/v2\/product_cat?post=8840"},{"taxonomy":"product_tag","embeddable":true,"href":"https:\/\/almacentecno.com.ar\/index.php\/wp-json\/wp\/v2\/product_tag?post=8840"}],"curies":[{"name":"wp","href":"https:\/\/api.w.org\/{rel}","templated":true}]}}