{"id":8834,"date":"2022-05-18T22:25:17","date_gmt":"2022-05-18T22:25:17","guid":{"rendered":"https:\/\/almacentecno.com.ar\/?post_type=product&#038;p=8834"},"modified":"2026-02-10T23:31:04","modified_gmt":"2026-02-10T23:31:04","slug":"cargador-portatil-dinax-10000-mah","status":"publish","type":"product","link":"https:\/\/almacentecno.com.ar\/index.php\/product\/cargador-portatil-dinax-10000-mah\/","title":{"rendered":"Teclado Gamer Tk-t500 Semi Mecanico Rgb Usb Negro"},"content":{"rendered":"<p>El teclado TKOT TK-T500, un teclado de membrana reforzada que simula el tacto mec\u00e1nico y que te permitir\u00e1 disfrutar de horas ilimitadas de juego sin cansancio en las manos.<\/p>\n<p>Este teclado ha sido dise\u00f1ado con iluminaci\u00f3n RGB y de manera ergon\u00f3mica, especialmente para que puedas expresar tanto tus habilidades como tu estilo. Adem\u00e1s, podr\u00e1s mejorar tu experiencia de juego, ya seas un aficionado o todo un experto, y hacer que tus jugadas alcancen otro nivel.<\/p>\n<p>El TKOT TK-T500 cuenta con un apoyo para mu\u00f1ecas y teclas altas para una posici\u00f3n m\u00e1s c\u00f3moda y natural de las manos. Adem\u00e1s, su panel inferior est\u00e1 hecho de acero de 0.5mm de espesor, lo que lo hace m\u00e1s resistente y duradero.<\/p>\n<p>Entre sus especificaciones t\u00e9cnicas, podemos destacar que es un teclado formato multimedia, con iluminaci\u00f3n RGB, y que cuenta con un cable de conexi\u00f3n de 1.55m de longitud. Sus dimensiones son de 440 x 185 x 20mm (LxAxA) y cuenta con teclas num\u00e9ricas.<\/p>\n<p>El dise\u00f1o High Keys de este teclado te permitir\u00e1 disfrutar de una experiencia de juego \u00fanica, gracias a su alta capacidad de respuesta y velocidad en el procesamiento de las teclas.<\/p>\n<p>En definitiva, si est\u00e1s buscando un teclado de alto rendimiento para exprimir al m\u00e1ximo tus habilidades en el juego, el TKOT TK-T500 es la mejor opci\u00f3n. \u00a1No dudes en adquirirlo y llevar tus jugadas al siguiente nivel!<\/p>\n","protected":false},"excerpt":{"rendered":"<p>El teclado TKOT TK-T500, un teclado de membrana reforzada que simula el tacto mec\u00e1nico y que te permitir\u00e1 disfrutar de<\/p>\n","protected":false},"featured_media":10467,"comment_status":"open","ping_status":"closed","template":"","meta":{"_joinchat":[]},"product_cat":[75],"product_tag":[],"class_list":{"0":"post-8834","1":"product","2":"type-product","3":"status-publish","4":"has-post-thumbnail","6":"product_cat-computacion","8":"first","9":"outofstock","10":"shipping-taxable","11":"purchasable","12":"product-type-simple"},"jetpack_sharing_enabled":true,"_links":{"self":[{"href":"https:\/\/almacentecno.com.ar\/index.php\/wp-json\/wp\/v2\/product\/8834"}],"collection":[{"href":"https:\/\/almacentecno.com.ar\/index.php\/wp-json\/wp\/v2\/product"}],"about":[{"href":"https:\/\/almacentecno.com.ar\/index.php\/wp-json\/wp\/v2\/types\/product"}],"replies":[{"embeddable":true,"href":"https:\/\/almacentecno.com.ar\/index.php\/wp-json\/wp\/v2\/comments?post=8834"}],"version-history":[{"count":3,"href":"https:\/\/almacentecno.com.ar\/index.php\/wp-json\/wp\/v2\/product\/8834\/revisions"}],"predecessor-version":[{"id":10470,"href":"https:\/\/almacentecno.com.ar\/index.php\/wp-json\/wp\/v2\/product\/8834\/revisions\/10470"}],"wp:featuredmedia":[{"embeddable":true,"href":"https:\/\/almacentecno.com.ar\/index.php\/wp-json\/wp\/v2\/media\/10467"}],"wp:attachment":[{"href":"https:\/\/almacentecno.com.ar\/index.php\/wp-json\/wp\/v2\/media?parent=8834"}],"wp:term":[{"taxonomy":"product_cat","embeddable":true,"href":"https:\/\/almacentecno.com.ar\/index.php\/wp-json\/wp\/v2\/product_cat?post=8834"},{"taxonomy":"product_tag","embeddable":true,"href":"https:\/\/almacentecno.com.ar\/index.php\/wp-json\/wp\/v2\/product_tag?post=8834"}],"curies":[{"name":"wp","href":"https:\/\/api.w.org\/{rel}","templated":true}]}}