{"id":8808,"date":"2022-05-18T19:27:07","date_gmt":"2022-05-18T19:27:07","guid":{"rendered":"https:\/\/almacentecno.com.ar\/?post_type=product&#038;p=8808"},"modified":"2025-05-28T22:01:16","modified_gmt":"2025-05-28T22:01:16","slug":"memoria-kingston-micro-sd-64-gb-con-adapt-clase-10","status":"publish","type":"product","link":"https:\/\/almacentecno.com.ar\/index.php\/product\/memoria-kingston-micro-sd-64-gb-con-adapt-clase-10\/","title":{"rendered":"Memoria Kingston Micro Sd 64 Gb Con Adapt Clase 10"},"content":{"rendered":"<p>Tarjeta de Memoria Kingston Micro Sd 64 Gb Con Adapt Clase 10 Ideal para Celulares y Camaras<br \/>\nDise\u00f1ada para durar, proteger datos y ampliar el almacenamiento de distintos dispositivos, la memoria Kingston SDCS\/64GB Canvas Select permitir\u00e1 guardar archivos de forma simple, segura y efectiva.<\/p>\n<p>Optimiz\u00e1 tu espacio y gan\u00e1 tiempo<br \/>\nEsta tarjeta microSDXC posee un almacenamiento confiable y de gran rendimiento. Ideal para filmar videos de alta resoluci\u00f3n y fotograf\u00edas con alto nivel de detalle.<\/p>\n<p>M\u00e1ximo rendimiento<br \/>\nAhorr\u00e1 tiempo gracias a su velocidad clase 10, que posibilita la transferencia de datos de forma r\u00e1pida y efectiva.<\/p>\n<p>Vers\u00e1til y funcional<br \/>\n\u00a1Usala donde quieras! Su adaptador SD facilita la colocaci\u00f3n de la tarjeta en distintos aparatos electr\u00f3nicos, lo que te permitir\u00e1 intercambiarla y ganar espacio en el equipo que necesites.<\/p>\n<p>Guard\u00e1 tus videos con la m\u00e1xima resoluci\u00f3n<br \/>\nGracias a su tecnolog\u00eda avanzada vas a poder registrar videos en Full HD. Disfrut\u00e1 de cada momento de filmaci\u00f3n, sin preocuparte por su calidad de almacenaje<\/p>\n","protected":false},"excerpt":{"rendered":"<p>Tarjeta de Memoria Kingston Micro Sd 64 Gb Con Adapt Clase 10 Ideal para Celulares y Camaras Dise\u00f1ada para durar,<\/p>\n","protected":false},"featured_media":8809,"comment_status":"open","ping_status":"closed","template":"","meta":{"_joinchat":[]},"product_cat":[74],"product_tag":[],"class_list":{"0":"post-8808","1":"product","2":"type-product","3":"status-publish","4":"has-post-thumbnail","6":"product_cat-almacenamiento","8":"first","9":"instock","10":"shipping-taxable","11":"purchasable","12":"product-type-simple"},"jetpack_sharing_enabled":true,"_links":{"self":[{"href":"https:\/\/almacentecno.com.ar\/index.php\/wp-json\/wp\/v2\/product\/8808"}],"collection":[{"href":"https:\/\/almacentecno.com.ar\/index.php\/wp-json\/wp\/v2\/product"}],"about":[{"href":"https:\/\/almacentecno.com.ar\/index.php\/wp-json\/wp\/v2\/types\/product"}],"replies":[{"embeddable":true,"href":"https:\/\/almacentecno.com.ar\/index.php\/wp-json\/wp\/v2\/comments?post=8808"}],"version-history":[{"count":1,"href":"https:\/\/almacentecno.com.ar\/index.php\/wp-json\/wp\/v2\/product\/8808\/revisions"}],"predecessor-version":[{"id":8810,"href":"https:\/\/almacentecno.com.ar\/index.php\/wp-json\/wp\/v2\/product\/8808\/revisions\/8810"}],"wp:featuredmedia":[{"embeddable":true,"href":"https:\/\/almacentecno.com.ar\/index.php\/wp-json\/wp\/v2\/media\/8809"}],"wp:attachment":[{"href":"https:\/\/almacentecno.com.ar\/index.php\/wp-json\/wp\/v2\/media?parent=8808"}],"wp:term":[{"taxonomy":"product_cat","embeddable":true,"href":"https:\/\/almacentecno.com.ar\/index.php\/wp-json\/wp\/v2\/product_cat?post=8808"},{"taxonomy":"product_tag","embeddable":true,"href":"https:\/\/almacentecno.com.ar\/index.php\/wp-json\/wp\/v2\/product_tag?post=8808"}],"curies":[{"name":"wp","href":"https:\/\/api.w.org\/{rel}","templated":true}]}}