{"id":8802,"date":"2022-05-18T19:16:36","date_gmt":"2022-05-18T19:16:36","guid":{"rendered":"https:\/\/almacentecno.com.ar\/?post_type=product&#038;p=8802"},"modified":"2024-01-13T00:09:20","modified_gmt":"2024-01-13T00:09:20","slug":"cargador-de-baterias-universal-agujas-display-usb-celulares","status":"publish","type":"product","link":"https:\/\/almacentecno.com.ar\/index.php\/product\/cargador-de-baterias-universal-agujas-display-usb-celulares\/","title":{"rendered":"Cargador De Bater\u00edas Universal Agujas Display Usb Celulares"},"content":{"rendered":"<p>Cargador Universal:<br \/>\nDigital con display LCD<br \/>\n&#8211; Cargador multivoltaje<br \/>\n&#8211; Pinza tipo cocodrilo con 2 contactos regulables, basta con regular las agujas a los contactos negativos y positivos de la bater\u00eda y enchufarlo<br \/>\n&#8211; El cargador empezar\u00e1 a cargar y dar\u00e1 indicaci\u00f3n en la pantalla LCD del estado de la carga cortando autom\u00e1ticamente cuando la bater\u00eda este completamente cargada<br \/>\n&#8211; Su visor LCD permite controlar el estado de su bater\u00eda.<br \/>\nPortatil, para que lo utilice Toda La Familia!<\/p>\n","protected":false},"excerpt":{"rendered":"<p>Cargador Universal: Digital con display LCD &#8211; Cargador multivoltaje &#8211; Pinza tipo cocodrilo con 2 contactos regulables, basta con regular<\/p>\n","protected":false},"featured_media":8804,"comment_status":"open","ping_status":"closed","template":"","meta":{"_joinchat":[]},"product_cat":[76],"product_tag":[],"class_list":{"0":"post-8802","1":"product","2":"type-product","3":"status-publish","4":"has-post-thumbnail","6":"product_cat-cargadores","8":"first","9":"instock","10":"shipping-taxable","11":"purchasable","12":"product-type-simple"},"jetpack_sharing_enabled":true,"_links":{"self":[{"href":"https:\/\/almacentecno.com.ar\/index.php\/wp-json\/wp\/v2\/product\/8802"}],"collection":[{"href":"https:\/\/almacentecno.com.ar\/index.php\/wp-json\/wp\/v2\/product"}],"about":[{"href":"https:\/\/almacentecno.com.ar\/index.php\/wp-json\/wp\/v2\/types\/product"}],"replies":[{"embeddable":true,"href":"https:\/\/almacentecno.com.ar\/index.php\/wp-json\/wp\/v2\/comments?post=8802"}],"version-history":[{"count":1,"href":"https:\/\/almacentecno.com.ar\/index.php\/wp-json\/wp\/v2\/product\/8802\/revisions"}],"predecessor-version":[{"id":8803,"href":"https:\/\/almacentecno.com.ar\/index.php\/wp-json\/wp\/v2\/product\/8802\/revisions\/8803"}],"wp:featuredmedia":[{"embeddable":true,"href":"https:\/\/almacentecno.com.ar\/index.php\/wp-json\/wp\/v2\/media\/8804"}],"wp:attachment":[{"href":"https:\/\/almacentecno.com.ar\/index.php\/wp-json\/wp\/v2\/media?parent=8802"}],"wp:term":[{"taxonomy":"product_cat","embeddable":true,"href":"https:\/\/almacentecno.com.ar\/index.php\/wp-json\/wp\/v2\/product_cat?post=8802"},{"taxonomy":"product_tag","embeddable":true,"href":"https:\/\/almacentecno.com.ar\/index.php\/wp-json\/wp\/v2\/product_tag?post=8802"}],"curies":[{"name":"wp","href":"https:\/\/api.w.org\/{rel}","templated":true}]}}