{"id":8784,"date":"2022-05-18T16:18:02","date_gmt":"2022-05-18T16:18:02","guid":{"rendered":"https:\/\/almacentecno.com.ar\/?post_type=product&#038;p=8784"},"modified":"2024-05-20T22:00:26","modified_gmt":"2024-05-20T22:00:26","slug":"consola-hbl-tech-family-super-8-bit-game","status":"publish","type":"product","link":"https:\/\/almacentecno.com.ar\/index.php\/product\/consola-hbl-tech-family-super-8-bit-game\/","title":{"rendered":"Consola HBL Tech Family Super 8 Bit Game"},"content":{"rendered":"<p>Con tu consola Family Super 8 Bit Game tendr\u00e1s entretenimiento asegurado todos los d\u00edas. Su tecnolog\u00eda fue creada para poner nuevos retos tanto a jugadores principiantes como expertos.<\/p>\n<p>Contiene:<\/p>\n<p>2 controles<\/p>\n<p>1 pistola<\/p>\n<p>1 consola<\/p>\n<p>1 fuente de alimentacion<\/p>\n","protected":false},"excerpt":{"rendered":"<p>Con tu consola Family Super 8 Bit Game tendr\u00e1s entretenimiento asegurado todos los d\u00edas. Su tecnolog\u00eda fue creada para poner<\/p>\n","protected":false},"featured_media":8785,"comment_status":"open","ping_status":"closed","template":"","meta":{"_joinchat":[]},"product_cat":[28],"product_tag":[],"class_list":{"0":"post-8784","1":"product","2":"type-product","3":"status-publish","4":"has-post-thumbnail","6":"product_cat-videojuegos","8":"first","9":"outofstock","10":"shipping-taxable","11":"purchasable","12":"product-type-simple"},"jetpack_sharing_enabled":true,"_links":{"self":[{"href":"https:\/\/almacentecno.com.ar\/index.php\/wp-json\/wp\/v2\/product\/8784"}],"collection":[{"href":"https:\/\/almacentecno.com.ar\/index.php\/wp-json\/wp\/v2\/product"}],"about":[{"href":"https:\/\/almacentecno.com.ar\/index.php\/wp-json\/wp\/v2\/types\/product"}],"replies":[{"embeddable":true,"href":"https:\/\/almacentecno.com.ar\/index.php\/wp-json\/wp\/v2\/comments?post=8784"}],"version-history":[{"count":1,"href":"https:\/\/almacentecno.com.ar\/index.php\/wp-json\/wp\/v2\/product\/8784\/revisions"}],"predecessor-version":[{"id":8786,"href":"https:\/\/almacentecno.com.ar\/index.php\/wp-json\/wp\/v2\/product\/8784\/revisions\/8786"}],"wp:featuredmedia":[{"embeddable":true,"href":"https:\/\/almacentecno.com.ar\/index.php\/wp-json\/wp\/v2\/media\/8785"}],"wp:attachment":[{"href":"https:\/\/almacentecno.com.ar\/index.php\/wp-json\/wp\/v2\/media?parent=8784"}],"wp:term":[{"taxonomy":"product_cat","embeddable":true,"href":"https:\/\/almacentecno.com.ar\/index.php\/wp-json\/wp\/v2\/product_cat?post=8784"},{"taxonomy":"product_tag","embeddable":true,"href":"https:\/\/almacentecno.com.ar\/index.php\/wp-json\/wp\/v2\/product_tag?post=8784"}],"curies":[{"name":"wp","href":"https:\/\/api.w.org\/{rel}","templated":true}]}}