{"id":8780,"date":"2022-05-18T16:01:33","date_gmt":"2022-05-18T16:01:33","guid":{"rendered":"https:\/\/almacentecno.com.ar\/?post_type=product&#038;p=8780"},"modified":"2025-12-06T20:31:45","modified_gmt":"2025-12-06T20:31:45","slug":"mini-repetidor-router-wifi-4-antenas-dinax","status":"publish","type":"product","link":"https:\/\/almacentecno.com.ar\/index.php\/product\/mini-repetidor-router-wifi-4-antenas-dinax\/","title":{"rendered":"Repetidor-router Wifi 6 Antenas Dinax"},"content":{"rendered":"<p>REPETIDOR DE WIFI<\/p>\n<p>Caracter\u00edsticas:<br \/>\n&#8211; Se puede configurar a trav\u00e9s de un asistente de configuraci\u00f3n o aplicaci\u00f3n m\u00f3vil, sin necesidad de conocimientos t\u00e9cnicos.<br \/>\n&#8211; Sus 6 antenas permiten una mejor conexi\u00f3n de wifi y mayor alcance a comparaci\u00f3n de modelos con menos antenas.<br \/>\n&#8211; Incluye puertos ethernet para conectar dispositivos mediante cable, proporcionando una conexi\u00f3n estable y mas r\u00e1pida.<br \/>\n&#8211; Ofrece seguridad WPA\/WPA2 y WEP para mantener tu red segura y protegida.<\/p>\n","protected":false},"excerpt":{"rendered":"<p>REPETIDOR DE WIFI Caracter\u00edsticas: &#8211; Se puede configurar a trav\u00e9s de un asistente de configuraci\u00f3n o aplicaci\u00f3n m\u00f3vil, sin necesidad<\/p>\n","protected":false},"featured_media":11230,"comment_status":"open","ping_status":"closed","template":"","meta":{"_joinchat":[]},"product_cat":[73,75],"product_tag":[],"class_list":{"0":"post-8780","1":"product","2":"type-product","3":"status-publish","4":"has-post-thumbnail","6":"product_cat-cables-y-adaptadores","7":"product_cat-computacion","9":"first","10":"instock","11":"shipping-taxable","12":"purchasable","13":"product-type-simple"},"jetpack_sharing_enabled":true,"_links":{"self":[{"href":"https:\/\/almacentecno.com.ar\/index.php\/wp-json\/wp\/v2\/product\/8780"}],"collection":[{"href":"https:\/\/almacentecno.com.ar\/index.php\/wp-json\/wp\/v2\/product"}],"about":[{"href":"https:\/\/almacentecno.com.ar\/index.php\/wp-json\/wp\/v2\/types\/product"}],"replies":[{"embeddable":true,"href":"https:\/\/almacentecno.com.ar\/index.php\/wp-json\/wp\/v2\/comments?post=8780"}],"version-history":[{"count":3,"href":"https:\/\/almacentecno.com.ar\/index.php\/wp-json\/wp\/v2\/product\/8780\/revisions"}],"predecessor-version":[{"id":11231,"href":"https:\/\/almacentecno.com.ar\/index.php\/wp-json\/wp\/v2\/product\/8780\/revisions\/11231"}],"wp:featuredmedia":[{"embeddable":true,"href":"https:\/\/almacentecno.com.ar\/index.php\/wp-json\/wp\/v2\/media\/11230"}],"wp:attachment":[{"href":"https:\/\/almacentecno.com.ar\/index.php\/wp-json\/wp\/v2\/media?parent=8780"}],"wp:term":[{"taxonomy":"product_cat","embeddable":true,"href":"https:\/\/almacentecno.com.ar\/index.php\/wp-json\/wp\/v2\/product_cat?post=8780"},{"taxonomy":"product_tag","embeddable":true,"href":"https:\/\/almacentecno.com.ar\/index.php\/wp-json\/wp\/v2\/product_tag?post=8780"}],"curies":[{"name":"wp","href":"https:\/\/api.w.org\/{rel}","templated":true}]}}