{"id":8761,"date":"2022-05-18T14:59:48","date_gmt":"2022-05-18T14:59:48","guid":{"rendered":"https:\/\/almacentecno.com.ar\/?post_type=product&#038;p=8761"},"modified":"2025-05-28T22:23:39","modified_gmt":"2025-05-28T22:23:39","slug":"receptor-bluetooth-auto-stereo-equipo-de-musica-usb-miniplug","status":"publish","type":"product","link":"https:\/\/almacentecno.com.ar\/index.php\/product\/receptor-bluetooth-auto-stereo-equipo-de-musica-usb-miniplug\/","title":{"rendered":"Receptor Bluetooth Auto Stereo Equipo De M\u00fasica Usb Miniplug"},"content":{"rendered":"<p>Receptor Usb Bluetooth Audio Digital<\/p>\n<p>Convierta su Stereo o equipo de m\u00fasica normales al instante en altavoces est\u00e9reo inal\u00e1mbricos Bluetooth<\/p>\n<p>Puede ser emparejado con cualquier dispositivo habilitado para Bluetooth, como celulares, computadores, Laptops, etc.<\/p>\n<p>Especificaciones<br \/>\nBluetooth est\u00e1ndar: Bluetooth V2.1 + EDR, soporta A2DP V1.2<br \/>\nFuente de alimentaci\u00f3n: USB 5V<br \/>\nSalida: 3.5mm Interfaz audio<br \/>\nDistancia: 5-10 metros (estimaci\u00f3n, la distancia real puede variar)<\/p>\n<p>Instrucciones de Uso<br \/>\nInsertar el USB del receptor en cualquier puerto USB disponible o una fuente de poder AC a USB para conseguir energ\u00eda, debe estar conectado por USB para que funcione.<br \/>\nConecte el cable de 3,5 mm de audio del altavoz al receptor bluetooth.<br \/>\nHabilite el bluetooth del celular o computador para buscar los dispositivos Bluetooth y al encontrar, emparejar un dispositivo llamado SF-<br \/>\nLY002, c\u00f3digo de emparejamiento es 0000<br \/>\nDespu\u00e9s de la vinculaci\u00f3n realizada correctamente, la luz LED se ralentizar\u00e1<br \/>\nAhora usted puede seleccionar la m\u00fasica a trav\u00e9s de Bluetooth desde un tel\u00e9fono celular o un computador y enviarla a sus parlantes.<\/p>\n","protected":false},"excerpt":{"rendered":"<p>Receptor Usb Bluetooth Audio Digital Convierta su Stereo o equipo de m\u00fasica normales al instante en altavoces est\u00e9reo inal\u00e1mbricos Bluetooth<\/p>\n","protected":false},"featured_media":8762,"comment_status":"open","ping_status":"closed","template":"","meta":{"_joinchat":[]},"product_cat":[77,73],"product_tag":[],"class_list":{"0":"post-8761","1":"product","2":"type-product","3":"status-publish","4":"has-post-thumbnail","6":"product_cat-accesorios","7":"product_cat-cables-y-adaptadores","9":"first","10":"instock","11":"shipping-taxable","12":"purchasable","13":"product-type-simple"},"jetpack_sharing_enabled":true,"_links":{"self":[{"href":"https:\/\/almacentecno.com.ar\/index.php\/wp-json\/wp\/v2\/product\/8761"}],"collection":[{"href":"https:\/\/almacentecno.com.ar\/index.php\/wp-json\/wp\/v2\/product"}],"about":[{"href":"https:\/\/almacentecno.com.ar\/index.php\/wp-json\/wp\/v2\/types\/product"}],"replies":[{"embeddable":true,"href":"https:\/\/almacentecno.com.ar\/index.php\/wp-json\/wp\/v2\/comments?post=8761"}],"version-history":[{"count":1,"href":"https:\/\/almacentecno.com.ar\/index.php\/wp-json\/wp\/v2\/product\/8761\/revisions"}],"predecessor-version":[{"id":8764,"href":"https:\/\/almacentecno.com.ar\/index.php\/wp-json\/wp\/v2\/product\/8761\/revisions\/8764"}],"wp:featuredmedia":[{"embeddable":true,"href":"https:\/\/almacentecno.com.ar\/index.php\/wp-json\/wp\/v2\/media\/8762"}],"wp:attachment":[{"href":"https:\/\/almacentecno.com.ar\/index.php\/wp-json\/wp\/v2\/media?parent=8761"}],"wp:term":[{"taxonomy":"product_cat","embeddable":true,"href":"https:\/\/almacentecno.com.ar\/index.php\/wp-json\/wp\/v2\/product_cat?post=8761"},{"taxonomy":"product_tag","embeddable":true,"href":"https:\/\/almacentecno.com.ar\/index.php\/wp-json\/wp\/v2\/product_tag?post=8761"}],"curies":[{"name":"wp","href":"https:\/\/api.w.org\/{rel}","templated":true}]}}