{"id":8758,"date":"2022-05-18T14:53:52","date_gmt":"2022-05-18T14:53:52","guid":{"rendered":"https:\/\/almacentecno.com.ar\/?post_type=product&#038;p=8758"},"modified":"2026-04-15T00:23:05","modified_gmt":"2026-04-15T00:23:05","slug":"t800ultra","status":"publish","type":"product","link":"https:\/\/almacentecno.com.ar\/index.php\/product\/t800ultra\/","title":{"rendered":"Reloj Smartwatch T800 Ultra"},"content":{"rendered":"<h4>SMART WATCH T800 ULTRA MULTIFUNCI\u00d3N 1.99 PULG. BT5.0<\/h4>\n<p>El Smartwatch T800 Ultra Serie 8 Case Aluminio 1,99. redefine la experiencia de llevar un estilo de vida activo y conectado. Con un dise\u00f1o robusto de caja de aluminio de 49 mm y una pantalla de 1.99\u2033, este reloj inteligente ofrece una visualizaci\u00f3n clara y n\u00edtida. Equipado con una generosa capacidad de almacenamiento interno de 128 GB, te brinda la libertad de guardar tus aplicaciones, m\u00fasica y fotos favoritas con facilidad.<\/p>\n<p>\u2022 El Smartwatch T800 Ultra Serie 8 Case Aluminio 1,99 es altamente funcional y compatible con sistemas operativos Android e iOS, permiti\u00e9ndote mantener una conexi\u00f3n constante a trav\u00e9s de su funci\u00f3n Bluetooth. La correa de silicona, c\u00f3moda y duradera, es ideal para acompa\u00f1arte en todas tus actividades diarias.<\/p>\n<p>\u2022 <strong>Interfaz de Usuario Personalizable:<\/strong> Disfruta de 5 estilos de interfaz de usuario diferentes para personalizar tu experiencia seg\u00fan tus preferencias.<\/p>\n<p>\u2022 <strong>Llamadas Bluetooth:<\/strong> Realiza y recibe llamadas directamente desde tu smartwatch T800 Ultra.<\/p>\n<p>\u2022 <strong>Alerta de Mensajes:<\/strong> Mantente al tanto de tus mensajes y notificaciones importantes con la funci\u00f3n de alerta de mensaje, compatible con WhatsApp, Facebook y m\u00e1s.<\/p>\n<p>\u2022 <strong>Seguimiento de Actividad F\u00edsica:<\/strong> Controla tu actividad diaria con funciones de conteo de pasos, kilometraje y calor\u00edas, as\u00ed como modos multideporte para un entrenamiento m\u00e1s efectivo.<\/p>\n<p>\u2022<strong> Control de M\u00fasica y C\u00e1mara:<\/strong> Gestiona tu m\u00fasica y captura fotos de forma remota desde tu smartwatch, disfrutando de una experiencia sin interrupciones.<\/p>\n<p>\u2022 <strong>Funciones Adicionales:<\/strong> Cron\u00f3metro, monitoreo de sue\u00f1o, agenda de contactos y selecci\u00f3n multi-idioma para adaptarse a tus preferencias.<\/p>\n<p>&nbsp;<\/p>\n","protected":false},"excerpt":{"rendered":"<p>SMART WATCH T800 ULTRA MULTIFUNCI\u00d3N 1.99 PULG. BT5.0 El Smartwatch T800 Ultra Serie 8 Case Aluminio 1,99. redefine la experiencia<\/p>\n","protected":false},"featured_media":10904,"comment_status":"open","ping_status":"closed","template":"","meta":{"_joinchat":[]},"product_cat":[29],"product_tag":[],"class_list":{"0":"post-8758","1":"product","2":"type-product","3":"status-publish","4":"has-post-thumbnail","6":"product_cat-relojes","8":"first","9":"outofstock","10":"shipping-taxable","11":"purchasable","12":"product-type-simple"},"jetpack_sharing_enabled":true,"_links":{"self":[{"href":"https:\/\/almacentecno.com.ar\/index.php\/wp-json\/wp\/v2\/product\/8758"}],"collection":[{"href":"https:\/\/almacentecno.com.ar\/index.php\/wp-json\/wp\/v2\/product"}],"about":[{"href":"https:\/\/almacentecno.com.ar\/index.php\/wp-json\/wp\/v2\/types\/product"}],"replies":[{"embeddable":true,"href":"https:\/\/almacentecno.com.ar\/index.php\/wp-json\/wp\/v2\/comments?post=8758"}],"version-history":[{"count":4,"href":"https:\/\/almacentecno.com.ar\/index.php\/wp-json\/wp\/v2\/product\/8758\/revisions"}],"predecessor-version":[{"id":10906,"href":"https:\/\/almacentecno.com.ar\/index.php\/wp-json\/wp\/v2\/product\/8758\/revisions\/10906"}],"wp:featuredmedia":[{"embeddable":true,"href":"https:\/\/almacentecno.com.ar\/index.php\/wp-json\/wp\/v2\/media\/10904"}],"wp:attachment":[{"href":"https:\/\/almacentecno.com.ar\/index.php\/wp-json\/wp\/v2\/media?parent=8758"}],"wp:term":[{"taxonomy":"product_cat","embeddable":true,"href":"https:\/\/almacentecno.com.ar\/index.php\/wp-json\/wp\/v2\/product_cat?post=8758"},{"taxonomy":"product_tag","embeddable":true,"href":"https:\/\/almacentecno.com.ar\/index.php\/wp-json\/wp\/v2\/product_tag?post=8758"}],"curies":[{"name":"wp","href":"https:\/\/api.w.org\/{rel}","templated":true}]}}