{"id":8752,"date":"2022-05-17T20:38:19","date_gmt":"2022-05-17T20:38:19","guid":{"rendered":"https:\/\/almacentecno.com.ar\/?post_type=product&#038;p=8752"},"modified":"2026-02-20T21:52:26","modified_gmt":"2026-02-20T21:52:26","slug":"tira-luces-led-5050-rgb-kit-completocontrol-y-fuente","status":"publish","type":"product","link":"https:\/\/almacentecno.com.ar\/index.php\/product\/tira-luces-led-5050-rgb-kit-completocontrol-y-fuente\/","title":{"rendered":"Tira Luces Led 5050 Rgb, Kit Completo,control Y Fuente"},"content":{"rendered":"<p>ESPECIFICACIONES:<br \/>\n\u2022 Tira de led SMD 5050 RGB Multicolor con efectos de luces.<br \/>\n\u2022 Adapta tu tira de led para utilizarlo en el lugar que desees.<br \/>\n\u2022 Se puede realizar un corte como m\u00ednimo cada 5cm o 10 cm. Tene en cuenta que cada corte o va unido a la tira o necesita una nueva controladora y fuente para funcionar.<br \/>\n\u2022 Permite realizar una f\u00e1cil y r\u00e1pida colocaci\u00f3n.<br \/>\n\u2022 Gran variedad de colores, con efectos de luz controlados directamente desde el control remoto.<br \/>\n\u2022 Se pueden realizar secuencias de encendido y variaci\u00f3n de colores, logrando as\u00ed una iluminaci\u00f3n \u00fanica y original.<br \/>\n\u2022 Estas tiras de led son ideales para ambientar bares, restaurants, discos y locales en general.<br \/>\n\u2022 Apta para exteriores, resistente al agua con certificado IP65.<br \/>\n\u2022 Ultra delgadas 3mm de alto y 8mm de ancho &#8211; \u00c1ngulo de apertura 120\u00ba.<br \/>\n\u2022 Largo de 5 metros.<br \/>\n\u2022 30 led por metro.<\/p>\n<p>Incluye:<br \/>\n\u2022 5mts Tira de Led SMD 5050 RGB.<br \/>\n\u2022 Control remoto<br \/>\n\u2022 Controladora + Fuente de alimentaci\u00f3n.2<\/p>\n","protected":false},"excerpt":{"rendered":"<p>ESPECIFICACIONES: \u2022 Tira de led SMD 5050 RGB Multicolor con efectos de luces. \u2022 Adapta tu tira de led para<\/p>\n","protected":false},"featured_media":8753,"comment_status":"open","ping_status":"closed","template":"","meta":{"_joinchat":[]},"product_cat":[42],"product_tag":[],"class_list":{"0":"post-8752","1":"product","2":"type-product","3":"status-publish","4":"has-post-thumbnail","6":"product_cat-iluminacion","8":"first","9":"instock","10":"shipping-taxable","11":"purchasable","12":"product-type-simple"},"jetpack_sharing_enabled":true,"_links":{"self":[{"href":"https:\/\/almacentecno.com.ar\/index.php\/wp-json\/wp\/v2\/product\/8752"}],"collection":[{"href":"https:\/\/almacentecno.com.ar\/index.php\/wp-json\/wp\/v2\/product"}],"about":[{"href":"https:\/\/almacentecno.com.ar\/index.php\/wp-json\/wp\/v2\/types\/product"}],"replies":[{"embeddable":true,"href":"https:\/\/almacentecno.com.ar\/index.php\/wp-json\/wp\/v2\/comments?post=8752"}],"version-history":[{"count":1,"href":"https:\/\/almacentecno.com.ar\/index.php\/wp-json\/wp\/v2\/product\/8752\/revisions"}],"predecessor-version":[{"id":8754,"href":"https:\/\/almacentecno.com.ar\/index.php\/wp-json\/wp\/v2\/product\/8752\/revisions\/8754"}],"wp:featuredmedia":[{"embeddable":true,"href":"https:\/\/almacentecno.com.ar\/index.php\/wp-json\/wp\/v2\/media\/8753"}],"wp:attachment":[{"href":"https:\/\/almacentecno.com.ar\/index.php\/wp-json\/wp\/v2\/media?parent=8752"}],"wp:term":[{"taxonomy":"product_cat","embeddable":true,"href":"https:\/\/almacentecno.com.ar\/index.php\/wp-json\/wp\/v2\/product_cat?post=8752"},{"taxonomy":"product_tag","embeddable":true,"href":"https:\/\/almacentecno.com.ar\/index.php\/wp-json\/wp\/v2\/product_tag?post=8752"}],"curies":[{"name":"wp","href":"https:\/\/api.w.org\/{rel}","templated":true}]}}