{"id":8742,"date":"2022-05-17T19:20:29","date_gmt":"2022-05-17T19:20:29","guid":{"rendered":"https:\/\/almacentecno.com.ar\/?post_type=product&#038;p=8742"},"modified":"2025-05-28T22:29:35","modified_gmt":"2025-05-28T22:29:35","slug":"mandolina","status":"publish","type":"product","link":"https:\/\/almacentecno.com.ar\/index.php\/product\/mandolina\/","title":{"rendered":"Mandolina Cortador Rallador Picador 7 En 1"},"content":{"rendered":"<p>Este es un cortador picador profesional 7 en 1, tambi\u00e9n conocido como Mandolina. \u00a0Est\u00e1 hecho de PVC, un material resistente y duradero.<\/p>\n<p>Incluye 6 cuchillas intercambiables de acero inoxidable. Estas cuchillas te permiten cortar verduras y frutas en cualquier forma y grosor. Puedes hacer juliana en 3MM y 4MM, rebanar en 1MM y 1.5MM, usar la cuchilla de rejilla, el rallador y el cortador ondulado. Adem\u00e1s, incluye un pelador.<\/p>\n<p>El tama\u00f1o del cortador picador es de 32 cm. x 10 cm. Es un instrumento vers\u00e1til que te permitir\u00e1 preparar tus vegetales y frutas de forma r\u00e1pida y sencilla.<\/p>\n","protected":false},"excerpt":{"rendered":"<p>Este es un cortador picador profesional 7 en 1, tambi\u00e9n conocido como Mandolina. \u00a0Est\u00e1 hecho de PVC, un material resistente<\/p>\n","protected":false},"featured_media":10763,"comment_status":"open","ping_status":"closed","template":"","meta":{"_joinchat":[]},"product_cat":[77,79],"product_tag":[],"class_list":{"0":"post-8742","1":"product","2":"type-product","3":"status-publish","4":"has-post-thumbnail","6":"product_cat-accesorios","7":"product_cat-electrodomesticos","9":"first","10":"instock","11":"shipping-taxable","12":"purchasable","13":"product-type-simple"},"jetpack_sharing_enabled":true,"_links":{"self":[{"href":"https:\/\/almacentecno.com.ar\/index.php\/wp-json\/wp\/v2\/product\/8742"}],"collection":[{"href":"https:\/\/almacentecno.com.ar\/index.php\/wp-json\/wp\/v2\/product"}],"about":[{"href":"https:\/\/almacentecno.com.ar\/index.php\/wp-json\/wp\/v2\/types\/product"}],"replies":[{"embeddable":true,"href":"https:\/\/almacentecno.com.ar\/index.php\/wp-json\/wp\/v2\/comments?post=8742"}],"version-history":[{"count":3,"href":"https:\/\/almacentecno.com.ar\/index.php\/wp-json\/wp\/v2\/product\/8742\/revisions"}],"predecessor-version":[{"id":10765,"href":"https:\/\/almacentecno.com.ar\/index.php\/wp-json\/wp\/v2\/product\/8742\/revisions\/10765"}],"wp:featuredmedia":[{"embeddable":true,"href":"https:\/\/almacentecno.com.ar\/index.php\/wp-json\/wp\/v2\/media\/10763"}],"wp:attachment":[{"href":"https:\/\/almacentecno.com.ar\/index.php\/wp-json\/wp\/v2\/media?parent=8742"}],"wp:term":[{"taxonomy":"product_cat","embeddable":true,"href":"https:\/\/almacentecno.com.ar\/index.php\/wp-json\/wp\/v2\/product_cat?post=8742"},{"taxonomy":"product_tag","embeddable":true,"href":"https:\/\/almacentecno.com.ar\/index.php\/wp-json\/wp\/v2\/product_tag?post=8742"}],"curies":[{"name":"wp","href":"https:\/\/api.w.org\/{rel}","templated":true}]}}