{"id":8700,"date":"2022-05-17T16:24:23","date_gmt":"2022-05-17T16:24:23","guid":{"rendered":"https:\/\/almacentecno.com.ar\/?post_type=product&#038;p=8700"},"modified":"2026-04-15T00:25:55","modified_gmt":"2026-04-15T00:25:55","slug":"luz-led-bola-magica-usb-celular-fiesta-multicolor","status":"publish","type":"product","link":"https:\/\/almacentecno.com.ar\/index.php\/product\/luz-led-bola-magica-usb-celular-fiesta-multicolor\/","title":{"rendered":"Luz Led Bola M\u00e1gica Usb Celular Fiesta Multicolor"},"content":{"rendered":"<p>Mini RGB bola de cristal m\u00e1gica efecto luz auto giratorio l\u00e1mpara LED discoteca bola fiesta luces con conector USB<\/p>\n<p>TENEMOS OPCION CON FICHA MICRO O USB O TIPO C<\/p>\n<p>CUANDO COMPRES ACLARAR CUAL PREFERIS<\/p>\n<p>BOLA MAGICA USB PARA CELULAR, PARLANTE, CARGADOR, PC, AUTO, ETC.<br \/>\nCaracter\u00edsticas:<\/p>\n<p>Dise\u00f1o peque\u00f1o.<br \/>\nDise\u00f1o especial,Conector USB.<br \/>\nColor de luz LED: rojo, verde y azul.<br \/>\nLarga vida \u00fatil, bajo calor y consumo de energ\u00eda, ambiente amigable.<br \/>\nHermosa apariencia prism\u00e1tica.<br \/>\nFuente de alimentaci\u00f3n conveniente: ordenadores, bancos de energ\u00eda, poderes del veh\u00edculo, todos con interfaz USB.<br \/>\nEspecificaciones:<\/p>\n<p>Material: de pl\u00e1stico<br \/>\nColor de la carcasa: blanco y verde<br \/>\naudioritmica<br \/>\npotencia de luz 4 W<br \/>\nColor de LED: rojo, verde y azul<br \/>\nTensi\u00f3n de trabajo: 5 V, todos con interfaz USB<br \/>\nAhorro de energ\u00eda: 80%<br \/>\nTemperatura de trabajo:-grado 30 grados A + 50 grados cent\u00edgrados<\/p>\n","protected":false},"excerpt":{"rendered":"<p>Mini RGB bola de cristal m\u00e1gica efecto luz auto giratorio l\u00e1mpara LED discoteca bola fiesta luces con conector USB TENEMOS<\/p>\n","protected":false},"featured_media":8705,"comment_status":"open","ping_status":"closed","template":"","meta":{"_joinchat":[]},"product_cat":[42],"product_tag":[],"class_list":{"0":"post-8700","1":"product","2":"type-product","3":"status-publish","4":"has-post-thumbnail","6":"product_cat-iluminacion","8":"first","9":"outofstock","10":"shipping-taxable","11":"purchasable","12":"product-type-simple"},"jetpack_sharing_enabled":true,"_links":{"self":[{"href":"https:\/\/almacentecno.com.ar\/index.php\/wp-json\/wp\/v2\/product\/8700"}],"collection":[{"href":"https:\/\/almacentecno.com.ar\/index.php\/wp-json\/wp\/v2\/product"}],"about":[{"href":"https:\/\/almacentecno.com.ar\/index.php\/wp-json\/wp\/v2\/types\/product"}],"replies":[{"embeddable":true,"href":"https:\/\/almacentecno.com.ar\/index.php\/wp-json\/wp\/v2\/comments?post=8700"}],"version-history":[{"count":1,"href":"https:\/\/almacentecno.com.ar\/index.php\/wp-json\/wp\/v2\/product\/8700\/revisions"}],"predecessor-version":[{"id":8706,"href":"https:\/\/almacentecno.com.ar\/index.php\/wp-json\/wp\/v2\/product\/8700\/revisions\/8706"}],"wp:featuredmedia":[{"embeddable":true,"href":"https:\/\/almacentecno.com.ar\/index.php\/wp-json\/wp\/v2\/media\/8705"}],"wp:attachment":[{"href":"https:\/\/almacentecno.com.ar\/index.php\/wp-json\/wp\/v2\/media?parent=8700"}],"wp:term":[{"taxonomy":"product_cat","embeddable":true,"href":"https:\/\/almacentecno.com.ar\/index.php\/wp-json\/wp\/v2\/product_cat?post=8700"},{"taxonomy":"product_tag","embeddable":true,"href":"https:\/\/almacentecno.com.ar\/index.php\/wp-json\/wp\/v2\/product_tag?post=8700"}],"curies":[{"name":"wp","href":"https:\/\/api.w.org\/{rel}","templated":true}]}}