{"id":8691,"date":"2022-05-17T14:49:24","date_gmt":"2022-05-17T14:49:24","guid":{"rendered":"https:\/\/almacentecno.com.ar\/?post_type=product&#038;p=8691"},"modified":"2024-11-04T20:08:38","modified_gmt":"2024-11-04T20:08:38","slug":"auriculares-in-ear-samsung-blanco","status":"publish","type":"product","link":"https:\/\/almacentecno.com.ar\/index.php\/product\/auriculares-in-ear-samsung-blanco\/","title":{"rendered":"Auriculares in-ear Samsung Blanco"},"content":{"rendered":"<p>Samsung, empresa coreana de gran prestigio, se destaca por su presencia mundial en el mercado de electr\u00f3nica. La compa\u00f1\u00eda tiene como base fundamental ofrecer los mejores productos y servicios. Es por esto que sus gamas de auriculares presentan innovaciones tecnol\u00f3gicas que vas a notar al reproducir tu m\u00fasica preferida.<\/p>\n<p>El formato perfecto para vos<br \/>\nAl ser in-ear, mejoran la calidad del audio y son de tama\u00f1o peque\u00f1o para poder insertarse en tu oreja. Son ideales para acompa\u00f1arte a la hora de hacer ejercicio mientras te sumerg\u00eds en el mejor sonido envolvente.<\/p>\n","protected":false},"excerpt":{"rendered":"<p>Samsung, empresa coreana de gran prestigio, se destaca por su presencia mundial en el mercado de electr\u00f3nica. La compa\u00f1\u00eda tiene<\/p>\n","protected":false},"featured_media":8692,"comment_status":"open","ping_status":"closed","template":"","meta":{"_joinchat":[]},"product_cat":[20],"product_tag":[],"class_list":{"0":"post-8691","1":"product","2":"type-product","3":"status-publish","4":"has-post-thumbnail","6":"product_cat-auriculares","8":"first","9":"instock","10":"shipping-taxable","11":"purchasable","12":"product-type-simple"},"jetpack_sharing_enabled":true,"_links":{"self":[{"href":"https:\/\/almacentecno.com.ar\/index.php\/wp-json\/wp\/v2\/product\/8691"}],"collection":[{"href":"https:\/\/almacentecno.com.ar\/index.php\/wp-json\/wp\/v2\/product"}],"about":[{"href":"https:\/\/almacentecno.com.ar\/index.php\/wp-json\/wp\/v2\/types\/product"}],"replies":[{"embeddable":true,"href":"https:\/\/almacentecno.com.ar\/index.php\/wp-json\/wp\/v2\/comments?post=8691"}],"version-history":[{"count":1,"href":"https:\/\/almacentecno.com.ar\/index.php\/wp-json\/wp\/v2\/product\/8691\/revisions"}],"predecessor-version":[{"id":8693,"href":"https:\/\/almacentecno.com.ar\/index.php\/wp-json\/wp\/v2\/product\/8691\/revisions\/8693"}],"wp:featuredmedia":[{"embeddable":true,"href":"https:\/\/almacentecno.com.ar\/index.php\/wp-json\/wp\/v2\/media\/8692"}],"wp:attachment":[{"href":"https:\/\/almacentecno.com.ar\/index.php\/wp-json\/wp\/v2\/media?parent=8691"}],"wp:term":[{"taxonomy":"product_cat","embeddable":true,"href":"https:\/\/almacentecno.com.ar\/index.php\/wp-json\/wp\/v2\/product_cat?post=8691"},{"taxonomy":"product_tag","embeddable":true,"href":"https:\/\/almacentecno.com.ar\/index.php\/wp-json\/wp\/v2\/product_tag?post=8691"}],"curies":[{"name":"wp","href":"https:\/\/api.w.org\/{rel}","templated":true}]}}