{"id":8684,"date":"2022-05-17T14:05:18","date_gmt":"2022-05-17T14:05:18","guid":{"rendered":"https:\/\/almacentecno.com.ar\/?post_type=product&#038;p=8684"},"modified":"2024-08-22T19:54:00","modified_gmt":"2024-08-22T19:54:00","slug":"auricular-in-ear-manos-libres-u19","status":"publish","type":"product","link":"https:\/\/almacentecno.com.ar\/index.php\/product\/auricular-in-ear-manos-libres-u19\/","title":{"rendered":"Auricular In Ear Manos Libres U19"},"content":{"rendered":"<p>U19 music EXTRA BASS,<br \/>\nlos cuales te brindan un excelente sonido, el mismo dispone de micr\u00f3fono incorporado.<\/p>\n<p>Tama\u00f1o Micr\u00f3fono: 142mm<br \/>\nRango de Frecuencia: 18-20.000hz<br \/>\nSensibilidad: 116+3db(at 1 khz 0.5ms)<br \/>\nImpedancia: 32<br \/>\nLargo de cable: 130cm<\/p>\n","protected":false},"excerpt":{"rendered":"<p>U19 music EXTRA BASS, los cuales te brindan un excelente sonido, el mismo dispone de micr\u00f3fono incorporado. Tama\u00f1o Micr\u00f3fono: 142mm<\/p>\n","protected":false},"featured_media":8689,"comment_status":"open","ping_status":"closed","template":"","meta":{"_joinchat":[]},"product_cat":[20],"product_tag":[],"class_list":{"0":"post-8684","1":"product","2":"type-product","3":"status-publish","4":"has-post-thumbnail","6":"product_cat-auriculares","8":"first","9":"instock","10":"shipping-taxable","11":"purchasable","12":"product-type-simple"},"jetpack_sharing_enabled":true,"_links":{"self":[{"href":"https:\/\/almacentecno.com.ar\/index.php\/wp-json\/wp\/v2\/product\/8684"}],"collection":[{"href":"https:\/\/almacentecno.com.ar\/index.php\/wp-json\/wp\/v2\/product"}],"about":[{"href":"https:\/\/almacentecno.com.ar\/index.php\/wp-json\/wp\/v2\/types\/product"}],"replies":[{"embeddable":true,"href":"https:\/\/almacentecno.com.ar\/index.php\/wp-json\/wp\/v2\/comments?post=8684"}],"version-history":[{"count":1,"href":"https:\/\/almacentecno.com.ar\/index.php\/wp-json\/wp\/v2\/product\/8684\/revisions"}],"predecessor-version":[{"id":8690,"href":"https:\/\/almacentecno.com.ar\/index.php\/wp-json\/wp\/v2\/product\/8684\/revisions\/8690"}],"wp:featuredmedia":[{"embeddable":true,"href":"https:\/\/almacentecno.com.ar\/index.php\/wp-json\/wp\/v2\/media\/8689"}],"wp:attachment":[{"href":"https:\/\/almacentecno.com.ar\/index.php\/wp-json\/wp\/v2\/media?parent=8684"}],"wp:term":[{"taxonomy":"product_cat","embeddable":true,"href":"https:\/\/almacentecno.com.ar\/index.php\/wp-json\/wp\/v2\/product_cat?post=8684"},{"taxonomy":"product_tag","embeddable":true,"href":"https:\/\/almacentecno.com.ar\/index.php\/wp-json\/wp\/v2\/product_tag?post=8684"}],"curies":[{"name":"wp","href":"https:\/\/api.w.org\/{rel}","templated":true}]}}