{"id":8680,"date":"2022-05-17T13:59:38","date_gmt":"2022-05-17T13:59:38","guid":{"rendered":"https:\/\/almacentecno.com.ar\/?post_type=product&#038;p=8680"},"modified":"2025-05-28T22:45:36","modified_gmt":"2025-05-28T22:45:36","slug":"auriculares-in-ear-high-extrabass-manos-libres","status":"publish","type":"product","link":"https:\/\/almacentecno.com.ar\/index.php\/product\/auriculares-in-ear-high-extrabass-manos-libres\/","title":{"rendered":"Auriculares In-ear High Extrabass Manos Libres"},"content":{"rendered":"<p>ev-110<br \/>\nAuriculares de Alta Definici\u00f3n In-Ear, con potenciadores de bajos para obtener el sonido mas confortable.<br \/>\nEl nuevo micr\u00f3fono dise\u00f1ado puede ser compatible con iPhone\/ HTC \/ SAMSUNG para comunicarse por tel\u00e9fono.<br \/>\nideal para tus llamadas de trabajo, Manos Libres con audio y voz de alta calidad.<br \/>\nDise\u00f1o ergon\u00f3mico, ultra c\u00f3modo con gran ajuste.<br \/>\nHands free phone mode.<br \/>\nExtra bass.<br \/>\nMicro channel chat.<br \/>\nModo Cine.<\/p>\n","protected":false},"excerpt":{"rendered":"<p>ev-110 Auriculares de Alta Definici\u00f3n In-Ear, con potenciadores de bajos para obtener el sonido mas confortable. El nuevo micr\u00f3fono dise\u00f1ado<\/p>\n","protected":false},"featured_media":8682,"comment_status":"open","ping_status":"closed","template":"","meta":{"_joinchat":[]},"product_cat":[20],"product_tag":[],"class_list":{"0":"post-8680","1":"product","2":"type-product","3":"status-publish","4":"has-post-thumbnail","6":"product_cat-auriculares","8":"first","9":"instock","10":"shipping-taxable","11":"purchasable","12":"product-type-simple"},"jetpack_sharing_enabled":true,"_links":{"self":[{"href":"https:\/\/almacentecno.com.ar\/index.php\/wp-json\/wp\/v2\/product\/8680"}],"collection":[{"href":"https:\/\/almacentecno.com.ar\/index.php\/wp-json\/wp\/v2\/product"}],"about":[{"href":"https:\/\/almacentecno.com.ar\/index.php\/wp-json\/wp\/v2\/types\/product"}],"replies":[{"embeddable":true,"href":"https:\/\/almacentecno.com.ar\/index.php\/wp-json\/wp\/v2\/comments?post=8680"}],"version-history":[{"count":1,"href":"https:\/\/almacentecno.com.ar\/index.php\/wp-json\/wp\/v2\/product\/8680\/revisions"}],"predecessor-version":[{"id":8683,"href":"https:\/\/almacentecno.com.ar\/index.php\/wp-json\/wp\/v2\/product\/8680\/revisions\/8683"}],"wp:featuredmedia":[{"embeddable":true,"href":"https:\/\/almacentecno.com.ar\/index.php\/wp-json\/wp\/v2\/media\/8682"}],"wp:attachment":[{"href":"https:\/\/almacentecno.com.ar\/index.php\/wp-json\/wp\/v2\/media?parent=8680"}],"wp:term":[{"taxonomy":"product_cat","embeddable":true,"href":"https:\/\/almacentecno.com.ar\/index.php\/wp-json\/wp\/v2\/product_cat?post=8680"},{"taxonomy":"product_tag","embeddable":true,"href":"https:\/\/almacentecno.com.ar\/index.php\/wp-json\/wp\/v2\/product_tag?post=8680"}],"curies":[{"name":"wp","href":"https:\/\/api.w.org\/{rel}","templated":true}]}}