{"id":11407,"date":"2026-05-16T21:46:30","date_gmt":"2026-05-16T21:46:30","guid":{"rendered":"https:\/\/almacentecno.com.ar\/?post_type=product&#038;p=11407"},"modified":"2026-05-16T21:46:30","modified_gmt":"2026-05-16T21:46:30","slug":"cortador-y-rallador-de-verduras-multifuncion-con-recipiente","status":"publish","type":"product","link":"https:\/\/almacentecno.com.ar\/index.php\/product\/cortador-y-rallador-de-verduras-multifuncion-con-recipiente\/","title":{"rendered":"Cortador Y Rallador De Verduras Multifunci\u00f3n Con Recipiente"},"content":{"rendered":"<p>Mandolina Cortador Rallador Picador Verduras Fruta: 16 en 1, es un cortador, rallador y picador de vegetales y frutas de alta calidad. Fabricado con un cuerpo de ABS resistente y duradero. Sus cuchillas son intercambiables y est\u00e1n hechas de acero inoxidable de grado alimenticio, lo que garantiza un corte limpio y seguro. Con un tama\u00f1o de 31.5 x 11.5 x 11.5cm, esta mandolina es compacta y f\u00e1cil de almacenar. Adem\u00e1s, es apta para lavavajillas, lo que facilita su limpieza despu\u00e9s de cada uso.<\/p>\n","protected":false},"excerpt":{"rendered":"<p>Mandolina Cortador Rallador Picador Verduras Fruta: 16 en 1, es un cortador, rallador y picador de vegetales y frutas de<\/p>\n","protected":false},"featured_media":11408,"comment_status":"open","ping_status":"closed","template":"","meta":{"_joinchat":[]},"product_cat":[79],"product_tag":[],"class_list":{"0":"post-11407","1":"product","2":"type-product","3":"status-publish","4":"has-post-thumbnail","6":"product_cat-electrodomesticos","8":"first","9":"instock","10":"shipping-taxable","11":"purchasable","12":"product-type-simple"},"jetpack_sharing_enabled":true,"_links":{"self":[{"href":"https:\/\/almacentecno.com.ar\/index.php\/wp-json\/wp\/v2\/product\/11407"}],"collection":[{"href":"https:\/\/almacentecno.com.ar\/index.php\/wp-json\/wp\/v2\/product"}],"about":[{"href":"https:\/\/almacentecno.com.ar\/index.php\/wp-json\/wp\/v2\/types\/product"}],"replies":[{"embeddable":true,"href":"https:\/\/almacentecno.com.ar\/index.php\/wp-json\/wp\/v2\/comments?post=11407"}],"version-history":[{"count":1,"href":"https:\/\/almacentecno.com.ar\/index.php\/wp-json\/wp\/v2\/product\/11407\/revisions"}],"predecessor-version":[{"id":11409,"href":"https:\/\/almacentecno.com.ar\/index.php\/wp-json\/wp\/v2\/product\/11407\/revisions\/11409"}],"wp:featuredmedia":[{"embeddable":true,"href":"https:\/\/almacentecno.com.ar\/index.php\/wp-json\/wp\/v2\/media\/11408"}],"wp:attachment":[{"href":"https:\/\/almacentecno.com.ar\/index.php\/wp-json\/wp\/v2\/media?parent=11407"}],"wp:term":[{"taxonomy":"product_cat","embeddable":true,"href":"https:\/\/almacentecno.com.ar\/index.php\/wp-json\/wp\/v2\/product_cat?post=11407"},{"taxonomy":"product_tag","embeddable":true,"href":"https:\/\/almacentecno.com.ar\/index.php\/wp-json\/wp\/v2\/product_tag?post=11407"}],"curies":[{"name":"wp","href":"https:\/\/api.w.org\/{rel}","templated":true}]}}