{"id":11372,"date":"2026-03-05T18:42:37","date_gmt":"2026-03-05T18:42:37","guid":{"rendered":"https:\/\/almacentecno.com.ar\/?post_type=product&#038;p=11372"},"modified":"2026-03-05T18:42:37","modified_gmt":"2026-03-05T18:42:37","slug":"horno-microondas-hytoshy-20-litros","status":"publish","type":"product","link":"https:\/\/almacentecno.com.ar\/index.php\/product\/horno-microondas-hytoshy-20-litros\/","title":{"rendered":"Horno Microondas Hytoshy 20 Litros"},"content":{"rendered":"<p>No pierdas tiempo en la cocina. En simples pasos, puedes disfrutar de tus comidas favoritas. Dise\u00f1o innovador. Su display te permitir\u00e1 ser m\u00e1s preciso al momento de seleccionar el tipo de comida, configurar el tiempo y la funci\u00f3n para cocinar. Adem\u00e1s, presenta un excelente sistema de seguridad con traba especial para las personas m\u00e1s peque\u00f1as de la familia. Por \u00faltimo pero no menos importante, cuenta con un dise\u00f1o moderno: una puerta de espejo elegante y minimalista que se adapta a cualquier cocina. Capacidad y eficiencia, con un volumen de 20 litros vas a poder disfrutar comidas para compartir con tus amistades y familiares. Ofrece una potencia m\u00e1xima de 1000W watts que se puede regular en diferentes niveles seg\u00fan el tipo de alimento, por ejemplo, para evitar que se resequen algunos platos m\u00e1s delicados como la pasta. Con su f\u00e1cil uso, podr\u00e1s seleccionar y programar de manera pr\u00e1ctica.<\/p>\n","protected":false},"excerpt":{"rendered":"<p>No pierdas tiempo en la cocina. En simples pasos, puedes disfrutar de tus comidas favoritas. Dise\u00f1o innovador. Su display te<\/p>\n","protected":false},"featured_media":11373,"comment_status":"open","ping_status":"closed","template":"","meta":{"_joinchat":[]},"product_cat":[79],"product_tag":[],"class_list":{"0":"post-11372","1":"product","2":"type-product","3":"status-publish","4":"has-post-thumbnail","6":"product_cat-electrodomesticos","8":"first","9":"instock","10":"shipping-taxable","11":"purchasable","12":"product-type-simple"},"jetpack_sharing_enabled":true,"_links":{"self":[{"href":"https:\/\/almacentecno.com.ar\/index.php\/wp-json\/wp\/v2\/product\/11372"}],"collection":[{"href":"https:\/\/almacentecno.com.ar\/index.php\/wp-json\/wp\/v2\/product"}],"about":[{"href":"https:\/\/almacentecno.com.ar\/index.php\/wp-json\/wp\/v2\/types\/product"}],"replies":[{"embeddable":true,"href":"https:\/\/almacentecno.com.ar\/index.php\/wp-json\/wp\/v2\/comments?post=11372"}],"version-history":[{"count":1,"href":"https:\/\/almacentecno.com.ar\/index.php\/wp-json\/wp\/v2\/product\/11372\/revisions"}],"predecessor-version":[{"id":11375,"href":"https:\/\/almacentecno.com.ar\/index.php\/wp-json\/wp\/v2\/product\/11372\/revisions\/11375"}],"wp:featuredmedia":[{"embeddable":true,"href":"https:\/\/almacentecno.com.ar\/index.php\/wp-json\/wp\/v2\/media\/11373"}],"wp:attachment":[{"href":"https:\/\/almacentecno.com.ar\/index.php\/wp-json\/wp\/v2\/media?parent=11372"}],"wp:term":[{"taxonomy":"product_cat","embeddable":true,"href":"https:\/\/almacentecno.com.ar\/index.php\/wp-json\/wp\/v2\/product_cat?post=11372"},{"taxonomy":"product_tag","embeddable":true,"href":"https:\/\/almacentecno.com.ar\/index.php\/wp-json\/wp\/v2\/product_tag?post=11372"}],"curies":[{"name":"wp","href":"https:\/\/api.w.org\/{rel}","templated":true}]}}