{"id":11368,"date":"2026-03-05T18:33:21","date_gmt":"2026-03-05T18:33:21","guid":{"rendered":"https:\/\/almacentecno.com.ar\/?post_type=product&#038;p=11368"},"modified":"2026-04-14T23:49:52","modified_gmt":"2026-04-14T23:49:52","slug":"freidora-de-aire-2-en-1-hytoshy","status":"publish","type":"product","link":"https:\/\/almacentecno.com.ar\/index.php\/product\/freidora-de-aire-2-en-1-hytoshy\/","title":{"rendered":"Freidora de aire 2 en 1 Hytoshy"},"content":{"rendered":"<p>El Horno El\u00e9ctrico Freidora De Aire 2en1 1800w Hytoshy es la soluci\u00f3n perfecta para quienes buscan versatilidad y eficiencia en la cocina. Con una potencia de 1800 W, este horno de mesa combina la funcionalidad de un horno el\u00e9ctrico y una freidora de aire, permitiendo preparar una amplia variedad de platillos de manera r\u00e1pida y saludable. Su capacidad es ideal para familias peque\u00f1as o para quienes disfrutan de cocinar en porciones adecuadas. Dise\u00f1ado en un elegante color negro, este horno no solo es funcional, sino que tambi\u00e9n se adapta a cualquier estilo de cocina. Equipado con un temporizador, permite un control preciso del tiempo de cocci\u00f3n, asegurando resultados perfectos en cada uso. Adem\u00e1s, su material de f\u00e1cil limpieza facilita el mantenimiento, permitiendo disfrutar de la cocina sin complicaciones. La tecnolog\u00eda de fre\u00edr con aire caliente reduce la necesidad de aceite, lo que se traduce en comidas m\u00e1s saludables sin sacrificar el sabor. Con el Horno El\u00e9ctrico Freidora De Aire Hytoshy, podr\u00e1s disfrutar de tus platillos favoritos de manera m\u00e1s ligera y con menos grasa. Ideal para quienes buscan un estilo de vida m\u00e1s saludable sin renunciar al placer de comer bien.<\/p>\n<p>&nbsp;<\/p>\n","protected":false},"excerpt":{"rendered":"<p>El Horno El\u00e9ctrico Freidora De Aire 2en1 1800w Hytoshy es la soluci\u00f3n perfecta para quienes buscan versatilidad y eficiencia en<\/p>\n","protected":false},"featured_media":11369,"comment_status":"open","ping_status":"closed","template":"","meta":{"_joinchat":[]},"product_cat":[79],"product_tag":[],"class_list":{"0":"post-11368","1":"product","2":"type-product","3":"status-publish","4":"has-post-thumbnail","6":"product_cat-electrodomesticos","8":"first","9":"outofstock","10":"shipping-taxable","11":"purchasable","12":"product-type-simple"},"jetpack_sharing_enabled":true,"_links":{"self":[{"href":"https:\/\/almacentecno.com.ar\/index.php\/wp-json\/wp\/v2\/product\/11368"}],"collection":[{"href":"https:\/\/almacentecno.com.ar\/index.php\/wp-json\/wp\/v2\/product"}],"about":[{"href":"https:\/\/almacentecno.com.ar\/index.php\/wp-json\/wp\/v2\/types\/product"}],"replies":[{"embeddable":true,"href":"https:\/\/almacentecno.com.ar\/index.php\/wp-json\/wp\/v2\/comments?post=11368"}],"version-history":[{"count":1,"href":"https:\/\/almacentecno.com.ar\/index.php\/wp-json\/wp\/v2\/product\/11368\/revisions"}],"predecessor-version":[{"id":11371,"href":"https:\/\/almacentecno.com.ar\/index.php\/wp-json\/wp\/v2\/product\/11368\/revisions\/11371"}],"wp:featuredmedia":[{"embeddable":true,"href":"https:\/\/almacentecno.com.ar\/index.php\/wp-json\/wp\/v2\/media\/11369"}],"wp:attachment":[{"href":"https:\/\/almacentecno.com.ar\/index.php\/wp-json\/wp\/v2\/media?parent=11368"}],"wp:term":[{"taxonomy":"product_cat","embeddable":true,"href":"https:\/\/almacentecno.com.ar\/index.php\/wp-json\/wp\/v2\/product_cat?post=11368"},{"taxonomy":"product_tag","embeddable":true,"href":"https:\/\/almacentecno.com.ar\/index.php\/wp-json\/wp\/v2\/product_tag?post=11368"}],"curies":[{"name":"wp","href":"https:\/\/api.w.org\/{rel}","templated":true}]}}