{"id":11314,"date":"2026-02-01T23:00:39","date_gmt":"2026-02-01T23:00:39","guid":{"rendered":"https:\/\/almacentecno.com.ar\/?post_type=product&#038;p=11314"},"modified":"2026-02-20T20:31:05","modified_gmt":"2026-02-20T20:31:05","slug":"extractor-de-jugo-ultracomb","status":"publish","type":"product","link":"https:\/\/almacentecno.com.ar\/index.php\/product\/extractor-de-jugo-ultracomb\/","title":{"rendered":"Extractor de jugo UltraComb"},"content":{"rendered":"<p>Hay algo mejor que un jugo fresco en cualquier momento del d\u00eda? Tus frutas y verduras preferidas aportan las vitaminas y minerales que tu cuerpo necesita, y con la juguera Ultracomb podr\u00e1s hacerlo muy f\u00e1cil.<\/p>\n<p>Para un mayor control en la elaboraci\u00f3n de tus bebidas, tendr\u00e1s la posibilidad de seleccionar entre las 2 velocidades que este electrodom\u00e9stico ofrece. Su recolector de pulpa te permitir\u00e1 mantenerla separada y extraer todo el l\u00edquido. As\u00ed vas a aprovechar al m\u00e1ximo las frutas y verduras que elijas.<\/p>\n","protected":false},"excerpt":{"rendered":"<p>Hay algo mejor que un jugo fresco en cualquier momento del d\u00eda? Tus frutas y verduras preferidas aportan las vitaminas<\/p>\n","protected":false},"featured_media":11315,"comment_status":"open","ping_status":"closed","template":"","meta":{"_joinchat":[]},"product_cat":[79],"product_tag":[],"class_list":{"0":"post-11314","1":"product","2":"type-product","3":"status-publish","4":"has-post-thumbnail","6":"product_cat-electrodomesticos","8":"first","9":"outofstock","10":"shipping-taxable","11":"product-type-simple"},"jetpack_sharing_enabled":true,"_links":{"self":[{"href":"https:\/\/almacentecno.com.ar\/index.php\/wp-json\/wp\/v2\/product\/11314"}],"collection":[{"href":"https:\/\/almacentecno.com.ar\/index.php\/wp-json\/wp\/v2\/product"}],"about":[{"href":"https:\/\/almacentecno.com.ar\/index.php\/wp-json\/wp\/v2\/types\/product"}],"replies":[{"embeddable":true,"href":"https:\/\/almacentecno.com.ar\/index.php\/wp-json\/wp\/v2\/comments?post=11314"}],"version-history":[{"count":1,"href":"https:\/\/almacentecno.com.ar\/index.php\/wp-json\/wp\/v2\/product\/11314\/revisions"}],"predecessor-version":[{"id":11316,"href":"https:\/\/almacentecno.com.ar\/index.php\/wp-json\/wp\/v2\/product\/11314\/revisions\/11316"}],"wp:featuredmedia":[{"embeddable":true,"href":"https:\/\/almacentecno.com.ar\/index.php\/wp-json\/wp\/v2\/media\/11315"}],"wp:attachment":[{"href":"https:\/\/almacentecno.com.ar\/index.php\/wp-json\/wp\/v2\/media?parent=11314"}],"wp:term":[{"taxonomy":"product_cat","embeddable":true,"href":"https:\/\/almacentecno.com.ar\/index.php\/wp-json\/wp\/v2\/product_cat?post=11314"},{"taxonomy":"product_tag","embeddable":true,"href":"https:\/\/almacentecno.com.ar\/index.php\/wp-json\/wp\/v2\/product_tag?post=11314"}],"curies":[{"name":"wp","href":"https:\/\/api.w.org\/{rel}","templated":true}]}}