{"id":11304,"date":"2026-01-10T23:36:19","date_gmt":"2026-01-10T23:36:19","guid":{"rendered":"https:\/\/almacentecno.com.ar\/?post_type=product&#038;p=11304"},"modified":"2026-04-14T23:50:26","modified_gmt":"2026-04-14T23:50:26","slug":"consola-inalambrica-suono","status":"publish","type":"product","link":"https:\/\/almacentecno.com.ar\/index.php\/product\/consola-inalambrica-suono\/","title":{"rendered":"Consola Inalambrica Suono"},"content":{"rendered":"<div class=\"product-description user-content\">\n<ul>\n<li>640 juegos de 8 bits (cl\u00e1sicos).<\/li>\n<li>2 joystick inal\u00e1mbricos.<\/li>\n<li>Conexi\u00f3n al TV (RCA).<\/li>\n<\/ul>\n<\/div>\n","protected":false},"excerpt":{"rendered":"<p>640 juegos de 8 bits (cl\u00e1sicos). 2 joystick inal\u00e1mbricos. Conexi\u00f3n al TV (RCA).<\/p>\n","protected":false},"featured_media":11305,"comment_status":"open","ping_status":"closed","template":"","meta":{"_joinchat":[]},"product_cat":[53,28],"product_tag":[],"class_list":{"0":"post-11304","1":"product","2":"type-product","3":"status-publish","4":"has-post-thumbnail","6":"product_cat-juguetes","7":"product_cat-videojuegos","9":"first","10":"instock","11":"shipping-taxable","12":"purchasable","13":"product-type-simple"},"jetpack_sharing_enabled":true,"_links":{"self":[{"href":"https:\/\/almacentecno.com.ar\/index.php\/wp-json\/wp\/v2\/product\/11304"}],"collection":[{"href":"https:\/\/almacentecno.com.ar\/index.php\/wp-json\/wp\/v2\/product"}],"about":[{"href":"https:\/\/almacentecno.com.ar\/index.php\/wp-json\/wp\/v2\/types\/product"}],"replies":[{"embeddable":true,"href":"https:\/\/almacentecno.com.ar\/index.php\/wp-json\/wp\/v2\/comments?post=11304"}],"version-history":[{"count":1,"href":"https:\/\/almacentecno.com.ar\/index.php\/wp-json\/wp\/v2\/product\/11304\/revisions"}],"predecessor-version":[{"id":11307,"href":"https:\/\/almacentecno.com.ar\/index.php\/wp-json\/wp\/v2\/product\/11304\/revisions\/11307"}],"wp:featuredmedia":[{"embeddable":true,"href":"https:\/\/almacentecno.com.ar\/index.php\/wp-json\/wp\/v2\/media\/11305"}],"wp:attachment":[{"href":"https:\/\/almacentecno.com.ar\/index.php\/wp-json\/wp\/v2\/media?parent=11304"}],"wp:term":[{"taxonomy":"product_cat","embeddable":true,"href":"https:\/\/almacentecno.com.ar\/index.php\/wp-json\/wp\/v2\/product_cat?post=11304"},{"taxonomy":"product_tag","embeddable":true,"href":"https:\/\/almacentecno.com.ar\/index.php\/wp-json\/wp\/v2\/product_tag?post=11304"}],"curies":[{"name":"wp","href":"https:\/\/api.w.org\/{rel}","templated":true}]}}