{"id":11286,"date":"2025-12-26T22:25:27","date_gmt":"2025-12-26T22:25:27","guid":{"rendered":"https:\/\/almacentecno.com.ar\/?post_type=product&#038;p=11286"},"modified":"2026-04-14T23:50:38","modified_gmt":"2026-04-14T23:50:38","slug":"vasos-quencher-12l","status":"publish","type":"product","link":"https:\/\/almacentecno.com.ar\/index.php\/product\/vasos-quencher-12l\/","title":{"rendered":"Vasos Quencher 1,2L"},"content":{"rendered":"<p>Vaso Termico 1.2lt Acero Inoxidable con Tapa y Sorbete<\/p>\n<p>-Material: Acero inoxidable de alta calidad, con tapa pl\u00e1stica transparente y sorbete reutilizable.<\/p>\n<p>-Capacidad: 1200 ml.<\/p>\n<p>-Colores: Blanco, gris, fucsia, celeste, negro. (sujeto a disponibilidad).<\/p>\n<p>-Conserva las bebidas calientes y fr\u00edas. Incluye tapa a rosca anti derrames con apertura para sorbete. Dise\u00f1o ergon\u00f3mico con manija resistente para un agarre c\u00f3modo. Ideal para bebidas calientes y fr\u00edas. Estilo moderno y funcional.<\/p>\n","protected":false},"excerpt":{"rendered":"<p>Vaso Termico 1.2lt Acero Inoxidable con Tapa y Sorbete -Material: Acero inoxidable de alta calidad, con tapa pl\u00e1stica transparente y<\/p>\n","protected":false},"featured_media":11287,"comment_status":"open","ping_status":"closed","template":"","meta":{"_joinchat":[]},"product_cat":[79],"product_tag":[],"class_list":{"0":"post-11286","1":"product","2":"type-product","3":"status-publish","4":"has-post-thumbnail","6":"product_cat-electrodomesticos","8":"first","9":"instock","10":"shipping-taxable","11":"purchasable","12":"product-type-simple"},"jetpack_sharing_enabled":true,"_links":{"self":[{"href":"https:\/\/almacentecno.com.ar\/index.php\/wp-json\/wp\/v2\/product\/11286"}],"collection":[{"href":"https:\/\/almacentecno.com.ar\/index.php\/wp-json\/wp\/v2\/product"}],"about":[{"href":"https:\/\/almacentecno.com.ar\/index.php\/wp-json\/wp\/v2\/types\/product"}],"replies":[{"embeddable":true,"href":"https:\/\/almacentecno.com.ar\/index.php\/wp-json\/wp\/v2\/comments?post=11286"}],"version-history":[{"count":1,"href":"https:\/\/almacentecno.com.ar\/index.php\/wp-json\/wp\/v2\/product\/11286\/revisions"}],"predecessor-version":[{"id":11291,"href":"https:\/\/almacentecno.com.ar\/index.php\/wp-json\/wp\/v2\/product\/11286\/revisions\/11291"}],"wp:featuredmedia":[{"embeddable":true,"href":"https:\/\/almacentecno.com.ar\/index.php\/wp-json\/wp\/v2\/media\/11287"}],"wp:attachment":[{"href":"https:\/\/almacentecno.com.ar\/index.php\/wp-json\/wp\/v2\/media?parent=11286"}],"wp:term":[{"taxonomy":"product_cat","embeddable":true,"href":"https:\/\/almacentecno.com.ar\/index.php\/wp-json\/wp\/v2\/product_cat?post=11286"},{"taxonomy":"product_tag","embeddable":true,"href":"https:\/\/almacentecno.com.ar\/index.php\/wp-json\/wp\/v2\/product_tag?post=11286"}],"curies":[{"name":"wp","href":"https:\/\/api.w.org\/{rel}","templated":true}]}}