{"id":11157,"date":"2025-10-30T21:34:48","date_gmt":"2025-10-30T21:34:48","guid":{"rendered":"https:\/\/almacentecno.com.ar\/?post_type=product&#038;p=11157"},"modified":"2025-10-30T21:36:20","modified_gmt":"2025-10-30T21:36:20","slug":"tender-de-pie-con-alas","status":"publish","type":"product","link":"https:\/\/almacentecno.com.ar\/index.php\/product\/tender-de-pie-con-alas\/","title":{"rendered":"Tender de pie con alas"},"content":{"rendered":"<p>Tender Aluminio C\/alas, un producto dise\u00f1ado para ofrecerte la m\u00e1xima funcionalidad y durabilidad. Es ideal para espacios reducidos y se puede colocar de pie, optimizando el uso de tu \u00e1rea de lavander\u00eda. Su material de aluminio reforzado asegura resistencia y ligereza, facilitando su manejo. Adem\u00e1s, este modelo no es extensible, lo que le otorga una estructura estable y confiable.<\/p>\n","protected":false},"excerpt":{"rendered":"<p>Tender Aluminio C\/alas, un producto dise\u00f1ado para ofrecerte la m\u00e1xima funcionalidad y durabilidad. Es ideal para espacios reducidos y se<\/p>\n","protected":false},"featured_media":11148,"comment_status":"open","ping_status":"closed","template":"","meta":{"_joinchat":[]},"product_cat":[79],"product_tag":[],"class_list":{"0":"post-11157","1":"product","2":"type-product","3":"status-publish","4":"has-post-thumbnail","6":"product_cat-electrodomesticos","8":"first","9":"instock","10":"shipping-taxable","11":"purchasable","12":"product-type-simple"},"jetpack_sharing_enabled":true,"_links":{"self":[{"href":"https:\/\/almacentecno.com.ar\/index.php\/wp-json\/wp\/v2\/product\/11157"}],"collection":[{"href":"https:\/\/almacentecno.com.ar\/index.php\/wp-json\/wp\/v2\/product"}],"about":[{"href":"https:\/\/almacentecno.com.ar\/index.php\/wp-json\/wp\/v2\/types\/product"}],"replies":[{"embeddable":true,"href":"https:\/\/almacentecno.com.ar\/index.php\/wp-json\/wp\/v2\/comments?post=11157"}],"version-history":[{"count":1,"href":"https:\/\/almacentecno.com.ar\/index.php\/wp-json\/wp\/v2\/product\/11157\/revisions"}],"predecessor-version":[{"id":11159,"href":"https:\/\/almacentecno.com.ar\/index.php\/wp-json\/wp\/v2\/product\/11157\/revisions\/11159"}],"wp:featuredmedia":[{"embeddable":true,"href":"https:\/\/almacentecno.com.ar\/index.php\/wp-json\/wp\/v2\/media\/11148"}],"wp:attachment":[{"href":"https:\/\/almacentecno.com.ar\/index.php\/wp-json\/wp\/v2\/media?parent=11157"}],"wp:term":[{"taxonomy":"product_cat","embeddable":true,"href":"https:\/\/almacentecno.com.ar\/index.php\/wp-json\/wp\/v2\/product_cat?post=11157"},{"taxonomy":"product_tag","embeddable":true,"href":"https:\/\/almacentecno.com.ar\/index.php\/wp-json\/wp\/v2\/product_tag?post=11157"}],"curies":[{"name":"wp","href":"https:\/\/api.w.org\/{rel}","templated":true}]}}