{"id":11150,"date":"2025-10-30T20:34:30","date_gmt":"2025-10-30T20:34:30","guid":{"rendered":"https:\/\/almacentecno.com.ar\/?post_type=product&#038;p=11150"},"modified":"2026-02-20T20:39:04","modified_gmt":"2026-02-20T20:39:04","slug":"set-de-ollas-oryx","status":"publish","type":"product","link":"https:\/\/almacentecno.com.ar\/index.php\/product\/set-de-ollas-oryx\/","title":{"rendered":"Set de ollas Oryx"},"content":{"rendered":"<p class=\"ui-pdp-title\">Bater\u00eda De Cocina Oryx Set De Ollas 4 Piezas<\/p>\n<p class=\"ui-pdp-title\">La bater\u00eda de cocina Oryx es la elecci\u00f3n perfecta para quienes buscan calidad y eficiencia en la cocina. Este set incluye cuatro elementos esenciales: una olla con tapa de vidrio templado, una sart\u00e9n profunda y una sart\u00e9n mediana bifera, ofreciendo versatilidad para preparar una variedad de platillos.<\/p>\n<p>El material de tecnolog\u00eda antiadherente garantiza que los alimentos se cocinen uniformemente y se despeguen f\u00e1cilmente, facilitando la limpieza y mejorando la experiencia gastron\u00f3mica.<\/p>\n<p>&nbsp;<\/p>\n","protected":false},"excerpt":{"rendered":"<p>Bater\u00eda De Cocina Oryx Set De Ollas 4 Piezas La bater\u00eda de cocina Oryx es la elecci\u00f3n perfecta para quienes<\/p>\n","protected":false},"featured_media":11153,"comment_status":"open","ping_status":"closed","template":"","meta":{"_joinchat":[]},"product_cat":[79],"product_tag":[],"class_list":{"0":"post-11150","1":"product","2":"type-product","3":"status-publish","4":"has-post-thumbnail","6":"product_cat-electrodomesticos","8":"first","9":"outofstock","10":"shipping-taxable","11":"purchasable","12":"product-type-simple"},"jetpack_sharing_enabled":true,"_links":{"self":[{"href":"https:\/\/almacentecno.com.ar\/index.php\/wp-json\/wp\/v2\/product\/11150"}],"collection":[{"href":"https:\/\/almacentecno.com.ar\/index.php\/wp-json\/wp\/v2\/product"}],"about":[{"href":"https:\/\/almacentecno.com.ar\/index.php\/wp-json\/wp\/v2\/types\/product"}],"replies":[{"embeddable":true,"href":"https:\/\/almacentecno.com.ar\/index.php\/wp-json\/wp\/v2\/comments?post=11150"}],"version-history":[{"count":2,"href":"https:\/\/almacentecno.com.ar\/index.php\/wp-json\/wp\/v2\/product\/11150\/revisions"}],"predecessor-version":[{"id":11155,"href":"https:\/\/almacentecno.com.ar\/index.php\/wp-json\/wp\/v2\/product\/11150\/revisions\/11155"}],"wp:featuredmedia":[{"embeddable":true,"href":"https:\/\/almacentecno.com.ar\/index.php\/wp-json\/wp\/v2\/media\/11153"}],"wp:attachment":[{"href":"https:\/\/almacentecno.com.ar\/index.php\/wp-json\/wp\/v2\/media?parent=11150"}],"wp:term":[{"taxonomy":"product_cat","embeddable":true,"href":"https:\/\/almacentecno.com.ar\/index.php\/wp-json\/wp\/v2\/product_cat?post=11150"},{"taxonomy":"product_tag","embeddable":true,"href":"https:\/\/almacentecno.com.ar\/index.php\/wp-json\/wp\/v2\/product_tag?post=11150"}],"curies":[{"name":"wp","href":"https:\/\/api.w.org\/{rel}","templated":true}]}}