{"id":11073,"date":"2025-08-23T13:58:12","date_gmt":"2025-08-23T13:58:12","guid":{"rendered":"https:\/\/almacentecno.com.ar\/?post_type=product&#038;p=11073"},"modified":"2026-02-20T20:40:28","modified_gmt":"2026-02-20T20:40:28","slug":"minidispenser-de-agua-ninos","status":"publish","type":"product","link":"https:\/\/almacentecno.com.ar\/index.php\/product\/minidispenser-de-agua-ninos\/","title":{"rendered":"Dispenser de agua Ni\u00f1os"},"content":{"rendered":"<p>Minidispensador de agua para ni\u00f1os de 300 ml<\/p>\n<p>Estos dispensadores no solo son hermosos, sino que tambi\u00e9n animan a los ni\u00f1os a beber m\u00e1s agua de una manera muy divertida.<br \/>\nEst\u00e1n hechos de material ABS de alta calidad.<\/p>\n<p>Especificaciones:<\/p>\n<p>Tama\u00f1o del art\u00edculo: 22,5 cm x 10 cm x 9 cm<br \/>\nPeso: 160 g<br \/>\nCapacidad: 300 ml<br \/>\nContenido del paquete:<br \/>\n1 minibedero y vasito<\/p>\n","protected":false},"excerpt":{"rendered":"<p>Minidispensador de agua para ni\u00f1os de 300 ml Estos dispensadores no solo son hermosos, sino que tambi\u00e9n animan a los<\/p>\n","protected":false},"featured_media":11181,"comment_status":"open","ping_status":"closed","template":"","meta":{"_joinchat":[]},"product_cat":[77,53,81],"product_tag":[],"class_list":{"0":"post-11073","1":"product","2":"type-product","3":"status-publish","4":"has-post-thumbnail","6":"product_cat-accesorios","7":"product_cat-juguetes","8":"product_cat-tiempo-libre","10":"first","11":"instock","12":"shipping-taxable","13":"purchasable","14":"product-type-simple"},"jetpack_sharing_enabled":true,"_links":{"self":[{"href":"https:\/\/almacentecno.com.ar\/index.php\/wp-json\/wp\/v2\/product\/11073"}],"collection":[{"href":"https:\/\/almacentecno.com.ar\/index.php\/wp-json\/wp\/v2\/product"}],"about":[{"href":"https:\/\/almacentecno.com.ar\/index.php\/wp-json\/wp\/v2\/types\/product"}],"replies":[{"embeddable":true,"href":"https:\/\/almacentecno.com.ar\/index.php\/wp-json\/wp\/v2\/comments?post=11073"}],"version-history":[{"count":3,"href":"https:\/\/almacentecno.com.ar\/index.php\/wp-json\/wp\/v2\/product\/11073\/revisions"}],"predecessor-version":[{"id":11183,"href":"https:\/\/almacentecno.com.ar\/index.php\/wp-json\/wp\/v2\/product\/11073\/revisions\/11183"}],"wp:featuredmedia":[{"embeddable":true,"href":"https:\/\/almacentecno.com.ar\/index.php\/wp-json\/wp\/v2\/media\/11181"}],"wp:attachment":[{"href":"https:\/\/almacentecno.com.ar\/index.php\/wp-json\/wp\/v2\/media?parent=11073"}],"wp:term":[{"taxonomy":"product_cat","embeddable":true,"href":"https:\/\/almacentecno.com.ar\/index.php\/wp-json\/wp\/v2\/product_cat?post=11073"},{"taxonomy":"product_tag","embeddable":true,"href":"https:\/\/almacentecno.com.ar\/index.php\/wp-json\/wp\/v2\/product_tag?post=11073"}],"curies":[{"name":"wp","href":"https:\/\/api.w.org\/{rel}","templated":true}]}}