{"id":11067,"date":"2025-08-22T00:46:28","date_gmt":"2025-08-22T00:46:28","guid":{"rendered":"https:\/\/almacentecno.com.ar\/?post_type=product&#038;p=11067"},"modified":"2025-10-20T22:13:48","modified_gmt":"2025-10-20T22:13:48","slug":"maquina-de-minidonas","status":"publish","type":"product","link":"https:\/\/almacentecno.com.ar\/index.php\/product\/maquina-de-minidonas\/","title":{"rendered":"Maquina de minidonas"},"content":{"rendered":"<p>M\u00e1quina de Mini Donas Hytoshy. Con su capacidad para preparar hasta 7 deliciosas mini donas de 5 cm de di\u00e1metro, podr\u00e1s deleitar a tus amigos y familiares en cualquier ocasi\u00f3n. Su dise\u00f1o compacto la hace perfecta para cualquier cocina, ocupando poco espacio sin sacrificar funcionalidad. La m\u00e1quina cuenta con placas antiadherentes que garantizan un f\u00e1cil desmolde, evitando que tus donas se peguen y asegurando resultados perfectos en cada uso. Su potente motor de 1200 W asegura un calentamiento r\u00e1pido y eficiente. Adem\u00e1s, su luz indicadora de encendido te permitir\u00e1 saber cu\u00e1ndo est\u00e1 lista para usar.<\/p>\n<p>&nbsp;<\/p>\n","protected":false},"excerpt":{"rendered":"<p>M\u00e1quina de Mini Donas Hytoshy. Con su capacidad para preparar hasta 7 deliciosas mini donas de 5 cm de di\u00e1metro,<\/p>\n","protected":false},"featured_media":11068,"comment_status":"open","ping_status":"closed","template":"","meta":{"_joinchat":[]},"product_cat":[79],"product_tag":[],"class_list":{"0":"post-11067","1":"product","2":"type-product","3":"status-publish","4":"has-post-thumbnail","6":"product_cat-electrodomesticos","8":"first","9":"outofstock","10":"shipping-taxable","11":"purchasable","12":"product-type-simple"},"jetpack_sharing_enabled":true,"_links":{"self":[{"href":"https:\/\/almacentecno.com.ar\/index.php\/wp-json\/wp\/v2\/product\/11067"}],"collection":[{"href":"https:\/\/almacentecno.com.ar\/index.php\/wp-json\/wp\/v2\/product"}],"about":[{"href":"https:\/\/almacentecno.com.ar\/index.php\/wp-json\/wp\/v2\/types\/product"}],"replies":[{"embeddable":true,"href":"https:\/\/almacentecno.com.ar\/index.php\/wp-json\/wp\/v2\/comments?post=11067"}],"version-history":[{"count":1,"href":"https:\/\/almacentecno.com.ar\/index.php\/wp-json\/wp\/v2\/product\/11067\/revisions"}],"predecessor-version":[{"id":11070,"href":"https:\/\/almacentecno.com.ar\/index.php\/wp-json\/wp\/v2\/product\/11067\/revisions\/11070"}],"wp:featuredmedia":[{"embeddable":true,"href":"https:\/\/almacentecno.com.ar\/index.php\/wp-json\/wp\/v2\/media\/11068"}],"wp:attachment":[{"href":"https:\/\/almacentecno.com.ar\/index.php\/wp-json\/wp\/v2\/media?parent=11067"}],"wp:term":[{"taxonomy":"product_cat","embeddable":true,"href":"https:\/\/almacentecno.com.ar\/index.php\/wp-json\/wp\/v2\/product_cat?post=11067"},{"taxonomy":"product_tag","embeddable":true,"href":"https:\/\/almacentecno.com.ar\/index.php\/wp-json\/wp\/v2\/product_tag?post=11067"}],"curies":[{"name":"wp","href":"https:\/\/api.w.org\/{rel}","templated":true}]}}