{"id":11037,"date":"2025-06-12T23:39:55","date_gmt":"2025-06-12T23:39:55","guid":{"rendered":"https:\/\/almacentecno.com.ar\/?post_type=product&#038;p=11037"},"modified":"2026-03-01T01:00:06","modified_gmt":"2026-03-01T01:00:06","slug":"juego-de-utensilios-de-cocina-silicona-de-14-piezas","status":"publish","type":"product","link":"https:\/\/almacentecno.com.ar\/index.php\/product\/juego-de-utensilios-de-cocina-silicona-de-14-piezas\/","title":{"rendered":"Juego De Utensilios De Cocina, Silicona De 12 Piezas"},"content":{"rendered":"<p>Mango de madera resistente al calor, que no se derrite. incluso si se usan en un entorno de fritura a alta temperatura, no se derretir\u00e1n ni producir\u00e1n humo. El mango de madera se siente c\u00f3modo y fuerte para sostener, evita la transferencia de calor, por lo que no tiene que preocuparse por quemarse las manos del chef. Nota: Debido a la particularidad de la madera natural, el color y la textura de cada mango de madera ser\u00e1n diferentes. Este juego de utensilios de cocina es una buena opci\u00f3n de regalo.<\/p>\n","protected":false},"excerpt":{"rendered":"<p>Mango de madera resistente al calor, que no se derrite. incluso si se usan en un entorno de fritura a<\/p>\n","protected":false},"featured_media":11038,"comment_status":"open","ping_status":"closed","template":"","meta":{"_joinchat":[]},"product_cat":[79],"product_tag":[],"class_list":{"0":"post-11037","1":"product","2":"type-product","3":"status-publish","4":"has-post-thumbnail","6":"product_cat-electrodomesticos","8":"first","9":"instock","10":"shipping-taxable","11":"purchasable","12":"product-type-simple"},"jetpack_sharing_enabled":true,"_links":{"self":[{"href":"https:\/\/almacentecno.com.ar\/index.php\/wp-json\/wp\/v2\/product\/11037"}],"collection":[{"href":"https:\/\/almacentecno.com.ar\/index.php\/wp-json\/wp\/v2\/product"}],"about":[{"href":"https:\/\/almacentecno.com.ar\/index.php\/wp-json\/wp\/v2\/types\/product"}],"replies":[{"embeddable":true,"href":"https:\/\/almacentecno.com.ar\/index.php\/wp-json\/wp\/v2\/comments?post=11037"}],"version-history":[{"count":2,"href":"https:\/\/almacentecno.com.ar\/index.php\/wp-json\/wp\/v2\/product\/11037\/revisions"}],"predecessor-version":[{"id":11040,"href":"https:\/\/almacentecno.com.ar\/index.php\/wp-json\/wp\/v2\/product\/11037\/revisions\/11040"}],"wp:featuredmedia":[{"embeddable":true,"href":"https:\/\/almacentecno.com.ar\/index.php\/wp-json\/wp\/v2\/media\/11038"}],"wp:attachment":[{"href":"https:\/\/almacentecno.com.ar\/index.php\/wp-json\/wp\/v2\/media?parent=11037"}],"wp:term":[{"taxonomy":"product_cat","embeddable":true,"href":"https:\/\/almacentecno.com.ar\/index.php\/wp-json\/wp\/v2\/product_cat?post=11037"},{"taxonomy":"product_tag","embeddable":true,"href":"https:\/\/almacentecno.com.ar\/index.php\/wp-json\/wp\/v2\/product_tag?post=11037"}],"curies":[{"name":"wp","href":"https:\/\/api.w.org\/{rel}","templated":true}]}}