{"id":11027,"date":"2025-06-12T23:07:17","date_gmt":"2025-06-12T23:07:17","guid":{"rendered":"https:\/\/almacentecno.com.ar\/?post_type=product&#038;p=11027"},"modified":"2025-08-16T23:00:15","modified_gmt":"2025-08-16T23:00:15","slug":"mopa-escurridor-waggs-con-balde-centrifugador","status":"publish","type":"product","link":"https:\/\/almacentecno.com.ar\/index.php\/product\/mopa-escurridor-waggs-con-balde-centrifugador\/","title":{"rendered":"Mopa Escurridor Waggs con balde centrifugador"},"content":{"rendered":"<p>Optimiza tu limpieza con el balde mopa centr\u00edfugo de alta resistencia. Su tambor y bast\u00f3n de acero inoxidable garantizan durabilidad, mientras que su sistema de centrifugado por presi\u00f3n facilita el escurrido sin esfuerzo. Con dispenser de jab\u00f3n, tap\u00f3n de desagote y ruedas, es pr\u00e1ctico y vers\u00e1til. Incluye dos pa\u00f1os superabsorbentes y es compatible con repuestos universales.<\/p>\n<p>Detalles T\u00e9cnicos<br \/>\n\u2022 Material del tambor: Acero Inoxidable<br \/>\n\u2022 Material del bast\u00f3n: Acero Inoxidable<br \/>\n\u2022 Material del plato: Pl\u00e1stico<br \/>\n\u2022 Material balde: Pl\u00e1stico reforzado Resistente<br \/>\n\u2022 Cuenta con Tap\u00f3n para desagote<br \/>\n\u2022 Incluye 2 Pa\u00f1os de Micr\u00f3fibra.<br \/>\n\u2022 Tiene dispenser para Jab\u00f3n<br \/>\n\u2022 Centrifugado por presi\u00f3n en el palo<br \/>\n\u2022 Capacidad de 13 Litros<br \/>\n\u2022 El repuesto de la mopa es universal.<\/p>\n","protected":false},"excerpt":{"rendered":"<p>Optimiza tu limpieza con el balde mopa centr\u00edfugo de alta resistencia. Su tambor y bast\u00f3n de acero inoxidable garantizan durabilidad,<\/p>\n","protected":false},"featured_media":11028,"comment_status":"open","ping_status":"closed","template":"","meta":{"_joinchat":[]},"product_cat":[79],"product_tag":[],"class_list":{"0":"post-11027","1":"product","2":"type-product","3":"status-publish","4":"has-post-thumbnail","6":"product_cat-electrodomesticos","8":"first","9":"outofstock","10":"shipping-taxable","11":"purchasable","12":"product-type-simple"},"jetpack_sharing_enabled":true,"_links":{"self":[{"href":"https:\/\/almacentecno.com.ar\/index.php\/wp-json\/wp\/v2\/product\/11027"}],"collection":[{"href":"https:\/\/almacentecno.com.ar\/index.php\/wp-json\/wp\/v2\/product"}],"about":[{"href":"https:\/\/almacentecno.com.ar\/index.php\/wp-json\/wp\/v2\/types\/product"}],"replies":[{"embeddable":true,"href":"https:\/\/almacentecno.com.ar\/index.php\/wp-json\/wp\/v2\/comments?post=11027"}],"version-history":[{"count":1,"href":"https:\/\/almacentecno.com.ar\/index.php\/wp-json\/wp\/v2\/product\/11027\/revisions"}],"predecessor-version":[{"id":11029,"href":"https:\/\/almacentecno.com.ar\/index.php\/wp-json\/wp\/v2\/product\/11027\/revisions\/11029"}],"wp:featuredmedia":[{"embeddable":true,"href":"https:\/\/almacentecno.com.ar\/index.php\/wp-json\/wp\/v2\/media\/11028"}],"wp:attachment":[{"href":"https:\/\/almacentecno.com.ar\/index.php\/wp-json\/wp\/v2\/media?parent=11027"}],"wp:term":[{"taxonomy":"product_cat","embeddable":true,"href":"https:\/\/almacentecno.com.ar\/index.php\/wp-json\/wp\/v2\/product_cat?post=11027"},{"taxonomy":"product_tag","embeddable":true,"href":"https:\/\/almacentecno.com.ar\/index.php\/wp-json\/wp\/v2\/product_tag?post=11027"}],"curies":[{"name":"wp","href":"https:\/\/api.w.org\/{rel}","templated":true}]}}