{"id":10997,"date":"2025-05-29T21:36:27","date_gmt":"2025-05-29T21:36:27","guid":{"rendered":"https:\/\/almacentecno.com.ar\/?post_type=product&#038;p=10997"},"modified":"2025-08-16T22:59:02","modified_gmt":"2025-08-16T22:59:02","slug":"pava-electrica-jarra-18litros","status":"publish","type":"product","link":"https:\/\/almacentecno.com.ar\/index.php\/product\/pava-electrica-jarra-18litros\/","title":{"rendered":"Pava Electrica Jarra 1,8Litros"},"content":{"rendered":"<p>Pava El\u00e9ctrica de 1,8 Litros<\/p>\n<ul>\n<li>Jarra desmontable con base de alimentaci\u00f3n<\/li>\n<li>Desconexi\u00f3n de seguridad para no sobrecalentar<\/li>\n<li>Apagado autom\u00e1tico cuando el agua el hierve<\/li>\n<li>tapa con bisagras y cierre a encastre<\/li>\n<li>Base giratoria de 360<\/li>\n<\/ul>\n","protected":false},"excerpt":{"rendered":"<p>Pava El\u00e9ctrica de 1,8 Litros Jarra desmontable con base de alimentaci\u00f3n Desconexi\u00f3n de seguridad para no sobrecalentar Apagado autom\u00e1tico cuando<\/p>\n","protected":false},"featured_media":10998,"comment_status":"open","ping_status":"closed","template":"","meta":{"_joinchat":[]},"product_cat":[79],"product_tag":[],"class_list":{"0":"post-10997","1":"product","2":"type-product","3":"status-publish","4":"has-post-thumbnail","6":"product_cat-electrodomesticos","8":"first","9":"instock","10":"shipping-taxable","11":"purchasable","12":"product-type-simple"},"jetpack_sharing_enabled":true,"_links":{"self":[{"href":"https:\/\/almacentecno.com.ar\/index.php\/wp-json\/wp\/v2\/product\/10997"}],"collection":[{"href":"https:\/\/almacentecno.com.ar\/index.php\/wp-json\/wp\/v2\/product"}],"about":[{"href":"https:\/\/almacentecno.com.ar\/index.php\/wp-json\/wp\/v2\/types\/product"}],"replies":[{"embeddable":true,"href":"https:\/\/almacentecno.com.ar\/index.php\/wp-json\/wp\/v2\/comments?post=10997"}],"version-history":[{"count":1,"href":"https:\/\/almacentecno.com.ar\/index.php\/wp-json\/wp\/v2\/product\/10997\/revisions"}],"predecessor-version":[{"id":10999,"href":"https:\/\/almacentecno.com.ar\/index.php\/wp-json\/wp\/v2\/product\/10997\/revisions\/10999"}],"wp:featuredmedia":[{"embeddable":true,"href":"https:\/\/almacentecno.com.ar\/index.php\/wp-json\/wp\/v2\/media\/10998"}],"wp:attachment":[{"href":"https:\/\/almacentecno.com.ar\/index.php\/wp-json\/wp\/v2\/media?parent=10997"}],"wp:term":[{"taxonomy":"product_cat","embeddable":true,"href":"https:\/\/almacentecno.com.ar\/index.php\/wp-json\/wp\/v2\/product_cat?post=10997"},{"taxonomy":"product_tag","embeddable":true,"href":"https:\/\/almacentecno.com.ar\/index.php\/wp-json\/wp\/v2\/product_tag?post=10997"}],"curies":[{"name":"wp","href":"https:\/\/api.w.org\/{rel}","templated":true}]}}