{"id":10994,"date":"2025-05-29T21:29:41","date_gmt":"2025-05-29T21:29:41","guid":{"rendered":"https:\/\/almacentecno.com.ar\/?post_type=product&#038;p=10994"},"modified":"2025-05-29T21:29:41","modified_gmt":"2025-05-29T21:29:41","slug":"anafe-electrico-simple","status":"publish","type":"product","link":"https:\/\/almacentecno.com.ar\/index.php\/product\/anafe-electrico-simple\/","title":{"rendered":"Anafe Electrico Simple"},"content":{"rendered":"<p>EL ANAFE QUE MERECES!!<\/p>\n<ul>\n<li>Una hornalla<\/li>\n<li>Luces indicadoras de encendido\/apagado<\/li>\n<li>Regulaci\u00f3n de temperatura<\/li>\n<li>Termostato de protecci\u00f3n autom\u00e1tico<\/li>\n<li>Protecci\u00f3n contra el calentamiento<\/li>\n<li>Antiadherente<\/li>\n<li>Potencia: 220v-50hz 1000w<\/li>\n<\/ul>\n","protected":false},"excerpt":{"rendered":"<p>EL ANAFE QUE MERECES!! Una hornalla Luces indicadoras de encendido\/apagado Regulaci\u00f3n de temperatura Termostato de protecci\u00f3n autom\u00e1tico Protecci\u00f3n contra el<\/p>\n","protected":false},"featured_media":10995,"comment_status":"open","ping_status":"closed","template":"","meta":{"_joinchat":[]},"product_cat":[79],"product_tag":[],"class_list":{"0":"post-10994","1":"product","2":"type-product","3":"status-publish","4":"has-post-thumbnail","6":"product_cat-electrodomesticos","8":"first","9":"instock","10":"shipping-taxable","11":"purchasable","12":"product-type-simple"},"jetpack_sharing_enabled":true,"_links":{"self":[{"href":"https:\/\/almacentecno.com.ar\/index.php\/wp-json\/wp\/v2\/product\/10994"}],"collection":[{"href":"https:\/\/almacentecno.com.ar\/index.php\/wp-json\/wp\/v2\/product"}],"about":[{"href":"https:\/\/almacentecno.com.ar\/index.php\/wp-json\/wp\/v2\/types\/product"}],"replies":[{"embeddable":true,"href":"https:\/\/almacentecno.com.ar\/index.php\/wp-json\/wp\/v2\/comments?post=10994"}],"version-history":[{"count":1,"href":"https:\/\/almacentecno.com.ar\/index.php\/wp-json\/wp\/v2\/product\/10994\/revisions"}],"predecessor-version":[{"id":10996,"href":"https:\/\/almacentecno.com.ar\/index.php\/wp-json\/wp\/v2\/product\/10994\/revisions\/10996"}],"wp:featuredmedia":[{"embeddable":true,"href":"https:\/\/almacentecno.com.ar\/index.php\/wp-json\/wp\/v2\/media\/10995"}],"wp:attachment":[{"href":"https:\/\/almacentecno.com.ar\/index.php\/wp-json\/wp\/v2\/media?parent=10994"}],"wp:term":[{"taxonomy":"product_cat","embeddable":true,"href":"https:\/\/almacentecno.com.ar\/index.php\/wp-json\/wp\/v2\/product_cat?post=10994"},{"taxonomy":"product_tag","embeddable":true,"href":"https:\/\/almacentecno.com.ar\/index.php\/wp-json\/wp\/v2\/product_tag?post=10994"}],"curies":[{"name":"wp","href":"https:\/\/api.w.org\/{rel}","templated":true}]}}