{"id":10990,"date":"2025-05-29T20:18:51","date_gmt":"2025-05-29T20:18:51","guid":{"rendered":"https:\/\/almacentecno.com.ar\/?post_type=product&#038;p=10990"},"modified":"2026-02-20T20:43:36","modified_gmt":"2026-02-20T20:43:36","slug":"mini-licuadora-portatil-recargable-usb-vaso","status":"publish","type":"product","link":"https:\/\/almacentecno.com.ar\/index.php\/product\/mini-licuadora-portatil-recargable-usb-vaso\/","title":{"rendered":"Mini Licuadora Portatil Recargable Usb Vaso"},"content":{"rendered":"<p>La Mini Licuadora Port\u00e1til Recargable USB, es el aliado perfecto para tu estilo de vida saludable. Con una capacidad de 380 ml, esta batidora es ideal para preparar tus batidos y jugos favoritos en cualquier lugar. Su potente motor de 1500 rpm y sus 6 cuchillas de acero inoxidable garantizan una mezcla eficiente y homog\u00e9nea. Su dise\u00f1o port\u00e1til y base antideslizante aseguran un uso c\u00f3modo y seguro. La bater\u00eda recargable por USB permite una carga r\u00e1pida en solo 3 horas, brind\u00e1ndote la libertad de disfrutar de tus bebidas saludables sin complicaciones. Perfecta para uso persona<\/p>\n<div class=\"ui-pdp-container__row ui-pdp-container__row--highlighted-features\">\n<div class=\"ui-vpp-highlighted-specs__features\">\n<ul class=\"ui-vpp-highlighted-specs__features-list\">\n<li class=\"ui-vpp-highlighted-specs__features-list-item ui-pdp-color--BLACK ui-pdp-size--XSMALL ui-pdp-family--REGULAR\">Voltaje: 220V<\/li>\n<li class=\"ui-vpp-highlighted-specs__features-list-item ui-pdp-color--BLACK ui-pdp-size--XSMALL ui-pdp-family--REGULAR\">Capacidad de 380\u00a0mL.<\/li>\n<li class=\"ui-vpp-highlighted-specs__features-list-item ui-pdp-color--BLACK ui-pdp-size--XSMALL ui-pdp-family--REGULAR\">Su potencia es de 5\u00a0W.<\/li>\n<li class=\"ui-vpp-highlighted-specs__features-list-item ui-pdp-color--BLACK ui-pdp-size--XSMALL ui-pdp-family--REGULAR\">Con base antideslizante.<\/li>\n<li class=\"ui-vpp-highlighted-specs__features-list-item ui-pdp-color--BLACK ui-pdp-size--XSMALL ui-pdp-family--REGULAR\">Cuchilla resistente de acero inoxidable.<\/li>\n<li class=\"ui-vpp-highlighted-specs__features-list-item ui-pdp-color--BLACK ui-pdp-size--XSMALL ui-pdp-family--REGULAR\">Carga por USB.<\/li>\n<li class=\"ui-vpp-highlighted-specs__features-list-item ui-pdp-color--BLACK ui-pdp-size--XSMALL ui-pdp-family--REGULAR\">Incluye cablecarga.<\/li>\n<\/ul>\n<\/div>\n<\/div>\n<p>&nbsp;<\/p>\n","protected":false},"excerpt":{"rendered":"<p>La Mini Licuadora Port\u00e1til Recargable USB, es el aliado perfecto para tu estilo de vida saludable. Con una capacidad de<\/p>\n","protected":false},"featured_media":10991,"comment_status":"open","ping_status":"closed","template":"","meta":{"_joinchat":[]},"product_cat":[79],"product_tag":[],"class_list":{"0":"post-10990","1":"product","2":"type-product","3":"status-publish","4":"has-post-thumbnail","6":"product_cat-electrodomesticos","8":"first","9":"instock","10":"shipping-taxable","11":"purchasable","12":"product-type-simple"},"jetpack_sharing_enabled":true,"_links":{"self":[{"href":"https:\/\/almacentecno.com.ar\/index.php\/wp-json\/wp\/v2\/product\/10990"}],"collection":[{"href":"https:\/\/almacentecno.com.ar\/index.php\/wp-json\/wp\/v2\/product"}],"about":[{"href":"https:\/\/almacentecno.com.ar\/index.php\/wp-json\/wp\/v2\/types\/product"}],"replies":[{"embeddable":true,"href":"https:\/\/almacentecno.com.ar\/index.php\/wp-json\/wp\/v2\/comments?post=10990"}],"version-history":[{"count":1,"href":"https:\/\/almacentecno.com.ar\/index.php\/wp-json\/wp\/v2\/product\/10990\/revisions"}],"predecessor-version":[{"id":10993,"href":"https:\/\/almacentecno.com.ar\/index.php\/wp-json\/wp\/v2\/product\/10990\/revisions\/10993"}],"wp:featuredmedia":[{"embeddable":true,"href":"https:\/\/almacentecno.com.ar\/index.php\/wp-json\/wp\/v2\/media\/10991"}],"wp:attachment":[{"href":"https:\/\/almacentecno.com.ar\/index.php\/wp-json\/wp\/v2\/media?parent=10990"}],"wp:term":[{"taxonomy":"product_cat","embeddable":true,"href":"https:\/\/almacentecno.com.ar\/index.php\/wp-json\/wp\/v2\/product_cat?post=10990"},{"taxonomy":"product_tag","embeddable":true,"href":"https:\/\/almacentecno.com.ar\/index.php\/wp-json\/wp\/v2\/product_tag?post=10990"}],"curies":[{"name":"wp","href":"https:\/\/api.w.org\/{rel}","templated":true}]}}