{"id":10978,"date":"2025-05-29T19:36:51","date_gmt":"2025-05-29T19:36:51","guid":{"rendered":"https:\/\/almacentecno.com.ar\/?post_type=product&#038;p=10978"},"modified":"2025-12-26T21:55:58","modified_gmt":"2025-12-26T21:55:58","slug":"freidora-de-aire-magiclick-65l","status":"publish","type":"product","link":"https:\/\/almacentecno.com.ar\/index.php\/product\/freidora-de-aire-magiclick-65l\/","title":{"rendered":"Freidora de Aire Dinax 7L"},"content":{"rendered":"<p>FREIDORA DE AIRE DIGITAL<\/p>\n<p>Esta freidora de aire es la soluci\u00f3n perfecta para disfrutar de comidas deliciosas y saludables. Con su pantalla t\u00e1ctil digital, tendr\u00e1s un control total sobre el proceso de cocci\u00f3n. Su superficie antiadherente y la facilidad de limpieza hacen que sea un electrodom\u00e9stico ideal para el uso diario.<\/p>\n<p>Con funciones vers\u00e1tiles como fre\u00edr, asar, hornear y tostar, esta freidora de aire es un aliado indispensable para quienes buscan una alimentaci\u00f3n m\u00e1s saludable sin sacrificar el sabor.<\/p>\n","protected":false},"excerpt":{"rendered":"<p>FREIDORA DE AIRE DIGITAL Esta freidora de aire es la soluci\u00f3n perfecta para disfrutar de comidas deliciosas y saludables. Con<\/p>\n","protected":false},"featured_media":11281,"comment_status":"open","ping_status":"closed","template":"","meta":{"_joinchat":[]},"product_cat":[79],"product_tag":[],"class_list":{"0":"post-10978","1":"product","2":"type-product","3":"status-publish","4":"has-post-thumbnail","6":"product_cat-electrodomesticos","8":"first","9":"instock","10":"shipping-taxable","11":"purchasable","12":"product-type-simple"},"jetpack_sharing_enabled":true,"_links":{"self":[{"href":"https:\/\/almacentecno.com.ar\/index.php\/wp-json\/wp\/v2\/product\/10978"}],"collection":[{"href":"https:\/\/almacentecno.com.ar\/index.php\/wp-json\/wp\/v2\/product"}],"about":[{"href":"https:\/\/almacentecno.com.ar\/index.php\/wp-json\/wp\/v2\/types\/product"}],"replies":[{"embeddable":true,"href":"https:\/\/almacentecno.com.ar\/index.php\/wp-json\/wp\/v2\/comments?post=10978"}],"version-history":[{"count":3,"href":"https:\/\/almacentecno.com.ar\/index.php\/wp-json\/wp\/v2\/product\/10978\/revisions"}],"predecessor-version":[{"id":11285,"href":"https:\/\/almacentecno.com.ar\/index.php\/wp-json\/wp\/v2\/product\/10978\/revisions\/11285"}],"wp:featuredmedia":[{"embeddable":true,"href":"https:\/\/almacentecno.com.ar\/index.php\/wp-json\/wp\/v2\/media\/11281"}],"wp:attachment":[{"href":"https:\/\/almacentecno.com.ar\/index.php\/wp-json\/wp\/v2\/media?parent=10978"}],"wp:term":[{"taxonomy":"product_cat","embeddable":true,"href":"https:\/\/almacentecno.com.ar\/index.php\/wp-json\/wp\/v2\/product_cat?post=10978"},{"taxonomy":"product_tag","embeddable":true,"href":"https:\/\/almacentecno.com.ar\/index.php\/wp-json\/wp\/v2\/product_tag?post=10978"}],"curies":[{"name":"wp","href":"https:\/\/api.w.org\/{rel}","templated":true}]}}