{"id":10859,"date":"2024-11-12T14:02:52","date_gmt":"2024-11-12T14:02:52","guid":{"rendered":"https:\/\/almacentecno.com.ar\/?post_type=product&#038;p=10859"},"modified":"2025-12-26T21:37:35","modified_gmt":"2025-12-26T21:37:35","slug":"ventilador-turbo-20-semi-industrial-50cm-motor-90w-magiclick","status":"publish","type":"product","link":"https:\/\/almacentecno.com.ar\/index.php\/product\/ventilador-turbo-20-semi-industrial-50cm-motor-90w-magiclick\/","title":{"rendered":"Ventilador Turbo 20&#8243; Semi Industrial 50cm Motor 90w Magiclick"},"content":{"rendered":"<p>Ventilador Turbo 20 &#8220;.<br \/>\n\u2022 2 en 1 De Pie y de Pared<br \/>\n\u2022 Grilla de pl\u00e1stico s\u00faper resistente de alto impacto con dise\u00f1o radial<br \/>\n\u2022 Paletas de 5 aspas pl\u00e1sticas<br \/>\n\u2022 Motor reforzado<br \/>\n\u2022 3 velocidades<br \/>\n\u2022 Motor potente de 90 Watts<br \/>\n\u2022 INDUSTRIA NACIONAL<br \/>\n\u2022 COMPACTO (muy f\u00e1cil de transportar)<br \/>\n\u2022 220V &#8211; 50Hz<\/p>\n","protected":false},"excerpt":{"rendered":"<p>Ventilador Turbo 20 &#8220;. \u2022 2 en 1 De Pie y de Pared \u2022 Grilla de pl\u00e1stico s\u00faper resistente de<\/p>\n","protected":false},"featured_media":10862,"comment_status":"open","ping_status":"closed","template":"","meta":{"_joinchat":[]},"product_cat":[79],"product_tag":[],"class_list":{"0":"post-10859","1":"product","2":"type-product","3":"status-publish","4":"has-post-thumbnail","6":"product_cat-electrodomesticos","8":"first","9":"outofstock","10":"shipping-taxable","11":"purchasable","12":"product-type-simple"},"jetpack_sharing_enabled":true,"_links":{"self":[{"href":"https:\/\/almacentecno.com.ar\/index.php\/wp-json\/wp\/v2\/product\/10859"}],"collection":[{"href":"https:\/\/almacentecno.com.ar\/index.php\/wp-json\/wp\/v2\/product"}],"about":[{"href":"https:\/\/almacentecno.com.ar\/index.php\/wp-json\/wp\/v2\/types\/product"}],"replies":[{"embeddable":true,"href":"https:\/\/almacentecno.com.ar\/index.php\/wp-json\/wp\/v2\/comments?post=10859"}],"version-history":[{"count":1,"href":"https:\/\/almacentecno.com.ar\/index.php\/wp-json\/wp\/v2\/product\/10859\/revisions"}],"predecessor-version":[{"id":10863,"href":"https:\/\/almacentecno.com.ar\/index.php\/wp-json\/wp\/v2\/product\/10859\/revisions\/10863"}],"wp:featuredmedia":[{"embeddable":true,"href":"https:\/\/almacentecno.com.ar\/index.php\/wp-json\/wp\/v2\/media\/10862"}],"wp:attachment":[{"href":"https:\/\/almacentecno.com.ar\/index.php\/wp-json\/wp\/v2\/media?parent=10859"}],"wp:term":[{"taxonomy":"product_cat","embeddable":true,"href":"https:\/\/almacentecno.com.ar\/index.php\/wp-json\/wp\/v2\/product_cat?post=10859"},{"taxonomy":"product_tag","embeddable":true,"href":"https:\/\/almacentecno.com.ar\/index.php\/wp-json\/wp\/v2\/product_tag?post=10859"}],"curies":[{"name":"wp","href":"https:\/\/api.w.org\/{rel}","templated":true}]}}