{"id":10851,"date":"2024-11-12T13:38:08","date_gmt":"2024-11-12T13:38:08","guid":{"rendered":"https:\/\/almacentecno.com.ar\/?post_type=product&#038;p=10851"},"modified":"2025-05-13T18:42:32","modified_gmt":"2025-05-13T18:42:32","slug":"cable-adaptador-splitter-audio-3-5mm-mic-auricular","status":"publish","type":"product","link":"https:\/\/almacentecno.com.ar\/index.php\/product\/cable-adaptador-splitter-audio-3-5mm-mic-auricular\/","title":{"rendered":"Cable Adaptador Splitter Audio 3.5mm Mic Auricular"},"content":{"rendered":"<p>Caracter\u00edsticas:<\/p>\n<p>Cable Divisor Adaptador de Auricular y Micr\u00f3fono a un solo conector<\/p>\n<p>APTO PS4, CELULARES Y TABLETS<\/p>\n<p>&#8211; Permite conectar auriculares de PC a XBOX ONE y PS4<br \/>\n&#8211; Permite conectar auriculares de PC a CELULARES y TABLETS<br \/>\n&#8211; Permite usar micr\u00f3fonos de PC con conector 3,5mm en CELULARES<\/p>\n<p>Tambi\u00e9n sirve para trabajos de Radio (AM y FM) para llamados al aire conectando el celular a mixer via CABLE SPLITTER DE AUDIO. El cable splitter tambi\u00e9n permite conectar nuestro celular a un mixer y hacer llamados telef\u00f3nicos al aire, donde el oyente escuche la mezcla de la consola, y nosotros escuchar al oyente a trav\u00e9s de un canal de la consola.<\/p>\n<p>PERMITE UTILIZAR AURICULARES CON MICR\u00d3FONO MULTIMEDIA DE PC EN ESOS DISPOSITIVOS<\/p>\n","protected":false},"excerpt":{"rendered":"<p>Caracter\u00edsticas: Cable Divisor Adaptador de Auricular y Micr\u00f3fono a un solo conector APTO PS4, CELULARES Y TABLETS &#8211; Permite conectar<\/p>\n","protected":false},"featured_media":10854,"comment_status":"open","ping_status":"closed","template":"","meta":{"_joinchat":[]},"product_cat":[20],"product_tag":[],"class_list":{"0":"post-10851","1":"product","2":"type-product","3":"status-publish","4":"has-post-thumbnail","6":"product_cat-auriculares","8":"first","9":"instock","10":"shipping-taxable","11":"purchasable","12":"product-type-simple"},"jetpack_sharing_enabled":true,"_links":{"self":[{"href":"https:\/\/almacentecno.com.ar\/index.php\/wp-json\/wp\/v2\/product\/10851"}],"collection":[{"href":"https:\/\/almacentecno.com.ar\/index.php\/wp-json\/wp\/v2\/product"}],"about":[{"href":"https:\/\/almacentecno.com.ar\/index.php\/wp-json\/wp\/v2\/types\/product"}],"replies":[{"embeddable":true,"href":"https:\/\/almacentecno.com.ar\/index.php\/wp-json\/wp\/v2\/comments?post=10851"}],"version-history":[{"count":1,"href":"https:\/\/almacentecno.com.ar\/index.php\/wp-json\/wp\/v2\/product\/10851\/revisions"}],"predecessor-version":[{"id":10852,"href":"https:\/\/almacentecno.com.ar\/index.php\/wp-json\/wp\/v2\/product\/10851\/revisions\/10852"}],"wp:featuredmedia":[{"embeddable":true,"href":"https:\/\/almacentecno.com.ar\/index.php\/wp-json\/wp\/v2\/media\/10854"}],"wp:attachment":[{"href":"https:\/\/almacentecno.com.ar\/index.php\/wp-json\/wp\/v2\/media?parent=10851"}],"wp:term":[{"taxonomy":"product_cat","embeddable":true,"href":"https:\/\/almacentecno.com.ar\/index.php\/wp-json\/wp\/v2\/product_cat?post=10851"},{"taxonomy":"product_tag","embeddable":true,"href":"https:\/\/almacentecno.com.ar\/index.php\/wp-json\/wp\/v2\/product_tag?post=10851"}],"curies":[{"name":"wp","href":"https:\/\/api.w.org\/{rel}","templated":true}]}}