{"id":10812,"date":"2024-10-28T20:44:45","date_gmt":"2024-10-28T20:44:45","guid":{"rendered":"https:\/\/almacentecno.com.ar\/?post_type=product&#038;p=10812"},"modified":"2025-02-27T17:19:59","modified_gmt":"2025-02-27T17:19:59","slug":"maquina-cortadora-de-pelo-o-barba-8-en-1-recargable-usb-dinax","status":"publish","type":"product","link":"https:\/\/almacentecno.com.ar\/index.php\/product\/maquina-cortadora-de-pelo-o-barba-8-en-1-recargable-usb-dinax\/","title":{"rendered":"Maquina Cortadora De Pelo O Barba 8 En 1 Recargable Usb Dinax"},"content":{"rendered":"<p>CORTADORA DE PELO 8 EN 1 CABEZALES INTERCAMBIABLES<\/p>\n<p>Esta cortadora de pelo posee diversas funciones, corte de pelo, barba, vellos corporales, patillas, el vello de nariz y orejas.<br \/>\nLa cortadora es de f\u00e1cil limpieza, cuchillas de acero inoxidable, uso inal\u00e1mbrico, recargable v\u00eda USB. Incluye cable USB pero NO INCLUYE CARGADOR.<br \/>\nAccesorios incluidos: cepillo de limpieza, aceite lubricante, peines gu\u00eda x5, cable USB y base.<br \/>\n4 Cabezales: de precisi\u00f3n, de dise\u00f1o, de nariz y micro afeitadora.<br \/>\nTiempo de carga: 5 horas.<br \/>\nTiempo de uso: 1 hora.<\/p>\n","protected":false},"excerpt":{"rendered":"<p>CORTADORA DE PELO 8 EN 1 CABEZALES INTERCAMBIABLES Esta cortadora de pelo posee diversas funciones, corte de pelo, barba, vellos<\/p>\n","protected":false},"featured_media":10814,"comment_status":"open","ping_status":"closed","template":"","meta":{"_joinchat":[]},"product_cat":[79],"product_tag":[],"class_list":{"0":"post-10812","1":"product","2":"type-product","3":"status-publish","4":"has-post-thumbnail","6":"product_cat-electrodomesticos","8":"first","9":"outofstock","10":"shipping-taxable","11":"purchasable","12":"product-type-simple"},"jetpack_sharing_enabled":true,"_links":{"self":[{"href":"https:\/\/almacentecno.com.ar\/index.php\/wp-json\/wp\/v2\/product\/10812"}],"collection":[{"href":"https:\/\/almacentecno.com.ar\/index.php\/wp-json\/wp\/v2\/product"}],"about":[{"href":"https:\/\/almacentecno.com.ar\/index.php\/wp-json\/wp\/v2\/types\/product"}],"replies":[{"embeddable":true,"href":"https:\/\/almacentecno.com.ar\/index.php\/wp-json\/wp\/v2\/comments?post=10812"}],"version-history":[{"count":1,"href":"https:\/\/almacentecno.com.ar\/index.php\/wp-json\/wp\/v2\/product\/10812\/revisions"}],"predecessor-version":[{"id":10815,"href":"https:\/\/almacentecno.com.ar\/index.php\/wp-json\/wp\/v2\/product\/10812\/revisions\/10815"}],"wp:featuredmedia":[{"embeddable":true,"href":"https:\/\/almacentecno.com.ar\/index.php\/wp-json\/wp\/v2\/media\/10814"}],"wp:attachment":[{"href":"https:\/\/almacentecno.com.ar\/index.php\/wp-json\/wp\/v2\/media?parent=10812"}],"wp:term":[{"taxonomy":"product_cat","embeddable":true,"href":"https:\/\/almacentecno.com.ar\/index.php\/wp-json\/wp\/v2\/product_cat?post=10812"},{"taxonomy":"product_tag","embeddable":true,"href":"https:\/\/almacentecno.com.ar\/index.php\/wp-json\/wp\/v2\/product_tag?post=10812"}],"curies":[{"name":"wp","href":"https:\/\/api.w.org\/{rel}","templated":true}]}}