{"id":10784,"date":"2024-10-16T14:31:46","date_gmt":"2024-10-16T14:31:46","guid":{"rendered":"https:\/\/almacentecno.com.ar\/?post_type=product&#038;p=10784"},"modified":"2024-10-16T14:31:46","modified_gmt":"2024-10-16T14:31:46","slug":"adaptador-convertidor-senal-rca-av-a-vga-adaptador-usb","status":"publish","type":"product","link":"https:\/\/almacentecno.com.ar\/index.php\/product\/adaptador-convertidor-senal-rca-av-a-vga-adaptador-usb\/","title":{"rendered":"Adaptador Convertidor se\u00f1al  Rca Av a Vga Adaptador USB"},"content":{"rendered":"<p>El MINI conversor de AV2 A Vga convertir\u00e1 cualquier se\u00f1al de A\/V RCA A Vga con Audio.<br \/>\nEs port\u00e1til , liviano, y su alimentaci\u00f3n es por USB.<br \/>\nESPECIFICACIONES<br \/>\nSoporta hasta 1920&#215;1080 60Hz.<br \/>\n&#8211; Dimensiones: 66mm x 55mm x 20 mm<br \/>\n&#8211; Peso: 40g<br \/>\nLA COMPRA INCLUYE<br \/>\n&#8211; 1 Conversor AV2 (RCA) A Vga con audio.<br \/>\n&#8211; 1 Cable USB.<\/p>\n","protected":false},"excerpt":{"rendered":"<p>El MINI conversor de AV2 A Vga convertir\u00e1 cualquier se\u00f1al de A\/V RCA A Vga con Audio. Es port\u00e1til ,<\/p>\n","protected":false},"featured_media":10786,"comment_status":"open","ping_status":"closed","template":"","meta":{"_joinchat":[]},"product_cat":[77,73],"product_tag":[],"class_list":{"0":"post-10784","1":"product","2":"type-product","3":"status-publish","4":"has-post-thumbnail","6":"product_cat-accesorios","7":"product_cat-cables-y-adaptadores","9":"first","10":"instock","11":"shipping-taxable","12":"purchasable","13":"product-type-simple"},"jetpack_sharing_enabled":true,"_links":{"self":[{"href":"https:\/\/almacentecno.com.ar\/index.php\/wp-json\/wp\/v2\/product\/10784"}],"collection":[{"href":"https:\/\/almacentecno.com.ar\/index.php\/wp-json\/wp\/v2\/product"}],"about":[{"href":"https:\/\/almacentecno.com.ar\/index.php\/wp-json\/wp\/v2\/types\/product"}],"replies":[{"embeddable":true,"href":"https:\/\/almacentecno.com.ar\/index.php\/wp-json\/wp\/v2\/comments?post=10784"}],"version-history":[{"count":1,"href":"https:\/\/almacentecno.com.ar\/index.php\/wp-json\/wp\/v2\/product\/10784\/revisions"}],"predecessor-version":[{"id":10787,"href":"https:\/\/almacentecno.com.ar\/index.php\/wp-json\/wp\/v2\/product\/10784\/revisions\/10787"}],"wp:featuredmedia":[{"embeddable":true,"href":"https:\/\/almacentecno.com.ar\/index.php\/wp-json\/wp\/v2\/media\/10786"}],"wp:attachment":[{"href":"https:\/\/almacentecno.com.ar\/index.php\/wp-json\/wp\/v2\/media?parent=10784"}],"wp:term":[{"taxonomy":"product_cat","embeddable":true,"href":"https:\/\/almacentecno.com.ar\/index.php\/wp-json\/wp\/v2\/product_cat?post=10784"},{"taxonomy":"product_tag","embeddable":true,"href":"https:\/\/almacentecno.com.ar\/index.php\/wp-json\/wp\/v2\/product_tag?post=10784"}],"curies":[{"name":"wp","href":"https:\/\/api.w.org\/{rel}","templated":true}]}}