{"id":10729,"date":"2024-10-10T15:53:20","date_gmt":"2024-10-10T15:53:20","guid":{"rendered":"https:\/\/almacentecno.com.ar\/?post_type=product&#038;p=10729"},"modified":"2025-09-15T23:05:37","modified_gmt":"2025-09-15T23:05:37","slug":"lampara-led-parlante-luz-rgb-reloj-bt-cargador-inalambrico-g","status":"publish","type":"product","link":"https:\/\/almacentecno.com.ar\/index.php\/product\/lampara-led-parlante-luz-rgb-reloj-bt-cargador-inalambrico-g\/","title":{"rendered":"Lampara Led Parlante Luz Rgb Bt Inal\u00e1mbrico G"},"content":{"rendered":"<p>Parlante inal\u00e1mbrico Bluetooth<br \/>\nModelo BT-2301<br \/>\nDimensiones 25x24x9cm<br \/>\nPotencia 5w<br \/>\nSalida de audio 5w<br \/>\nColor Blanco<\/p>\n<p>Funciones:<br \/>\n&#8211; Parlante<br \/>\n&#8211; Lampara con luces led RGB<br \/>\n&#8211; Radio FM<\/p>\n<p>&nbsp;<\/p>\n<p>Iluminaci\u00f3n:<br \/>\nEl dispositivo incluye 13 efectos de luz a elecci\u00f3n.<br \/>\nPresione la tecla de luz para iniciar el efecto de l\u00e1mpara y elegir la funci\u00f3n de luz que m\u00e1s desee.<br \/>\nFunci\u00f3n de radio FM:<br \/>\nMantenga presionado la tecla M para usar la funci\u00f3n FM, conecte el cable de carga al dispositivo una interfaz tipo c como antena de radio, el otro extremo no necesita ning\u00fan equipo, a trav\u00e9s de el bot\u00f3n de pausa para ingresar a la estaci\u00f3n de b\u00fasqueda autom\u00e1tica y guardar autom\u00e1ticamente la estaci\u00f3n de radio.Funci\u00f3n tarjeta TF\/Funci\u00f3n de disco U:<br \/>\nAl insertar la tarjeta al dispositivo, indicar\u00e1 que ha sido ingresada correctamente.<br \/>\nel dispositivo leer\u00e1 autom\u00e1ticamente el archivo de audio en la tarjeta y lo reproducir\u00e1.<\/p>\n<p>Funci\u00f3n de musica relajante:<br \/>\nPresione la tecla M para elegir el sonido de preferencia para su ambiente.<\/p>\n<p>Luz ambiental regulable: la luz nocturna tipo G tiene seis modos de color de luz. Despu\u00e9s de activar el modo Bluetooth, el modo se puede ajustar presionando la tecla y tambi\u00e9n latir\u00e1 con el ritmo de la m\u00fasica. Ajusta mejor tu estado de \u00e1nimo y la luz suave puede acompa\u00f1arte a dormir.<\/p>\n","protected":false},"excerpt":{"rendered":"<p>Parlante inal\u00e1mbrico Bluetooth Modelo BT-2301 Dimensiones 25x24x9cm Potencia 5w Salida de audio 5w Color Blanco Funciones: &#8211; Parlante &#8211; Lampara<\/p>\n","protected":false},"featured_media":11106,"comment_status":"open","ping_status":"closed","template":"","meta":{"_joinchat":[]},"product_cat":[76,78],"product_tag":[],"class_list":{"0":"post-10729","1":"product","2":"type-product","3":"status-publish","4":"has-post-thumbnail","6":"product_cat-cargadores","7":"product_cat-equipos-de-sonido","9":"first","10":"instock","11":"shipping-taxable","12":"purchasable","13":"product-type-simple"},"jetpack_sharing_enabled":true,"_links":{"self":[{"href":"https:\/\/almacentecno.com.ar\/index.php\/wp-json\/wp\/v2\/product\/10729"}],"collection":[{"href":"https:\/\/almacentecno.com.ar\/index.php\/wp-json\/wp\/v2\/product"}],"about":[{"href":"https:\/\/almacentecno.com.ar\/index.php\/wp-json\/wp\/v2\/types\/product"}],"replies":[{"embeddable":true,"href":"https:\/\/almacentecno.com.ar\/index.php\/wp-json\/wp\/v2\/comments?post=10729"}],"version-history":[{"count":3,"href":"https:\/\/almacentecno.com.ar\/index.php\/wp-json\/wp\/v2\/product\/10729\/revisions"}],"predecessor-version":[{"id":11107,"href":"https:\/\/almacentecno.com.ar\/index.php\/wp-json\/wp\/v2\/product\/10729\/revisions\/11107"}],"wp:featuredmedia":[{"embeddable":true,"href":"https:\/\/almacentecno.com.ar\/index.php\/wp-json\/wp\/v2\/media\/11106"}],"wp:attachment":[{"href":"https:\/\/almacentecno.com.ar\/index.php\/wp-json\/wp\/v2\/media?parent=10729"}],"wp:term":[{"taxonomy":"product_cat","embeddable":true,"href":"https:\/\/almacentecno.com.ar\/index.php\/wp-json\/wp\/v2\/product_cat?post=10729"},{"taxonomy":"product_tag","embeddable":true,"href":"https:\/\/almacentecno.com.ar\/index.php\/wp-json\/wp\/v2\/product_tag?post=10729"}],"curies":[{"name":"wp","href":"https:\/\/api.w.org\/{rel}","templated":true}]}}