{"id":10590,"date":"2024-04-30T00:16:58","date_gmt":"2024-04-30T00:16:58","guid":{"rendered":"https:\/\/almacentecno.com.ar\/?post_type=product&#038;p=10590"},"modified":"2026-02-20T20:53:24","modified_gmt":"2026-02-20T20:53:24","slug":"linterna-tactica-led-mini-metal-recargable-usb-3-modo-de-luz","status":"publish","type":"product","link":"https:\/\/almacentecno.com.ar\/index.php\/product\/linterna-tactica-led-mini-metal-recargable-usb-3-modo-de-luz\/","title":{"rendered":"Linterna T\u00e1ctica Led Mini Recargable Usb 3 Modo De Luz"},"content":{"rendered":"<p>LINTERNA LED DE METAL CON 3 MODOS DE ILUMINACI\u00d3N<\/p>\n<p>Caracter\u00edsticas:<br \/>\n&#8211; Bater\u00eda recargable mediante USB.<br \/>\n&#8211; Cuenta con 3 modos de iluminaci\u00f3n LED.<br \/>\n&#8211; Incluye estuche de pl\u00e1stico.<br \/>\n&#8211; Dise\u00f1o peque\u00f1o y port\u00e1til.<\/p>\n","protected":false},"excerpt":{"rendered":"<p>LINTERNA LED DE METAL CON 3 MODOS DE ILUMINACI\u00d3N Caracter\u00edsticas: &#8211; Bater\u00eda recargable mediante USB. &#8211; Cuenta con 3 modos<\/p>\n","protected":false},"featured_media":10591,"comment_status":"open","ping_status":"closed","template":"","meta":{"_joinchat":[]},"product_cat":[77,42],"product_tag":[],"class_list":{"0":"post-10590","1":"product","2":"type-product","3":"status-publish","4":"has-post-thumbnail","6":"product_cat-accesorios","7":"product_cat-iluminacion","9":"first","10":"instock","11":"shipping-taxable","12":"purchasable","13":"product-type-simple"},"jetpack_sharing_enabled":true,"_links":{"self":[{"href":"https:\/\/almacentecno.com.ar\/index.php\/wp-json\/wp\/v2\/product\/10590"}],"collection":[{"href":"https:\/\/almacentecno.com.ar\/index.php\/wp-json\/wp\/v2\/product"}],"about":[{"href":"https:\/\/almacentecno.com.ar\/index.php\/wp-json\/wp\/v2\/types\/product"}],"replies":[{"embeddable":true,"href":"https:\/\/almacentecno.com.ar\/index.php\/wp-json\/wp\/v2\/comments?post=10590"}],"version-history":[{"count":3,"href":"https:\/\/almacentecno.com.ar\/index.php\/wp-json\/wp\/v2\/product\/10590\/revisions"}],"predecessor-version":[{"id":11323,"href":"https:\/\/almacentecno.com.ar\/index.php\/wp-json\/wp\/v2\/product\/10590\/revisions\/11323"}],"wp:featuredmedia":[{"embeddable":true,"href":"https:\/\/almacentecno.com.ar\/index.php\/wp-json\/wp\/v2\/media\/10591"}],"wp:attachment":[{"href":"https:\/\/almacentecno.com.ar\/index.php\/wp-json\/wp\/v2\/media?parent=10590"}],"wp:term":[{"taxonomy":"product_cat","embeddable":true,"href":"https:\/\/almacentecno.com.ar\/index.php\/wp-json\/wp\/v2\/product_cat?post=10590"},{"taxonomy":"product_tag","embeddable":true,"href":"https:\/\/almacentecno.com.ar\/index.php\/wp-json\/wp\/v2\/product_tag?post=10590"}],"curies":[{"name":"wp","href":"https:\/\/api.w.org\/{rel}","templated":true}]}}