{"id":10585,"date":"2024-04-29T23:30:59","date_gmt":"2024-04-29T23:30:59","guid":{"rendered":"https:\/\/almacentecno.com.ar\/?post_type=product&#038;p=10585"},"modified":"2025-07-08T23:09:35","modified_gmt":"2025-07-08T23:09:35","slug":"estufa-2-velas-dinax-color-blanco","status":"publish","type":"product","link":"https:\/\/almacentecno.com.ar\/index.php\/product\/estufa-2-velas-dinax-color-blanco\/","title":{"rendered":"Estufa 2 Velas Color Blanco"},"content":{"rendered":"<p>\u00bfEst\u00e1s buscando calefaccionar ambientes peque\u00f1os?<\/p>\n<p>Mantener la temperatura de tus espacios durante el invierno ya no es un problema.<\/p>\n<p>El calefactor el\u00e9ctrico te permite disfrutar de tu hogar durante todo el a\u00f1o, de una manera m\u00e1s pr\u00e1ctica y sencilla.<\/p>\n<p>POTENCIA: 800W<\/p>\n","protected":false},"excerpt":{"rendered":"<p>\u00bfEst\u00e1s buscando calefaccionar ambientes peque\u00f1os? Mantener la temperatura de tus espacios durante el invierno ya no es un problema. El<\/p>\n","protected":false},"featured_media":10587,"comment_status":"open","ping_status":"closed","template":"","meta":{"_joinchat":[]},"product_cat":[79],"product_tag":[],"class_list":{"0":"post-10585","1":"product","2":"type-product","3":"status-publish","4":"has-post-thumbnail","6":"product_cat-electrodomesticos","8":"first","9":"instock","10":"shipping-taxable","11":"purchasable","12":"product-type-simple"},"jetpack_sharing_enabled":true,"_links":{"self":[{"href":"https:\/\/almacentecno.com.ar\/index.php\/wp-json\/wp\/v2\/product\/10585"}],"collection":[{"href":"https:\/\/almacentecno.com.ar\/index.php\/wp-json\/wp\/v2\/product"}],"about":[{"href":"https:\/\/almacentecno.com.ar\/index.php\/wp-json\/wp\/v2\/types\/product"}],"replies":[{"embeddable":true,"href":"https:\/\/almacentecno.com.ar\/index.php\/wp-json\/wp\/v2\/comments?post=10585"}],"version-history":[{"count":3,"href":"https:\/\/almacentecno.com.ar\/index.php\/wp-json\/wp\/v2\/product\/10585\/revisions"}],"predecessor-version":[{"id":11047,"href":"https:\/\/almacentecno.com.ar\/index.php\/wp-json\/wp\/v2\/product\/10585\/revisions\/11047"}],"wp:featuredmedia":[{"embeddable":true,"href":"https:\/\/almacentecno.com.ar\/index.php\/wp-json\/wp\/v2\/media\/10587"}],"wp:attachment":[{"href":"https:\/\/almacentecno.com.ar\/index.php\/wp-json\/wp\/v2\/media?parent=10585"}],"wp:term":[{"taxonomy":"product_cat","embeddable":true,"href":"https:\/\/almacentecno.com.ar\/index.php\/wp-json\/wp\/v2\/product_cat?post=10585"},{"taxonomy":"product_tag","embeddable":true,"href":"https:\/\/almacentecno.com.ar\/index.php\/wp-json\/wp\/v2\/product_tag?post=10585"}],"curies":[{"name":"wp","href":"https:\/\/api.w.org\/{rel}","templated":true}]}}