{"id":10550,"date":"2024-04-10T15:12:38","date_gmt":"2024-04-10T15:12:38","guid":{"rendered":"https:\/\/almacentecno.com.ar\/?post_type=product&#038;p=10550"},"modified":"2025-01-07T23:10:05","modified_gmt":"2025-01-07T23:10:05","slug":"camara-exterior-resistente-lluvia-ip-wifi-hd-720-hd-p2p-vision-nocturna","status":"publish","type":"product","link":"https:\/\/almacentecno.com.ar\/index.php\/product\/camara-exterior-resistente-lluvia-ip-wifi-hd-720-hd-p2p-vision-nocturna\/","title":{"rendered":"Camara Exterior Resistente Lluvia Ip Wifi Hd 720 Hd P2p Visi\u00f3n Nocturna"},"content":{"rendered":"<p>C\u00e1mara de Seguridad IP Exterior resistente al agua, con clasificaci\u00f3n IP65, conexi\u00f3n WiFi y sensor infrarrojo para visi\u00f3n nocturna. Alertas mediante aplicaci\u00f3n m\u00f3vil y compatible con lluvia.<\/p>\n<p>Caracter\u00edsticas:<br \/>\n&#8211; Lente de 3,6mm CMOS \u00bc con \u00e1ngulo de visi\u00f3n de 75\u00b0.<br \/>\n&#8211; Dimensiones: 17 x 6 cm (Largo x Ancho).<br \/>\n&#8211; Distancia focal efectiva de 2.5 metros.<br \/>\n&#8211; Alcance de visi\u00f3n infrarroja de hasta 20 metros.<br \/>\n&#8211; Ranura para memoria microSD de hasta 64GB.<br \/>\n&#8211; Aplicaci\u00f3n compatible: V380 PRO.<br \/>\n&#8211; Certificaci\u00f3n: BVA\/E\/0299-19 por Bureau Veritas.<\/p>\n<p>Detalles t\u00e9cnicos:<br \/>\n&#8211; Se recomienda ubicar la c\u00e1mara dentro del alcance de la red WiFi con se\u00f1al superior al 40%.<br \/>\n&#8211; Conexi\u00f3n a internet sugerida superior a 50mbps.<br \/>\n&#8211; La red WiFi debe operar en la frecuencia 2.4Ghz y estar protegida bajo protocolos WEP o WPA\/WPA2.<\/p>\n<p>Preguntas frecuentes:<br \/>\n&#8211; Compatibilidad con memorias microSD de hasta 64Gb, preferentemente Clase 4 o 10.<br \/>\n&#8211; Ranura para memoria ubicada debajo del cabezal de la c\u00e1mara.<br \/>\n&#8211; Visualizaci\u00f3n posible por un solo dispositivo a la vez.<br \/>\n&#8211; Sin zoom \u00f3ptico.<br \/>\n&#8211; Capacidad de grabaci\u00f3n de 4 a 6 d\u00edas en una memoria de 64Gb, grabando continuamente.<br \/>\n&#8211; Posibilidad de conexi\u00f3n a redes m\u00f3viles, sujeta a la calidad del dispositivo proporcionado por el operador.<br \/>\n&#8211; Al llenarse la memoria microSD, la c\u00e1mara sobrescribe la grabaci\u00f3n m\u00e1s antigua.<br \/>\n&#8211; Cada segmento de grabaci\u00f3n dura 10 minutos y es necesario esperar su finalizaci\u00f3n para visualizarlos.<\/p>\n<p>&nbsp;<\/p>\n","protected":false},"excerpt":{"rendered":"<p>C\u00e1mara de Seguridad IP Exterior resistente al agua, con clasificaci\u00f3n IP65, conexi\u00f3n WiFi y sensor infrarrojo para visi\u00f3n nocturna. Alertas<\/p>\n","protected":false},"featured_media":10552,"comment_status":"open","ping_status":"closed","template":"","meta":{"_joinchat":[]},"product_cat":[80],"product_tag":[],"class_list":{"0":"post-10550","1":"product","2":"type-product","3":"status-publish","4":"has-post-thumbnail","6":"product_cat-camaras","8":"first","9":"outofstock","10":"shipping-taxable","11":"purchasable","12":"product-type-simple"},"jetpack_sharing_enabled":true,"_links":{"self":[{"href":"https:\/\/almacentecno.com.ar\/index.php\/wp-json\/wp\/v2\/product\/10550"}],"collection":[{"href":"https:\/\/almacentecno.com.ar\/index.php\/wp-json\/wp\/v2\/product"}],"about":[{"href":"https:\/\/almacentecno.com.ar\/index.php\/wp-json\/wp\/v2\/types\/product"}],"replies":[{"embeddable":true,"href":"https:\/\/almacentecno.com.ar\/index.php\/wp-json\/wp\/v2\/comments?post=10550"}],"version-history":[{"count":1,"href":"https:\/\/almacentecno.com.ar\/index.php\/wp-json\/wp\/v2\/product\/10550\/revisions"}],"predecessor-version":[{"id":10555,"href":"https:\/\/almacentecno.com.ar\/index.php\/wp-json\/wp\/v2\/product\/10550\/revisions\/10555"}],"wp:featuredmedia":[{"embeddable":true,"href":"https:\/\/almacentecno.com.ar\/index.php\/wp-json\/wp\/v2\/media\/10552"}],"wp:attachment":[{"href":"https:\/\/almacentecno.com.ar\/index.php\/wp-json\/wp\/v2\/media?parent=10550"}],"wp:term":[{"taxonomy":"product_cat","embeddable":true,"href":"https:\/\/almacentecno.com.ar\/index.php\/wp-json\/wp\/v2\/product_cat?post=10550"},{"taxonomy":"product_tag","embeddable":true,"href":"https:\/\/almacentecno.com.ar\/index.php\/wp-json\/wp\/v2\/product_tag?post=10550"}],"curies":[{"name":"wp","href":"https:\/\/api.w.org\/{rel}","templated":true}]}}